{"id":27470,"date":"2023-04-28T15:43:00","date_gmt":"2023-04-28T13:43:00","guid":{"rendered":"http:\/\/onlybestminers.com\/kontakt\/"},"modified":"2025-12-01T11:08:36","modified_gmt":"2025-12-01T10:08:36","slug":"kontakt","status":"publish","type":"page","link":"https:\/\/onlybestminers.com\/cs\/kontakt\/","title":{"rendered":"Kontakt"},"content":{"rendered":"<div class=\"wpb-content-wrapper\"><p>[vc_row][vc_column width=&#8221;1\/2&#8243;][vc_column_text css=&#8221;&#8221;]<\/p>\n<h2 class=\"contact-page-title\">S\u00eddlo spole\u010dnosti ve Var\u0161av\u011b\/ prodejna pap\u00edrnictv\u00ed<\/h2>\n<ul>\n<li>OnlyBestMiners &#8211; oper\u00e1tor<\/li>\n<li>ul. Modli\u0144ska 310\/312 local 201<\/li>\n<li>03-152 Var\u0161ava<\/li>\n<\/ul>\n<p>[\/vc_column_text][vc_column_text css=&#8221;&#8221;]<\/p>\n<h2 class=\"contact-page-title\">Otev\u00edrac\u00ed doba:<\/h2>\n<ul>\n<li><span class=\"day\">Po-P\u00e1, 8:30-16:30 hod.<\/span><\/li>\n<\/ul>\n<p>[\/vc_column_text][vc_column_text]<\/p>\n<h2>Kontakt<\/h2>\n<p><i class=\"fas fa-phone\"><\/i> <a href=\"tel:+48223500036\">+48 22 35 000 36<\/a><\/p>\n<p><i class=\"fas fa-envelope\"><\/i> <a href=\"mailto:kontakt@onlybestminers.pl\">kontakt@onlybestminers.pl<\/a><\/p>\n<p><i class=\"fab fa-whatsapp\"><\/i> <a href=\"https:\/\/wa.me\/+48690160151\" target=\"_blank\" rel=\"noopener noreferrer\">+48 690 160 151<\/a><\/p>\n<p><i class=\"fab fa-telegram\"><\/i> <a href=\"https:\/\/telegram.me\/onlybestminers\" target=\"_blank\" rel=\"noopener noreferrer\">@onlybestminers<\/a>[\/vc_column_text][\/vc_column][vc_column width=&#8221;1\/2&#8243;][vc_column_text]<\/p>\n<h2 class=\"contact-page-title\">Na\u0161e kancel\u00e1\u0159<\/h2>\n<div id=\"gtx-trans\" style=\"position: absolute; left: -87px; top: -8.8px;\">\n<div class=\"gtx-trans-icon\"><\/div>\n<\/div>\n<p>[\/vc_column_text][vc_single_image image=&#8221;30859&#8243; img_size=&#8221;full&#8221;][\/vc_column][\/vc_row][vc_row][vc_column offset=&#8221;vc_hidden-lg vc_hidden-md vc_hidden-sm vc_hidden-xs&#8221;][vc_column_text]<\/p>\n<h2 class=\"contact-page-title\">Kontaktn\u00ed formul\u00e1\u0159<\/h2>\n<p>M\u00e1te dotazy? Promluvme si![\/vc_column_text][\/vc_column][\/vc_row][vc_row][vc_column][vc_gmaps link=&#8221;#E-8_JTNDaWZyYW1lJTIwc3JjJTNEJTIyaHR0cHMlM0ElMkYlMkZ3d3cuZ29vZ2xlLmNvbSUyRm1hcHMlMkZlbWJlZCUzRnBiJTNEJTIxMW0xOCUyMTFtMTIlMjExbTMlMjExZDI0MzcuNDUzOTE2NDY5MTE3MyUyMTJkMjAuOTQ5ODA2MTEyNTUxNzUlMjEzZDUyLjM0NDA1MjE0OTEyNDMxNiUyMTJtMyUyMTFmMCUyMTJmMCUyMTNmMCUyMTNtMiUyMTFpMTAyNCUyMTJpNzY4JTIxNGYxMy4xJTIxM20zJTIxMW0yJTIxMXMweDQ3MWVjODM2OTE1ZDAwMDElMjUzQTB4ZDRmZWZkNzcxOTNlZTZmMCUyMTJzTW9kbGklMjVDNSUyNTg0c2thJTI1MjAzMTAlMjUyRjMxMiUyNTIwbG9rYWwlMjUyMDIwMSUyNTJDJTI1MjAwMy0xNTMlMjUyMFdhcnN6YXdhJTIxNWUwJTIxM20yJTIxMXNwbCUyMTJzcGwlMjE0djE3NjQ1ODM0MTQwNTklMjE1bTIlMjExc3BsJTIxMnNwbCUyMiUyMHdpZHRoJTNEJTIyNjAwJTIyJTIwaGVpZ2h0JTNEJTIyNDUwJTIyJTIwc3R5bGUlM0QlMjJib3JkZXIlM0EwJTNCJTIyJTIwYWxsb3dmdWxsc2NyZWVuJTNEJTIyJTIyJTIwbG9hZGluZyUzRCUyMmxhenklMjIlMjByZWZlcnJlcnBvbGljeSUzRCUyMm5vLXJlZmVycmVyLXdoZW4tZG93bmdyYWRlJTIyJTNFJTNDJTJGaWZyYW1lJTNF&#8221; size=&#8221;&#8221; css=&#8221;&#8221;][\/vc_column][\/vc_row]<\/p>\n<\/div>","protected":false},"excerpt":{"rendered":"<p>[vc_row][vc_column width=&#8221;1\/2&#8243;][vc_column_text css=&#8221;&#8221;] S\u00eddlo spole\u010dnosti ve Var\u0161av\u011b\/ prodejna pap\u00edrnictv\u00ed OnlyBestMiners &#8211; oper\u00e1tor ul. Modli\u0144ska 310\/312 local 201 03-152 Var\u0161ava [\/vc_column_text][vc_column_text css=&#8221;&#8221;] Otev\u00edrac\u00ed doba: Po-P\u00e1, 8:30-16:30 hod. [\/vc_column_text][vc_column_text] Kontakt +48 22<\/p>\n","protected":false},"author":1,"featured_media":0,"parent":0,"menu_order":0,"comment_status":"closed","ping_status":"closed","template":"","meta":{"_acf_changed":false,"footnotes":""},"class_list":["post-27470","page","type-page","status-publish","hentry"],"acf":[],"_links":{"self":[{"href":"https:\/\/onlybestminers.com\/cs\/wp-json\/wp\/v2\/pages\/27470","targetHints":{"allow":["GET"]}}],"collection":[{"href":"https:\/\/onlybestminers.com\/cs\/wp-json\/wp\/v2\/pages"}],"about":[{"href":"https:\/\/onlybestminers.com\/cs\/wp-json\/wp\/v2\/types\/page"}],"author":[{"embeddable":true,"href":"https:\/\/onlybestminers.com\/cs\/wp-json\/wp\/v2\/users\/1"}],"replies":[{"embeddable":true,"href":"https:\/\/onlybestminers.com\/cs\/wp-json\/wp\/v2\/comments?post=27470"}],"version-history":[{"count":15,"href":"https:\/\/onlybestminers.com\/cs\/wp-json\/wp\/v2\/pages\/27470\/revisions"}],"predecessor-version":[{"id":35588,"href":"https:\/\/onlybestminers.com\/cs\/wp-json\/wp\/v2\/pages\/27470\/revisions\/35588"}],"wp:attachment":[{"href":"https:\/\/onlybestminers.com\/cs\/wp-json\/wp\/v2\/media?parent=27470"}],"curies":[{"name":"wp","href":"https:\/\/api.w.org\/{rel}","templated":true}]}}