{"id":28195,"date":"2023-02-21T23:05:03","date_gmt":"2023-02-21T22:05:03","guid":{"rendered":"http:\/\/onlybestminers.com\/sluzba-cryptocurrency-digger\/"},"modified":"2024-06-20T13:09:26","modified_gmt":"2024-06-20T11:09:26","slug":"sluzba-cryptocurrency-digger","status":"publish","type":"page","link":"https:\/\/onlybestminers.com\/cs\/sluzba-cryptocurrency-digger\/","title":{"rendered":"Slu\u017eba Cryptocurrency Digger"},"content":{"rendered":"<div class=\"wpb-content-wrapper\"><p>[vc_row full_width=&#8221;stretch_row_content_no_spaces&#8221; full_height=&#8221;yes&#8221; css=&#8221;.vc_custom_1677018155555{background-image: url(http:\/\/onlybestminers.com\/wp-content\/uploads\/2024\/02\/cover-serwis.png) !important;background-position: center !important;background-repeat: no-repeat !important;background-size: cover !important;}&#8221;][vc_column][\/vc_column][\/vc_row][vc_row][vc_column][vc_custom_heading text=&#8221;Z\u00e1ru\u010dn\u00ed a poz\u00e1ru\u010dn\u00ed servis pro servery ASIC a GPU&#8221; font_container=&#8221;tag:h2|font_size:3em|text_align:center|color:%230079ce&#8221; google_fonts=&#8221;font_family:Roboto%3A100%2C100italic%2C300%2C300italic%2Cregular%2Citalic%2C500%2C500italic%2C700%2C700italic%2C900%2C900italic|font_style:900%20bold%20regular%3A900%3Anormal&#8221;][vc_custom_heading text=&#8221;S OHLEDEM NA NA\u0160E Z\u00c1KAZN\u00cdKY&#8221; font_container=&#8221;tag:h3|font_size:1.5em|text_align:center|color:%23303030&#8243; google_fonts=&#8221;font_family:Roboto%3A100%2C100italic%2C300%2C300italic%2Cregular%2Citalic%2C500%2C500italic%2C700%2C700italic%2C900%2C900italic|font_style:900%20bold%20regular%3A900%3Anormal&#8221;][vc_empty_space height=&#8221;28px&#8221;][vc_column_text css=&#8221;.vc_custom_1708434347808{margin-top: 2% !important;}&#8221;]<\/p>\n<p style=\"text-align: center; font-size: 1.2em;\">Jsme t\u00fdm v\u00e1\u0161niv\u00fdch kop\u00e1\u010d\u016f kryptom\u011bn. T\u00e9matu kop\u00e1n\u00ed kryptom\u011bn na GPU a ASIC se v\u011bnujeme od roku 2016. Poskytujeme poradensk\u00e9 a oprav\u00e1rensk\u00e9 slu\u017eby a \u0161kolen\u00ed pro GPU a ASIC stroje. Pokud m\u00e1te probl\u00e9m se sv\u00fdmi rypadly, jsme schopni v\u00e1m pomoci na d\u00e1lku, p\u0159\u00edmo na m\u00edst\u011b v na\u0161ich prostor\u00e1ch.<\/p>\n<p>[\/vc_column_text][\/vc_column][\/vc_row][vc_row][vc_column][vc_separator color=&#8221;custom&#8221;][\/vc_column][\/vc_row][vc_row][vc_column][vc_custom_heading text=&#8221;Cen\u00edk z\u00e1kladn\u00edch slu\u017eeb&#8221; font_container=&#8221;tag:h2|font_size:3em|text_align:center|color:%230a0a0a|line_height:55px&#8221; google_fonts=&#8221;font_family:Roboto%3A100%2C100italic%2C300%2C300italic%2Cregular%2Citalic%2C500%2C500italic%2C700%2C700italic%2C900%2C900italic|font_style:700%20bold%20regular%3A700%3Anormal&#8221;][vc_empty_space height=&#8221;40px&#8221;][vc_row_inner][vc_column_inner width=&#8221;1\/6&#8243; offset=&#8221;vc_col-xs-4&#8243;][vc_icon icon_fontawesome=&#8221;fa fa-desktop&#8221; background_style=&#8221;rounded-outline&#8221; background_color=&#8221;custom&#8221; align=&#8221;right&#8221; custom_background_color=&#8221;#e6edfa&#8221;][\/vc_column_inner][vc_column_inner width=&#8221;1\/3&#8243; offset=&#8221;vc_col-xs-8&#8243;][vc_column_text]<\/p>\n<h4 style=\"font-weight: 600; font-size: 1.7em; line-height: 35px;\">Servisn\u00ed diagnostika (120 PLN)<\/h4>\n<p>Posoud\u00edme a zanalyzujeme technick\u00fd stav za\u0159\u00edzen\u00ed. Zkontrolujeme, kde probl\u00e9m vznikl.[\/vc_column_text][\/vc_column_inner][vc_column_inner width=&#8221;1\/6&#8243; offset=&#8221;vc_col-xs-4&#8243;][vc_icon icon_fontawesome=&#8221;fa fa-line-chart&#8221; background_style=&#8221;rounded-outline&#8221; background_color=&#8221;custom&#8221; align=&#8221;right&#8221; custom_background_color=&#8221;#e6edfa&#8221;][\/vc_column_inner][vc_column_inner width=&#8221;1\/3&#8243; offset=&#8221;vc_col-xs-8&#8243;][vc_column_text]<\/p>\n<h4 style=\"font-weight: 600; font-size: 1.7em; line-height: 35px;\">Zm\u011bna softwaru, p\u0159etaktov\u00e1n\u00ed\/sn\u00ed\u017een\u00ed taktu, (\u00a350)<\/h4>\n<p>Pokud m\u00e1te star\u00fd software nebo se s n\u00edm n\u011bco stalo. Oprav\u00edme to! Nebo se chcete pustit do p\u0159etaktov\u00e1n\u00ed?[\/vc_column_text][\/vc_column_inner][\/vc_row_inner][vc_row_inner][vc_column_inner width=&#8221;1\/6&#8243; offset=&#8221;vc_col-xs-4&#8243;][vc_icon icon_fontawesome=&#8221;fa fa-plug&#8221; background_style=&#8221;rounded-outline&#8221; background_color=&#8221;custom&#8221; align=&#8221;right&#8221; custom_background_color=&#8221;#e6edfa&#8221;][\/vc_column_inner][vc_column_inner width=&#8221;1\/3&#8243; offset=&#8221;vc_col-xs-8&#8243;][vc_column_text]<\/p>\n<h4 style=\"font-weight: 600; font-size: 1.7em; line-height: 35px;\">V\u00fdm\u011bna nap\u00e1jec\u00edho zdroje (110 GBP)<\/h4>\n<p>Bitmain APW12, IceRiver KS series, Whatsminer, iBelink, iPollo, Jasminer X4\/X16[\/vc_column_text][\/vc_column_inner][vc_column_inner width=&#8221;1\/6&#8243; offset=&#8221;vc_col-xs-4&#8243;][vc_icon icon_fontawesome=&#8221;fas fa-gamepad&#8221; background_style=&#8221;rounded-outline&#8221; background_color=&#8221;custom&#8221; align=&#8221;right&#8221; custom_background_color=&#8221;#e6edfa&#8221;][\/vc_column_inner][vc_column_inner width=&#8221;1\/3&#8243; offset=&#8221;vc_col-xs-8&#8243;][vc_column_text]<\/p>\n<h4 style=\"font-weight: 600; font-size: 1.7em; line-height: 35px;\">V\u00fdm\u011bna ovl\u00e1dac\u00edho panelu (PLN 110)<\/h4>\n<p>Bitmain, IceRiver, Whatsminer, iBelink, iPollo, Jasminer X4-X16[\/vc_column_text][\/vc_column_inner][\/vc_row_inner][vc_row_inner][vc_column_inner width=&#8221;1\/6&#8243; offset=&#8221;vc_col-xs-4&#8243;][vc_icon icon_fontawesome=&#8221;fas fa-wind&#8221; background_style=&#8221;rounded-outline&#8221; background_color=&#8221;custom&#8221; align=&#8221;right&#8221; custom_background_color=&#8221;#e6edfa&#8221;][\/vc_column_inner][vc_column_inner width=&#8221;1\/3&#8243; offset=&#8221;vc_col-xs-8&#8243;][vc_column_text]<\/p>\n<h4 style=\"font-weight: 600; font-size: 1.7em; line-height: 35px;\">V\u00fdm\u011bna ventil\u00e1toru (30 PLN)<\/h4>\n<p>Bitmain, Whatsminer, IceRiver, iBelink, iPollo[\/vc_column_text][\/vc_column_inner][vc_column_inner width=&#8221;1\/6&#8243; offset=&#8221;vc_col-xs-4&#8243;][vc_icon icon_fontawesome=&#8221;fa fa-bolt&#8221; background_style=&#8221;rounded-outline&#8221; background_color=&#8221;custom&#8221; align=&#8221;right&#8221; custom_background_color=&#8221;#e6edfa&#8221;][\/vc_column_inner][vc_column_inner width=&#8221;1\/3&#8243; offset=&#8221;vc_col-xs-8&#8243;][vc_column_text]<\/p>\n<h4 style=\"font-weight: 600; font-size: 1.7em; line-height: 35px;\">Oprava elektronick\u00e9 desky Hashboard (od 1 000 GBP)<\/h4>\n<p>oprava hash desky[\/vc_column_text][\/vc_column_inner][\/vc_row_inner][vc_row_inner][vc_column_inner width=&#8221;1\/6&#8243; offset=&#8221;vc_col-xs-4&#8243;][vc_icon icon_fontawesome=&#8221;fas fa-exchange-alt&#8221; background_style=&#8221;rounded-outline&#8221; background_color=&#8221;custom&#8221; align=&#8221;right&#8221; custom_background_color=&#8221;#e6edfa&#8221;][\/vc_column_inner][vc_column_inner width=&#8221;1\/3&#8243; offset=&#8221;vc_col-xs-8&#8243;][vc_column_text]<\/p>\n<h4 style=\"font-weight: 600; font-size: 1.7em; line-height: 35px;\">V\u00fdm\u011bna term\u00e1ln\u00edch past (od 350 do 900 liber)<\/h4>\n<p>V\u00fdm\u011bna past v\u010detn\u011b \u010di\u0161t\u011bn\u00ed[\/vc_column_text][\/vc_column_inner][vc_column_inner width=&#8221;1\/6&#8243; offset=&#8221;vc_col-xs-4&#8243;][vc_icon icon_fontawesome=&#8221;fas fa-download&#8221; background_style=&#8221;rounded-outline&#8221; background_color=&#8221;custom&#8221; align=&#8221;right&#8221; custom_background_color=&#8221;#e6edfa&#8221;][\/vc_column_inner][vc_column_inner width=&#8221;1\/3&#8243; offset=&#8221;vc_col-xs-8&#8243;][vc_column_text]<\/p>\n<h4 style=\"font-weight: 600; font-size: 1.7em; line-height: 35px;\">P\u0159\u00edprava stroje na pono\u0159en\u00ed (od 2 000 K\u010d)<\/h4>\n<p>Ponorn\u00e9 chlazen\u00ed[\/vc_column_text][\/vc_column_inner][\/vc_row_inner][\/vc_column][\/vc_row][vc_row][vc_column][vc_separator color=&#8221;custom&#8221;][\/vc_column][\/vc_row][vc_row][vc_column][vc_column_text]<\/p>\n<p style=\"text-align: center;\"><span style=\"font-size: 24pt;\"><strong>JAK V\u00c1M M\u016e\u017dEME POMOCI?<\/strong><\/span><\/p>\n<h3 style=\"text-align: center;\"><span style=\"font-size: 12pt;\">Efektivn\u011b \u0159e\u0161\u00edme <strong>100 %<\/strong> probl\u00e9m\u016f!<\/span><\/h3>\n<p>[\/vc_column_text][\/vc_column][\/vc_row][vc_row full_width=&#8221;stretch_row&#8221; equal_height=&#8221;yes&#8221; css=&#8221;.vc_custom_1676465246695{margin-top: 5% !important;}&#8221;][vc_column width=&#8221;1\/3&#8243;][vc_single_image image=&#8221;29671&#8243; img_size=&#8221;medium&#8221; alignment=&#8221;center&#8221;][vc_custom_heading text=&#8221;OPRAVA&#8221; font_container=&#8221;tag:h4|font_size:1.2em|text_align:center|color:%230079ce&#8221; google_fonts=&#8221;font_family:Roboto%3A100%2C100italic%2C300%2C300italic%2Cregular%2Citalic%2C500%2C500italic%2C700%2C700italic%2C900%2C900italic|font_style:900%20bold%20regular%3A900%3Anormal&#8221;][vc_column_text css=&#8221;.vc_custom_1708356619244{margin-top: 3% !important;margin-bottom: 3% !important;}&#8221;]<\/p>\n<p style=\"text-align: center; font-size: 1.2em;\">Opravujeme stroje od spole\u010dnost\u00ed Innosilicon, Bitmain, Whatsminer, Jasminer, Ibelink, iPollo.<\/p>\n<p>[\/vc_column_text][vc_btn title=&#8221;OPRAVY&#8221; style=&#8221;outline-custom&#8221; outline_custom_color=&#8221;#0079ce&#8221; outline_custom_hover_background=&#8221;#666666&#8243; outline_custom_hover_text=&#8221;#ffffff&#8221; shape=&#8221;square&#8221; align=&#8221;center&#8221; css=&#8221;.vc_custom_1708516936510{margin-top: 5% !important;}&#8221; link=&#8221;url:http%3A%2F%2Fonlybestminers.com%2Fcs%2Fkontakt%2F|title:formul%C3%A1%C5%99|&#8221;][\/vc_column][vc_column width=&#8221;1\/3&#8243;][vc_single_image image=&#8221;29676&#8243; img_size=&#8221;medium&#8221; alignment=&#8221;center&#8221;][vc_custom_heading text=&#8221;OPTIMALIZACE&#8221; font_container=&#8221;tag:h4|font_size:1.2em|text_align:center|color:%230079ce&#8221; google_fonts=&#8221;font_family:Roboto%3A100%2C100italic%2C300%2C300italic%2Cregular%2Citalic%2C500%2C500italic%2C700%2C700italic%2C900%2C900italic|font_style:900%20bold%20regular%3A900%3Anormal&#8221;][vc_column_text css=&#8221;.vc_custom_1708434191573{margin-top: 3% !important;margin-bottom: 3% !important;}&#8221;]<\/p>\n<p style=\"text-align: center; font-size: 1.2em;\">Nab\u00edz\u00edme p\u0159etaktov\u00e1n\u00ed za\u0159\u00edzen\u00ed, aby dosahovalo vy\u0161\u0161\u00edch hodnot, ale tak\u00e9 optimalizaci za\u0159\u00edzen\u00ed tak, aby fungovalo co nejefektivn\u011bji.<\/p>\n<p>[\/vc_column_text][vc_btn title=&#8221;OPTIMALIZOVAT&#8221; style=&#8221;outline-custom&#8221; outline_custom_color=&#8221;#0079ce&#8221; outline_custom_hover_background=&#8221;#666666&#8243; outline_custom_hover_text=&#8221;#ffffff&#8221; shape=&#8221;square&#8221; align=&#8221;center&#8221; css=&#8221;.vc_custom_1708516872164{margin-top: 5% !important;}&#8221; link=&#8221;url:http%3A%2F%2Fsklep.onlybestminers.pl%2F|&#8221;][\/vc_column][vc_column width=&#8221;1\/3&#8243;][vc_single_image image=&#8221;29682&#8243; img_size=&#8221;medium&#8221; alignment=&#8221;center&#8221;][vc_custom_heading text=&#8221;\u010cI\u0160T\u011aN\u00cd&#8221; font_container=&#8221;tag:h4|font_size:1.2em|text_align:center|color:%230079ce&#8221; google_fonts=&#8221;font_family:Roboto%3A100%2C100italic%2C300%2C300italic%2Cregular%2Citalic%2C500%2C500italic%2C700%2C700italic%2C900%2C900italic|font_style:900%20bold%20regular%3A900%3Anormal&#8221;][vc_column_text css=&#8221;.vc_custom_1708434287704{margin-top: 3% !important;margin-bottom: 3% !important;}&#8221;]<\/p>\n<p style=\"text-align: center; font-size: 1.2em;\">Za\u0159\u00edzen\u00ed vy\u010dist\u00edme od prachu a dal\u0161\u00edch ne\u010distot, kter\u00e9 vznikly b\u011bhem pou\u017e\u00edv\u00e1n\u00ed stroj\u016f.<\/p>\n<p>[\/vc_column_text][vc_btn title=&#8221;\u010cIST\u00dd&#8221; style=&#8221;outline-custom&#8221; outline_custom_color=&#8221;#0079ce&#8221; outline_custom_hover_background=&#8221;#666666&#8243; outline_custom_hover_text=&#8221;#ffffff&#8221; shape=&#8221;square&#8221; align=&#8221;center&#8221; css=&#8221;.vc_custom_1708516965853{margin-top: 5% !important;}&#8221; link=&#8221;url:http%3A%2F%2Fonlybestminers.com%2Fcs%2Fkontakt%2F|title:formul%C3%A1%C5%99|&#8221;][\/vc_column][\/vc_row][vc_row][vc_column][vc_empty_space height=&#8221;40px&#8221;][vc_column_text]<\/p>\n<p style=\"text-align: center;\"><span style=\"font-size: 32px;\"><b>Jak slu\u017ebu rozd\u011bl\u00edme?<\/b><\/span><\/p>\n<p>[\/vc_column_text][\/vc_column][\/vc_row][vc_row full_width=&#8221;stretch_row_content&#8221; equal_height=&#8221;yes&#8221; css=&#8221;.vc_custom_1676466526899{margin-top: 5% !important;margin-bottom: 0px !important;}&#8221;][vc_column width=&#8221;1\/2&#8243; css=&#8221;.vc_custom_1677019832813{background-color: #0079ce !important;}&#8221; offset=&#8221;vc_col-xs-12&#8243; el_class=&#8221;serwis-ctr-left&#8221;][vc_custom_heading text=&#8221;SOFTWARE&#8221; font_container=&#8221;tag:h4|font_size:2.7em|text_align:right|color:%23ffffff&#8221; google_fonts=&#8221;font_family:Roboto%3A100%2C100italic%2C300%2C300italic%2Cregular%2Citalic%2C500%2C500italic%2C700%2C700italic%2C900%2C900italic|font_style:900%20bold%20regular%3A900%3Anormal&#8221;][vc_column_text css=&#8221;.vc_custom_1708523187101{margin-top: 3% !important;margin-bottom: 3% !important;}&#8221;]<span style=\"font-size: 14pt; font-family: georgia, palatino, serif; color: #ffffff;\">&#8211; Aktualizace firmwaru<\/span><\/p>\n<p><span style=\"font-size: 14pt; font-family: georgia, palatino, serif; color: #ffffff;\">&#8211; \u00daprava softwaru &#8211; p\u0159etaktov\u00e1n\u00ed po\u010d\u00edta\u010de<\/span><\/p>\n<p><span style=\"font-size: 14pt; font-family: georgia, palatino, serif; color: #ffffff;\">&#8211; Diagnostika funkc\u00ed stroje<\/span><\/p>\n<p><span style=\"font-size: 14pt; font-family: georgia, palatino, serif; color: #ffffff;\">&#8211; V\u00fdb\u011br optim\u00e1ln\u00edho nastaven\u00ed<\/span><\/p>\n<p><span style=\"font-size: 14pt; font-family: georgia, palatino, serif; color: #ffffff;\">&#8211; Diagnostika po\u0161kozen\u00ed a odhad opravy<\/span>[\/vc_column_text][\/vc_column][vc_column width=&#8221;1\/2&#8243; css=&#8221;.vc_custom_1677019798004{background-color: #f2f4f4 !important;}&#8221; offset=&#8221;vc_col-xs-12&#8243; el_class=&#8221;serwis-ctr-right&#8221;][vc_custom_heading text=&#8221;HARDWARE&#8221; font_container=&#8221;tag:h4|font_size:2.7em|text_align:left|color:%230079ce&#8221; google_fonts=&#8221;font_family:Roboto%3A100%2C100italic%2C300%2C300italic%2Cregular%2Citalic%2C500%2C500italic%2C700%2C700italic%2C900%2C900italic|font_style:900%20bold%20regular%3A900%3Anormal&#8221;][vc_column_text css=&#8221;.vc_custom_1708523116663{margin-top: 3% !important;margin-bottom: 3% !important;}&#8221;]<span style=\"font-family: georgia, palatino, serif; font-size: 14pt;\">&#8211; \u010cist\u00edc\u00ed a zpracovatelsk\u00e9 stroje<\/span><\/p>\n<p><span style=\"font-family: georgia, palatino, serif; font-size: 14pt;\">&#8211; Oprava nap\u00e1jec\u00edch konektor\u016f a sign\u00e1ln\u00edch port\u016f<\/span><\/p>\n<p><span style=\"font-family: georgia, palatino, serif; font-size: 14pt;\">&#8211; Oprava po\u0161kozen\u00fdch stroj\u016f<\/span><\/p>\n<p><span style=\"font-family: georgia, palatino, serif; font-size: 14pt;\">&#8211; V\u00fdm\u011bna ventil\u00e1toru<\/span><\/p>\n<p><span style=\"font-family: georgia, palatino, serif; font-size: 14pt;\">&#8211; Oprava desky Hashboard<\/span><\/p>\n<p><span style=\"font-family: georgia, palatino, serif; font-size: 14pt;\">&#8211; Diagnostika po\u0161kozen\u00ed a odhad opravy<\/span>[\/vc_column_text][\/vc_column][\/vc_row][vc_row][vc_column][vc_empty_space height=&#8221;40px&#8221;][\/vc_column][\/vc_row][vc_row][vc_column width=&#8221;1\/3&#8243;][vc_single_image image=&#8221;26578&#8243; img_size=&#8221;full&#8221; alignment=&#8221;center&#8221;][vc_custom_heading text=&#8221;TECHNOLOGIE A KVALITA&#8221; font_container=&#8221;tag:h4|font_size:1.2em|text_align:center|color:%230079ce&#8221; google_fonts=&#8221;font_family:Roboto%3A100%2C100italic%2C300%2C300italic%2Cregular%2Citalic%2C500%2C500italic%2C700%2C700italic%2C900%2C900italic|font_style:900%20bold%20regular%3A900%3Anormal&#8221;][vc_column_text css=&#8221;.vc_custom_1676465728067{margin-top: 3% !important;margin-bottom: 3% !important;}&#8221;]<\/p>\n<p style=\"text-align: center; font-size: 1.2em;\">O t\u011b\u017eebn\u00edch stroj\u00edch a kryptom\u011bn\u00e1ch m\u00e1me aktu\u00e1ln\u00ed informace. Po na\u0161ich \u00faprav\u00e1ch pracuj\u00ed rypadla stabiln\u011b a optim\u00e1ln\u011b.<\/p>\n<p>[\/vc_column_text][\/vc_column][vc_column width=&#8221;1\/3&#8243;][vc_single_image image=&#8221;26580&#8243; img_size=&#8221;full&#8221; alignment=&#8221;center&#8221;][vc_custom_heading text=&#8221;PROFESIONALITA A INOVACE&#8221; font_container=&#8221;tag:h4|font_size:1.2em|text_align:center|color:%230079ce&#8221; google_fonts=&#8221;font_family:Roboto%3A100%2C100italic%2C300%2C300italic%2Cregular%2Citalic%2C500%2C500italic%2C700%2C700italic%2C900%2C900italic|font_style:900%20bold%20regular%3A900%3Anormal&#8221;][vc_column_text css=&#8221;.vc_custom_1708519699455{margin-top: 3% !important;margin-bottom: 3% !important;}&#8221;]<\/p>\n<p style=\"text-align: center; font-size: 1.2em;\">Ke ka\u017ed\u00e9 zak\u00e1zce p\u0159istupujeme komplexn\u011b a s maxim\u00e1ln\u00ed p\u00e9\u010d\u00ed. Kontakt se z\u00e1kazn\u00edkem je pro n\u00e1s nejd\u016fle\u017eit\u011bj\u0161\u00ed.<\/p>\n<p>[\/vc_column_text][\/vc_column][vc_column width=&#8221;1\/3&#8243;][vc_single_image image=&#8221;26582&#8243; img_size=&#8221;full&#8221; alignment=&#8221;center&#8221;][vc_custom_heading text=&#8221;KREATIVITA A ZKU\u0160ENOSTI&#8221; font_container=&#8221;tag:h4|font_size:1.2em|text_align:center|color:%230079ce&#8221; google_fonts=&#8221;font_family:Roboto%3A100%2C100italic%2C300%2C300italic%2Cregular%2Citalic%2C500%2C500italic%2C700%2C700italic%2C900%2C900italic|font_style:900%20bold%20regular%3A900%3Anormal&#8221;][vc_column_text css=&#8221;.vc_custom_1708523329429{margin-top: 3% !important;margin-bottom: 3% !important;}&#8221;]<\/p>\n<p style=\"text-align: center; font-size: 1.2em;\">T\u00e9matu kryptom\u011bn, za\u0159\u00edzen\u00ed, ale i jeho oprav se v\u011bnujeme ji\u017e 6 let. M\u016f\u017eete se spolehnout na na\u0161e dlouholet\u00e9 zku\u0161enosti.<\/p>\n<p>[\/vc_column_text][\/vc_column][\/vc_row][vc_row][vc_column][vc_empty_space height=&#8221;40px&#8221;][contact-form-7 id=&#8221;27478&#8243;][\/vc_column][\/vc_row]<\/p>\n<\/div>","protected":false},"excerpt":{"rendered":"<p>[vc_row full_width=&#8221;stretch_row_content_no_spaces&#8221; full_height=&#8221;yes&#8221; css=&#8221;.vc_custom_1677018155555{background-image: url(http:\/\/onlybestminers.com\/wp-content\/uploads\/2024\/02\/cover-serwis.png) !important;background-position: center !important;background-repeat: no-repeat !important;background-size: cover !important;}&#8221;][vc_column][\/vc_column][\/vc_row][vc_row][vc_column][vc_custom_heading text=&#8221;Z\u00e1ru\u010dn\u00ed a poz\u00e1ru\u010dn\u00ed servis pro servery ASIC a GPU&#8221; font_container=&#8221;tag:h2|font_size:3em|text_align:center|color:%230079ce&#8221; google_fonts=&#8221;font_family:Roboto%3A100%2C100italic%2C300%2C300italic%2Cregular%2Citalic%2C500%2C500italic%2C700%2C700italic%2C900%2C900italic|font_style:900%20bold%20regular%3A900%3Anormal&#8221;][vc_custom_heading text=&#8221;S OHLEDEM NA NA\u0160E Z\u00c1KAZN\u00cdKY&#8221; font_container=&#8221;tag:h3|font_size:1.5em|text_align:center|color:%23303030&#8243; google_fonts=&#8221;font_family:Roboto%3A100%2C100italic%2C300%2C300italic%2Cregular%2Citalic%2C500%2C500italic%2C700%2C700italic%2C900%2C900italic|font_style:900%20bold%20regular%3A900%3Anormal&#8221;][vc_empty_space<\/p>\n","protected":false},"author":1,"featured_media":0,"parent":0,"menu_order":0,"comment_status":"closed","ping_status":"closed","template":"","meta":{"_acf_changed":false,"footnotes":""},"class_list":["post-28195","page","type-page","status-publish","hentry"],"acf":[],"_links":{"self":[{"href":"https:\/\/onlybestminers.com\/cs\/wp-json\/wp\/v2\/pages\/28195","targetHints":{"allow":["GET"]}}],"collection":[{"href":"https:\/\/onlybestminers.com\/cs\/wp-json\/wp\/v2\/pages"}],"about":[{"href":"https:\/\/onlybestminers.com\/cs\/wp-json\/wp\/v2\/types\/page"}],"author":[{"embeddable":true,"href":"https:\/\/onlybestminers.com\/cs\/wp-json\/wp\/v2\/users\/1"}],"replies":[{"embeddable":true,"href":"https:\/\/onlybestminers.com\/cs\/wp-json\/wp\/v2\/comments?post=28195"}],"version-history":[{"count":7,"href":"https:\/\/onlybestminers.com\/cs\/wp-json\/wp\/v2\/pages\/28195\/revisions"}],"predecessor-version":[{"id":30595,"href":"https:\/\/onlybestminers.com\/cs\/wp-json\/wp\/v2\/pages\/28195\/revisions\/30595"}],"wp:attachment":[{"href":"https:\/\/onlybestminers.com\/cs\/wp-json\/wp\/v2\/media?parent=28195"}],"curies":[{"name":"wp","href":"https:\/\/api.w.org\/{rel}","templated":true}]}}