{"id":28321,"date":"2023-05-13T17:51:07","date_gmt":"2023-05-13T15:51:07","guid":{"rendered":"http:\/\/onlybestminers.com\/produkt\/iceriver-kas-ks2\/"},"modified":"2023-11-24T14:41:05","modified_gmt":"2023-11-24T13:41:05","slug":"iceriver-kas-ks2","status":"publish","type":"product","link":"https:\/\/onlybestminers.com\/cs\/produkt\/iceriver-kas-ks2\/","title":{"rendered":"IceRiver KAS KS2"},"content":{"rendered":"<div class=\"_1voj4 _z9prt _1xzdi _ai5yc _5d6n2 _15lj1\">\n<div class=\"_2d49e_5pK0q\">\n<div class=\"_1bo4a _xu6h2 _1ylmp _2d49e_YrWCD\">\n<div class=\"_1voj4 _z9prt _1xzdi _ai5yc _5d6n2 _15lj1\">\n<div class=\"_2d49e_5pK0q\">\n<p style=\"text-align: left;\"><span style=\"color: #cc99ff;\"><em><b><span style=\"color: #99cc00;\">Novinka pro u\u017eivatele GPU na ASIC. <\/span>                                                                                          <a href=\"http:\/\/onlybestminers.com\/wp-content\/uploads\/2023\/04\/20396.png\"><img loading=\"lazy\" decoding=\"async\" class=\"wp-image-22038 alignnone\" src=\"http:\/\/onlybestminers.com\/wp-content\/uploads\/2023\/04\/20396.png\" alt=\"\" width=\"77\" height=\"77\" srcset=\"https:\/\/onlybestminers.com\/wp-content\/uploads\/2023\/04\/20396.png 200w, https:\/\/onlybestminers.com\/wp-content\/uploads\/2023\/04\/20396-150x150.png 150w, https:\/\/onlybestminers.com\/wp-content\/uploads\/2023\/04\/20396-100x100.png 100w, https:\/\/onlybestminers.com\/wp-content\/uploads\/2023\/04\/20396-50x50.png 50w\" sizes=\"auto, (max-width: 77px) 100vw, 77px\" \/><\/a><\/b><\/em><\/span><\/p>\n<\/div>\n<p><strong>IceRiver KAS KS2<\/strong><\/p>\n<p>Zdroj: <b>integrovan\u00fd<\/b><\/p>\n<p>Algoritmus: <strong>kHeavyHash<\/strong><\/p>\n<p>V\u00fdkon: <b>2Th\/s, 1200W !<\/b>!!<\/p>\n<p>mince: <strong>Kaspa<\/strong><\/p>\n<p><a href=\"http:\/\/onlybestminers.com\/wp-content\/uploads\/2023\/05\/KS2-IceRiver-2Th-300x300.png\"><img loading=\"lazy\" decoding=\"async\" class=\"alignnone size-medium wp-image-27935\" src=\"http:\/\/onlybestminers.com\/wp-content\/uploads\/2023\/05\/KS2-IceRiver-2Th-300x300.png\" alt=\"\" width=\"300\" height=\"300\" srcset=\"https:\/\/onlybestminers.com\/wp-content\/uploads\/2023\/05\/KS2-IceRiver-2Th-300x300.png 300w, https:\/\/onlybestminers.com\/wp-content\/uploads\/2023\/05\/KS2-IceRiver-2Th-1024x1024.png 1024w, https:\/\/onlybestminers.com\/wp-content\/uploads\/2023\/05\/KS2-IceRiver-2Th-150x150.png 150w, https:\/\/onlybestminers.com\/wp-content\/uploads\/2023\/05\/KS2-IceRiver-2Th-768x768.png 768w, https:\/\/onlybestminers.com\/wp-content\/uploads\/2023\/05\/KS2-IceRiver-2Th-100x100.png 100w, https:\/\/onlybestminers.com\/wp-content\/uploads\/2023\/05\/KS2-IceRiver-2Th-600x600.png 600w, https:\/\/onlybestminers.com\/wp-content\/uploads\/2023\/05\/KS2-IceRiver-2Th.png 1080w\" sizes=\"auto, (max-width: 300px) 100vw, 300px\" \/><\/a><\/p>\n<\/div>\n<\/div>\n<div class=\"_1bo4a _xu6h2 _1ylmp _2d49e_YrWCD\">\n<div class=\"_1voj4 _z9prt _1xzdi _ai5yc _5d6n2 _15lj1\">\n<hr>\n<p><em>Pro\u010d <b>#OnlyBestMiners<\/b>:<\/em><\/p>\n<\/div>\n<\/div>\n<div class=\"_1bo4a _xu6h2 _1ylmp _2d49e_YrWCD\">\n<div class=\"_1voj4 _z9prt _1xzdi _ai5yc _5d6n2 _15lj1\">\n<div class=\"_4lbi0 _6kfrx _ur8qq _u5o1q _1xm8p _1agsg\">\n<div class=\"_18vat _10a7o _1yhvf _7ccvy\">\n<div class=\"_1fwkl\">\n<p><em>&#8211; Necht\u011bjte to zjistit, najv\u011bt\u0161\u00ed <b>znalost a zku\u0161enost<\/b> v oblasti ASIC a t\u011b\u017eebn\u00edch za\u0159\u00edzen\u00ed pro kryptom\u011bny.<\/em><\/p>\n<p><em>&#8211; Nejv\u011bt\u0161\u00ed <b>v\u00fdb\u011br za\u0159\u00edzen\u00ed<\/b> dostupn\u00fdch na m\u00edst\u011b za nejv\u00fdhodn\u011bj\u0161\u00edch cenov\u00fdch podm\u00ednek<\/em><\/p>\n<p><em>&#8211; Profesion\u00e1ln\u00ed podm\u00ednky <b>hostingu a colocationu<\/b> v Polsku na n\u011bkolika vhodn\u00fdch lokalit\u00e1ch<\/em><\/p>\n<p><em>&#8211; Profesion\u00e1ln\u00ed, m\u00edstn\u00ed <b>servis ASIC v Polsku<\/b> ve spolupr\u00e1ci s na\u0161imi partnery jako jsou: Bitmain, MicroBT, Innosilicon a dal\u0161\u00ed.<\/em><\/p>\n<p><em>&#8211; P\u0159ed\u00e1v\u00e1me kompletn\u00ed a praktick\u00e9 znalosti. <b>Porad\u00edme, pom\u016f\u017eeme, \u0161kol\u00edme a konfigurujeme<\/b> Ka\u017ed\u00e1 osoba bez znalost\u00ed o #digitalminingu je schopna s n\u00e1mi tuto znalost z\u00edskat a za\u010d\u00edt svou krypto dobrodru\u017estv\u00ed.<\/em><\/p>\n<\/div>\n<\/div>\n<\/div>\n<\/div>\n<\/div>\n<\/div>\n<\/div>\n<div class=\"_1voj4 _z9prt _1xzdi _ai5yc _5d6n2 _15lj1\">\n<div class=\"_2d49e_5pK0q\">\n<div class=\"_1bo4a _xu6h2 _1ylmp _2d49e_YrWCD\">\n<div class=\"_1voj4 _z9prt _1xzdi _ai5yc _5d6n2 _15lj1\">\n<div class=\"_2d49e_5pK0q\">\n<hr>\n<p style=\"text-align: center;\"><em>Vzhledem k povaze prod\u00e1van\u00fdch za\u0159\u00edzen\u00ed nem\u00e1te pr\u00e1vo na odstoupen\u00ed od smlouvy p\u0159i n\u00e1kupu t\u011b\u017eebn\u00edch za\u0159\u00edzen\u00ed pro kryptom\u011bny. Kupuj\u00edc\u00ed t\u00edmto potvrzuje, \u017ee je sezn\u00e1men s t\u00edm, \u017ee v souladu s \u010dl\u00e1nkem 38. Po obdr\u017een\u00ed funk\u010dn\u00edho za\u0159\u00edzen\u00ed ztr\u00e1c\u00edte pr\u00e1vo na odstoupen\u00ed od smlouvy v souladu se z\u00e1konem ze dne 30. kv\u011btna 2014 o pr\u00e1vech spot\u0159ebitele.<\/em><\/p>\n<\/div>\n<\/div>\n<\/div>\n<\/div>\n<\/div>\n<div class=\"_1voj4 _z9prt _1xzdi _ai5yc _5d6n2 _15lj1\">\n<div class=\"_4lbi0 _6kfrx _ur8qq _u5o1q _1xm8p _1agsg\">\n<div class=\"_18vat _10a7o _1yhvf _7ccvy\"><\/div>\n<\/div>\n<\/div>\n","protected":false},"excerpt":{"rendered":"<p>Novinka pro u\u017eivatele GPU na ASIC. IceRiver KAS KS2 Zdroj: integrovan\u00fd Algoritmus: kHeavyHash V\u00fdkon: 2Th\/s, 1200W !!! mince: Kaspa Pro\u010d #OnlyBestMiners: &#8211; Necht\u011bjte to zjistit, najv\u011bt\u0161\u00ed znalost a zku\u0161enost v<\/p>\n","protected":false},"featured_media":27936,"comment_status":"open","ping_status":"closed","template":"","meta":{"_acf_changed":false},"product_brand":[],"product_cat":[998,939,972,936],"product_tag":[940,941,942],"class_list":{"0":"post-28321","1":"product","2":"type-product","3":"status-publish","4":"has-post-thumbnail","6":"product_cat-iceriver-cs","7":"product_cat-kaspa-cs","8":"product_cat-pouzite","9":"product_cat-tezari-kryptomen-asic","10":"product_tag-antminer-cs","11":"product_tag-asic-cs","12":"product_tag-kaspa-cs","13":"product_shipping_class-preorder-cs","15":"first","16":"outofstock","17":"taxable","18":"shipping-taxable","19":"purchasable","20":"product-type-simple"},"acf":[],"_links":{"self":[{"href":"https:\/\/onlybestminers.com\/cs\/wp-json\/wp\/v2\/product\/28321","targetHints":{"allow":["GET"]}}],"collection":[{"href":"https:\/\/onlybestminers.com\/cs\/wp-json\/wp\/v2\/product"}],"about":[{"href":"https:\/\/onlybestminers.com\/cs\/wp-json\/wp\/v2\/types\/product"}],"replies":[{"embeddable":true,"href":"https:\/\/onlybestminers.com\/cs\/wp-json\/wp\/v2\/comments?post=28321"}],"wp:featuredmedia":[{"embeddable":true,"href":"https:\/\/onlybestminers.com\/cs\/wp-json\/wp\/v2\/media\/27936"}],"wp:attachment":[{"href":"https:\/\/onlybestminers.com\/cs\/wp-json\/wp\/v2\/media?parent=28321"}],"wp:term":[{"taxonomy":"product_brand","embeddable":true,"href":"https:\/\/onlybestminers.com\/cs\/wp-json\/wp\/v2\/product_brand?post=28321"},{"taxonomy":"product_cat","embeddable":true,"href":"https:\/\/onlybestminers.com\/cs\/wp-json\/wp\/v2\/product_cat?post=28321"},{"taxonomy":"product_tag","embeddable":true,"href":"https:\/\/onlybestminers.com\/cs\/wp-json\/wp\/v2\/product_tag?post=28321"}],"curies":[{"name":"wp","href":"https:\/\/api.w.org\/{rel}","templated":true}]}}