{"id":28357,"date":"2019-09-12T13:35:18","date_gmt":"2019-09-12T11:35:18","guid":{"rendered":"http:\/\/onlybestminers.com\/produkt\/bitmain-antminer-s15-28th\/"},"modified":"2023-11-24T12:50:09","modified_gmt":"2023-11-24T11:50:09","slug":"bitmain-antminer-s15-28th","status":"publish","type":"product","link":"https:\/\/onlybestminers.com\/cs\/produkt\/bitmain-antminer-s15-28th\/","title":{"rendered":"Bitmain Antminer S15 28TH"},"content":{"rendered":"<style type=\"text\/css\">.esp_column_description{box-sizing:border-box;margin-bottom:20px}.esp_column_description .section{display:flex;align-items:center;padding-bottom:15px;padding-top:15px}.esp_column_description .item-6{width:50%;float:left;position:relative;min-height:1px}.esp_column_description .item-6:first-child{padding-right:15px}.esp_column_description .item-6:last-child{padding-left:15px}.esp_column_description *,.esp_column_description *::after,.esp_column_description *::before{box-sizing:border-box}.esp_column_description .item-12{width:100%;min-height:1px}.esp_column_description .text-item .header1,.esp_column_description .text-item .header2{display:block;font-weight:500;margin:18px 0}.esp_column_description .text-item p{margin:16px 0;word-wrap:break-word}.esp_column_description .text-item .header1{font-size:24px;line-height:24px}.esp_column_description .text-item .header2{font-size:18px;line-height:18px}.esp_column_description .text-item ol,.description .text-item ul{padding-left:20px;margin:16px 0}.esp_column_description .text-item{width:100%}.esp_column_description .image-item img{display:block;margin-left:auto;margin-right:auto;max-width:100%}<\/style>\n<div class=\"esp_column_description\">\n<section class=\"section\">\n<div class=\"item item-6\">\n<section class=\"image-item\"><img decoding=\"async\" src=\"http:\/\/onlybestminers.com\/wp-content\/uploads\/2019\/09\/S15_OBM.jpg\" \/><\/section>\n<\/div>\n<div class=\"item item-6\">\n<section class=\"text-item\">\n<h5 class=\"text-item\"><em><strong>Uwaga! Ze wzgl\u0119du na wzrosty kryptowalut, ceny urz\u0105dze\u0144 mog\u0105 si\u0119 zmienia\u0107.<\/strong><\/em><\/h5>\n<p>Urz\u0105dzenie z serii popularnych Antminer\u00f3w od Bitmain.<\/p>\n<p>BITMAIN &#8211; <b>Antminer S15<\/b>Moc: <b>28<\/b> <b>Th\/s 1596<\/b><b>W &#8211; 57 W\/TH!<\/b>Algorytm: <b>SHA-256<\/b>Zasilacz: w zestawie<\/p>\n<p>Niesamowita jako\u015b\u0107 od jednego z najlepszych producent\u00f3w koparek.<\/p>\n<p>Bardzo wydajne &#8211; op\u0142acalne wydobycie przy polskich warunkach pr\u0105dowych.<\/p>\n<p>Masz pytania? Zapraszamy do kontaktu oraz sk\u0142adania zam\u00f3wie\u0144.<\/p>\n<p>Pomagamy we <b>WSZYSTKIM, <\/b>mo\u017cesz kompletnie nie znac si\u0119 na kopaniu czy nawet na komputerach \ud83d\ude42<\/p>\n<\/section>\n<\/div>\n<\/section>\n<section class=\"section\">\n<div class=\"item item-6\">\n<section class=\"text-item\"><b>ZAKUP, DOST\u0118PNO\u015a\u0106 TOWARU<\/b>Towar dost\u0119pny od r\u0119ki. Mo\u017cliwo\u015b\u0107 auto-kolokacji.<b>FINANSE<\/b>Nie posiadasz aktualnie \u015brodk\u00f3w? Nie ma problemu.Pomo\u017cemy z uzyskaniem: LEASINGU, KREDYTU firmowego b\u0105d\u017a prywatnego.<b>KOLOKACJA I HOSTING<\/b>Kolokacja &#8211;<b> 0,65 PLN kWh<\/b>w tym WSZYSTKO \u0142\u0105cznie z pe\u0142nym dost\u0119pem do urz\u0105dzenia i licencja Awesome Miner \ud83d\ude42<\/p>\n<p><b>Umowa <\/b>i <b>p\u0142atno\u015b\u0107 <\/b>(dowolna forma, kochamy ka\u017cde krypto). Na \u017cyczenie podpisujemy umow\u0119 i wystawiamy faktur\u0119  pro-forma.<\/p>\n<p>Zapraszamy do kontaktu &#8211;&gt; O sprzedaj\u0105cym<\/p>\n<\/section>\n<\/div>\n<div class=\"item item-6\">\n<section class=\"image-item\"><img decoding=\"async\" src=\"http:\/\/onlybestminers.com\/wp-content\/uploads\/2019\/09\/20181213_212332.jpg\" \/><\/section>\n<\/div>\n<\/section>\n<section class=\"section\">\n<div class=\"item item-6\">\n<section class=\"image-item\"><img decoding=\"async\" src=\"http:\/\/onlybestminers.com\/kolokacja.jpg\" \/><\/section>\n<\/div>\n<div class=\"item item-6\">\n<section class=\"text-item\">Dlaczego<b> #OnlyBestMiners:<\/b>&#8211; najwi\u0119ksza <b>wiedza i do\u015bwiadczenie<\/b> w ASIC, koparkach kryptowalut;- najwi\u0119kszy <b>wyb\u00f3r urz\u0105dze\u0144<\/b> dost\u0119pnym na miejscu w najkorzystniejszych warunkach cenowych;- profesjonalne warunki <b>hostingu i kolokacji<\/b> w Polsce w kilku dogodnych lokalizacjach;- profesjonalny, lokalny, na miejscu <b>serwis ASIC w Polsce<\/b> w porozumieniu z naszymi partnerami jak: Bitmain, MicroBT, Innosilicon, inni;- przekazujemy, pe\u0142n\u0105 i praktyczn\u0105 wiedz\u0119. <b>Doradzamy, pomagamy, szkolimy i konfigurujemy.<\/b> Ka\u017cda osoba bez wiedzy o #digitalmining jest w stanie z nami j\u0105 zdoby\u0107 i zacz\u0105\u0107 krypto-przygod\u0119.<\/section>\n<\/div>\n<\/section>\n<\/div>\n","protected":false},"excerpt":{"rendered":"[xyz-ips snippet=\"s15-28-profit\"]\n","protected":false},"featured_media":23183,"comment_status":"closed","ping_status":"closed","template":"","meta":{"_acf_changed":false},"product_brand":[],"product_cat":[245],"product_tag":[],"class_list":{"0":"post-28357","1":"product","2":"type-product","3":"status-publish","4":"has-post-thumbnail","6":"product_cat-asic","8":"first","9":"outofstock","10":"taxable","11":"shipping-taxable","12":"purchasable","13":"product-type-simple"},"acf":[],"_links":{"self":[{"href":"https:\/\/onlybestminers.com\/cs\/wp-json\/wp\/v2\/product\/28357","targetHints":{"allow":["GET"]}}],"collection":[{"href":"https:\/\/onlybestminers.com\/cs\/wp-json\/wp\/v2\/product"}],"about":[{"href":"https:\/\/onlybestminers.com\/cs\/wp-json\/wp\/v2\/types\/product"}],"replies":[{"embeddable":true,"href":"https:\/\/onlybestminers.com\/cs\/wp-json\/wp\/v2\/comments?post=28357"}],"wp:featuredmedia":[{"embeddable":true,"href":"https:\/\/onlybestminers.com\/cs\/wp-json\/wp\/v2\/media\/23183"}],"wp:attachment":[{"href":"https:\/\/onlybestminers.com\/cs\/wp-json\/wp\/v2\/media?parent=28357"}],"wp:term":[{"taxonomy":"product_brand","embeddable":true,"href":"https:\/\/onlybestminers.com\/cs\/wp-json\/wp\/v2\/product_brand?post=28357"},{"taxonomy":"product_cat","embeddable":true,"href":"https:\/\/onlybestminers.com\/cs\/wp-json\/wp\/v2\/product_cat?post=28357"},{"taxonomy":"product_tag","embeddable":true,"href":"https:\/\/onlybestminers.com\/cs\/wp-json\/wp\/v2\/product_tag?post=28357"}],"curies":[{"name":"wp","href":"https:\/\/api.w.org\/{rel}","templated":true}]}}