{"id":28371,"date":"2019-10-14T16:18:18","date_gmt":"2019-10-14T14:18:18","guid":{"rendered":"http:\/\/onlybestminers.com\/produkt\/antminer-bitmain-l3-s-psu\/"},"modified":"2025-09-12T12:24:39","modified_gmt":"2025-09-12T10:24:39","slug":"2-x-antminer-bitmain-l3-z-psu","status":"publish","type":"product","link":"https:\/\/onlybestminers.com\/cs\/produkt\/2-x-antminer-bitmain-l3-z-psu\/","title":{"rendered":"BITMAIN Antminer L3+"},"content":{"rendered":"<p><a href=\"https:\/\/onlybestminers.com\/wp-content\/uploads\/2019\/10\/L3-300x300.png\"><img loading=\"lazy\" decoding=\"async\" class=\"size-medium wp-image-27951 alignleft\" src=\"https:\/\/onlybestminers.com\/wp-content\/uploads\/2019\/10\/L3-300x300.png\" alt=\"\" width=\"300\" height=\"300\" srcset=\"https:\/\/onlybestminers.com\/wp-content\/uploads\/2019\/10\/L3-300x300.png 300w, https:\/\/onlybestminers.com\/wp-content\/uploads\/2019\/10\/L3-1024x1024.png 1024w, https:\/\/onlybestminers.com\/wp-content\/uploads\/2019\/10\/L3-150x150.png 150w, https:\/\/onlybestminers.com\/wp-content\/uploads\/2019\/10\/L3-768x768.png 768w, https:\/\/onlybestminers.com\/wp-content\/uploads\/2019\/10\/L3-100x100.png 100w, https:\/\/onlybestminers.com\/wp-content\/uploads\/2019\/10\/L3-600x600.png 600w, https:\/\/onlybestminers.com\/wp-content\/uploads\/2019\/10\/L3.png 1080w\" sizes=\"auto, (max-width: 300px) 100vw, 300px\" \/><\/a><\/p>\n<div class=\"esp_column_description\">\n<section class=\"section\">\n<div class=\"item item-6\">\n<h3 class=\"image-item\"><b>OnlyBestMiners<\/b> zve k n\u00e1kupu nesmrteln\u00fdch za\u0159\u00edzen\u00ed pro produkci <strong><span style=\"color: #339966;\">Litcoina (LTC).<\/span><\/strong><\/h3>\n<p>&nbsp;<\/p>\n<\/div>\n<div class=\"item item-6\">\n<section class=\"text-item\"><b>BITMAIN L3+<\/b> &#8211; 504Mh &#8211; 550~650W &#8211; oprogramowanie <b>Blish<\/b><\/section>\n<section class=\"text-item\">Zdroj &#8211; <b><b>v balen\u00ed<\/b><\/b><\/section>\n<section class=\"text-item\">\n<hr>\n<p>Ide\u00e1ln\u00ed <strong>za\u0159\u00edzen\u00ed pro bezplatn\u00e9 vyt\u00e1p\u011bn\u00ed<\/strong> b\u011bhem topn\u00e9 sez\u00f3ny, kter\u00e1 za\u010d\u00edn\u00e1!<\/p>\n<p>Dob\u00fdvejte kryptom\u011bnu, oh\u0159\u00edvejte se a z\u00edskejte dvojn\u00e1sobek \ud83d\ude42<\/p>\n<hr>\n<p>&nbsp;<\/p>\n<p>&nbsp;<\/p>\n<p><img loading=\"lazy\" decoding=\"async\" class=\" wp-image-7363 alignright\" src=\"https:\/\/onlybestminers.com\/wp-content\/uploads\/2019\/10\/20191012_213318-300x217.jpg\" alt=\"\" width=\"501\" height=\"362\" srcset=\"https:\/\/onlybestminers.com\/wp-content\/uploads\/2019\/10\/20191012_213318-300x217.jpg 300w, https:\/\/onlybestminers.com\/wp-content\/uploads\/2019\/10\/20191012_213318-768x556.jpg 768w, https:\/\/onlybestminers.com\/wp-content\/uploads\/2019\/10\/20191012_213318-1024x742.jpg 1024w, https:\/\/onlybestminers.com\/wp-content\/uploads\/2019\/10\/20191012_213318-600x435.jpg 600w\" sizes=\"auto, (max-width: 501px) 100vw, 501px\" \/><\/p>\n<p>&nbsp;<\/p>\n<p><b>NEJD\u016eLE\u017dIT\u011aJ\u0160\u00cd!<\/b> Ka\u017ed\u00fd stroj pro\u0161el:<\/p>\n<p>&#8211; P\u0159ehled slu\u017eeb OBM;<\/p>\n<p>&#8211; Byly regenerov\u00e1ny v\u0161echny vadn\u00e9 sou\u010d\u00e1stky;<\/p>\n<p>&#8211; Za\u0159\u00edzen\u00ed maj\u00ed z\u00e1ruku na 90 dn\u00ed;<\/p>\n<p>&#8211; Za\u0159\u00edzen\u00ed maj\u00ed nainstalovan\u00fd nejnov\u011bj\u0161\u00ed a nejlep\u0161\u00ed software bez poplatku pro v\u00fdvoj\u00e1\u0159e (dev fee).<\/p>\n<p>Pom\u00e1h\u00e1me VE <b>V\u0160EM<\/b>, nemus\u00ed\u0161 m\u00edt \u017e\u00e1dn\u00e9 znalosti o t\u011b\u017eb\u011b nebo dokonce o po\u010d\u00edta\u010d\u00edch \ud83d\ude42<\/p>\n<\/section>\n<\/div>\n<\/section>\n<section class=\"section\">\n<div class=\"item item-6\">\n<section class=\"text-item\">\n<hr>\n<\/section>\n<\/div>\n<div class=\"item item-6\"><\/div>\n<\/section>\n<section class=\"section\">\n<div class=\"item item-6\"><\/div>\n<div class=\"item item-6\">\n<section class=\"text-item\">Pro\u010d<b> #OnlyBestMiners:<\/b>&#8211; nejv\u011bt\u0161\u00ed <b>znalosti a zku\u0161enosti<\/b> v oblasti ASIC, t\u011b\u017ea\u0159\u016f kryptom\u011bn;- nejv\u011bt\u0161\u00ed <b>v\u00fdb\u011br za\u0159\u00edzen\u00ed<\/b> dostupn\u00fdch na m\u00edst\u011b za nejv\u00fdhodn\u011bj\u0161\u00edch cenov\u00fdch podm\u00ednek;- profesion\u00e1ln\u00ed <b>hostingov\u00e9 a koloka\u010dn\u00ed<\/b> podm\u00ednky v Polsku v n\u011bkolika v\u00fdhodn\u00fdch lokalit\u00e1ch;- profesion\u00e1ln\u00ed, m\u00edstn\u00ed, on-site <b>ASIC servis v Polsku<\/b> po dohod\u011b s na\u0161imi partnery, jako jsou: Bitmain, MicroBT, Innosilicon, dal\u0161\u00ed;- poskytujeme, \u00fapln\u00e9 a praktick\u00e9 znalosti. <b>Rad\u00edme, pom\u00e1h\u00e1me, \u0161kol\u00edme a konfigurujeme.<\/b> Ka\u017ed\u00fd \u010dlov\u011bk bez znalost\u00ed #digitalmining je u n\u00e1s m\u016f\u017ee z\u00edskat a za\u010d\u00edt krypto dobrodru\u017estv\u00ed.<\/section>\n<\/div>\n<\/section>\n<\/div>\n","protected":false},"excerpt":{"rendered":"<p>OnlyBestMiners zve k n\u00e1kupu nesmrteln\u00fdch za\u0159\u00edzen\u00ed pro produkci Litcoina (LTC). &nbsp; BITMAIN L3+ &#8211; 504Mh &#8211; 550~650W &#8211; oprogramowanie Blish Zdroj &#8211; v balen\u00ed Ide\u00e1ln\u00ed za\u0159\u00edzen\u00ed pro bezplatn\u00e9 vyt\u00e1p\u011bn\u00ed b\u011bhem<\/p>\n","protected":false},"featured_media":32836,"comment_status":"closed","ping_status":"closed","template":"","meta":{"_acf_changed":false},"product_brand":[],"product_cat":[937,972,1052,1051,936],"product_tag":[940,976,975,1054,1055,1056,1053],"class_list":{"0":"post-28371","1":"product","2":"type-product","3":"status-publish","4":"has-post-thumbnail","6":"product_cat-bitmain-cs","7":"product_cat-pouzite","8":"product_cat-scrypt-cs-2","9":"product_cat-scrypt-cs","10":"product_cat-tezari-kryptomen-asic","11":"product_tag-antminer-cs","12":"product_tag-bitcoin-cs","13":"product_tag-bitmain-cs","14":"product_tag-l3-cs","15":"product_tag-litecoin-cs","16":"product_tag-ltc-cs","17":"product_tag-scrypt-cs","18":"product_shipping_class-48h-cs","20":"first","21":"onbackorder","22":"taxable","23":"shipping-taxable","24":"purchasable","25":"product-type-simple"},"acf":[],"_links":{"self":[{"href":"https:\/\/onlybestminers.com\/cs\/wp-json\/wp\/v2\/product\/28371","targetHints":{"allow":["GET"]}}],"collection":[{"href":"https:\/\/onlybestminers.com\/cs\/wp-json\/wp\/v2\/product"}],"about":[{"href":"https:\/\/onlybestminers.com\/cs\/wp-json\/wp\/v2\/types\/product"}],"replies":[{"embeddable":true,"href":"https:\/\/onlybestminers.com\/cs\/wp-json\/wp\/v2\/comments?post=28371"}],"wp:featuredmedia":[{"embeddable":true,"href":"https:\/\/onlybestminers.com\/cs\/wp-json\/wp\/v2\/media\/32836"}],"wp:attachment":[{"href":"https:\/\/onlybestminers.com\/cs\/wp-json\/wp\/v2\/media?parent=28371"}],"wp:term":[{"taxonomy":"product_brand","embeddable":true,"href":"https:\/\/onlybestminers.com\/cs\/wp-json\/wp\/v2\/product_brand?post=28371"},{"taxonomy":"product_cat","embeddable":true,"href":"https:\/\/onlybestminers.com\/cs\/wp-json\/wp\/v2\/product_cat?post=28371"},{"taxonomy":"product_tag","embeddable":true,"href":"https:\/\/onlybestminers.com\/cs\/wp-json\/wp\/v2\/product_tag?post=28371"}],"curies":[{"name":"wp","href":"https:\/\/api.w.org\/{rel}","templated":true}]}}