{"id":28389,"date":"2020-08-19T13:27:26","date_gmt":"2020-08-19T11:27:26","guid":{"rendered":"http:\/\/onlybestminers.com\/produkt\/bitcool-liquid-obm-1-litr\/"},"modified":"2024-06-20T13:08:27","modified_gmt":"2024-06-20T11:08:27","slug":"bitcool-liquid-obm-1-litr","status":"publish","type":"product","link":"https:\/\/onlybestminers.com\/cs\/produkt\/bitcool-liquid-obm-1-litr\/","title":{"rendered":"BitCool liquid #OBM 1 litr"},"content":{"rendered":"<section class=\"section\">\n<div class=\"item item-6\">\n<section class=\"text-item\">W\u0142a\u015bnie nadszed\u0142 prze\u0142omowy moment, na kt\u00f3ry ka\u017cdy u\u017cytkownik koparek kryptowalut czeka\u0142!<b>#OnlyBestMiners<\/b> wprowadza profesjonalne, autorskie rozwi\u0105zania ch\u0142odzenia koparek kryptowalut przy pomocy <b>cieczy BitCool #OBM<\/b>.<\/p>\n<p><b>Odkryj zalety Immersion Cooling z #OnlyBestMiners!<\/b><\/section>\n<\/div>\n<\/section>\n<section class=\"section\">\n<div class=\"item item-6\">\n<section class=\"text-item\"><b>#OBM BitCool <\/b>to wysokiej jako\u015bci ciecz typu immersion liquid do stosowania przy <b>Immersion Cooling.<\/b><\/section>\n<\/div>\n<\/section>\n<style type=\"text\/css\">.esp_column_description{box-sizing:border-box;margin-bottom:20px}.esp_column_description .section{display:flex;align-items:center;padding-bottom:15px;padding-top:15px}.esp_column_description .item-6{width:50%;float:left;position:relative;min-height:1px}.esp_column_description .item-6:first-child{padding-right:15px}.esp_column_description .item-6:last-child{padding-left:15px}.esp_column_description *,.esp_column_description *::after,.esp_column_description *::before{box-sizing:border-box}.esp_column_description .item-12{width:100%;min-height:1px}.esp_column_description .text-item .header1,.esp_column_description .text-item .header2{display:block;font-weight:500;margin:18px 0}.esp_column_description .text-item p{margin:16px 0;word-wrap:break-word}.esp_column_description .text-item .header1{font-size:24px;line-height:24px}.esp_column_description .text-item .header2{font-size:18px;line-height:18px}.esp_column_description .text-item ol,.description .text-item ul{padding-left:20px;margin:16px 0}.esp_column_description .text-item{width:100%}.esp_column_description .image-item img{display:block;margin-left:auto;margin-right:auto;max-width:100%}<\/style>\n<div class=\"esp_column_description\">\n<section class=\"section\">\n<div class=\"item item-6\">\n<section class=\"image-item\"><img loading=\"lazy\" decoding=\"async\" class=\"\" src=\"https:\/\/imge.pl\/p\/272880\/n\/47c4a9d7f3149b102360712902c1a6b6.jpg\" width=\"191\" height=\"199\" \/><\/section>\n<\/div>\n<div class=\"item item-6\"><\/div>\n<\/section>\n<section class=\"section\">\n<div class=\"item item-6\">\n<section class=\"text-item\"><b><\/b>P\u0142yn jest ca\u0142kowicie <b>przezroczysty<\/b> oraz <b>bezzapachowy<\/b>. <strong><span style=\"color: #ff0000;\">Dost\u0119pne beczki 20L<\/span><\/strong>&#8211; Jest bezpieczny dla ludzi &#8211; nie jest toksyczny jak oleje transformatorowe!<\/p>\n<p>&#8211; Jest bezpieczny dla \u015brodowiska<\/p>\n<p>&#8211; Niepalny (zapewnia bardzo wysok\u0105 odporno\u015b\u0107 na temperatur\u0119)<\/p>\n<p>&#8211; Jest bardzo dobrym przewodnikiem ciep\u0142a &#8211; idealny do stosowania w systemach zanurzeniowych.<\/p>\n<p>&#8211; Nie przewodzi pr\u0105du<\/p>\n<p>&#8211; Ciecz cechuje si\u0119 bardzo d\u0142ug\u0105 dat\u0105 przydatno\u015bci!<\/p>\n<\/section>\n<\/div>\n<div class=\"item item-6\">\n<section class=\"image-item\"><img loading=\"lazy\" decoding=\"async\" class=\"\" src=\"https:\/\/imge.pl\/p\/272880\/n\/c71c8ec8a8a96e6ee0e4a5e8ef7243ad.jpg\" width=\"913\" height=\"1623\" \/><\/section>\n<\/div>\n<\/section>\n<section class=\"section\">\n<div class=\"item item-6\">\n<section class=\"image-item\"><img loading=\"lazy\" decoding=\"async\" class=\"\" src=\"https:\/\/imge.pl\/p\/272880\/n\/8587938eb80e005505cc1781838f069e.jpg\" width=\"913\" height=\"514\" \/><\/section>\n<\/div>\n<div class=\"item item-6\">\n<section class=\"text-item\">P\u0142yn<b> #OBM BitCool<\/b> to o wiele lepsze rozwi\u0105zanie od toksycznego oleju transformatorowego przy stosowaniu <b>Immersion liquid<\/b>!<\/section>\n<\/div>\n<\/section>\n<section class=\"section\">\n<div class=\"item item-6\">\n<section class=\"text-item\">Umo\u017cliwia <b>obni\u017cenie zapotrzebowania koparek kryptowalut na energi\u0119 elektryczn\u0105<\/b> &#8211; przy skutecznym oddawaniu ciep\u0142a temperatura na chipach jest obni\u017cona, co prowadzi do zmniejszenia zapotrzebowania na pr\u0105d!Sprawd\u017a nasz\u0105 ofert\u0119 system\u00f3w zanurzeniowych i zacznij korzysta\u0107 z zalet Immersion Cooling.<\/p>\n<\/section>\n<\/div>\n<div class=\"item item-6\">\n<section class=\"image-item\"><img loading=\"lazy\" decoding=\"async\" class=\"\" src=\"https:\/\/imge.pl\/p\/272880\/n\/db4c1730bbf3fc042be0fb58229b15a6.jpg\" width=\"892\" height=\"502\" \/><\/section>\n<\/div>\n<\/section>\n<section class=\"section\">\n<div class=\"item item-12\">\n<section class=\"text-item\">Sprawd\u017a pe\u0142n\u0105 ofert\u0119 naszych system\u00f3w zanurzeniowych i odkryj zalety Immersion Cooling z #OnlyBestMiners!Cena zawiera podatek VAT.<\/p>\n<p>Cena dotyczy jednego litra cieczy. Przy wi\u0119kszej ilo\u015bci mo\u017cliwy rabat.<\/p>\n<\/section>\n<\/div>\n<\/section>\n<\/div>\n","protected":false},"excerpt":{"rendered":"<p>W\u0142a\u015bnie nadszed\u0142 prze\u0142omowy moment, na kt\u00f3ry ka\u017cdy u\u017cytkownik koparek kryptowalut czeka\u0142!#OnlyBestMiners wprowadza profesjonalne, autorskie rozwi\u0105zania ch\u0142odzenia koparek kryptowalut przy pomocy cieczy BitCool #OBM. Odkryj zalety Immersion Cooling z #OnlyBestMiners! #OBM<\/p>\n","protected":false},"featured_media":28996,"comment_status":"closed","ping_status":"closed","template":"","meta":{"_acf_changed":false},"product_brand":[],"product_cat":[1059,1068],"product_tag":[1069,1070,1074,1072],"class_list":{"0":"post-28389","1":"product","2":"type-product","3":"status-publish","4":"has-post-thumbnail","6":"product_cat-obm-cs","7":"product_cat-rekuperace-tepla","8":"product_tag-icsystems-cs","9":"product_tag-bitcool-cs","10":"product_tag-kapalinove-chlazeni","11":"product_tag-ponorne-chlazeni","13":"first","14":"instock","15":"taxable","16":"shipping-taxable","17":"purchasable","18":"product-type-simple"},"acf":[],"_links":{"self":[{"href":"https:\/\/onlybestminers.com\/cs\/wp-json\/wp\/v2\/product\/28389","targetHints":{"allow":["GET"]}}],"collection":[{"href":"https:\/\/onlybestminers.com\/cs\/wp-json\/wp\/v2\/product"}],"about":[{"href":"https:\/\/onlybestminers.com\/cs\/wp-json\/wp\/v2\/types\/product"}],"replies":[{"embeddable":true,"href":"https:\/\/onlybestminers.com\/cs\/wp-json\/wp\/v2\/comments?post=28389"}],"wp:featuredmedia":[{"embeddable":true,"href":"https:\/\/onlybestminers.com\/cs\/wp-json\/wp\/v2\/media\/28996"}],"wp:attachment":[{"href":"https:\/\/onlybestminers.com\/cs\/wp-json\/wp\/v2\/media?parent=28389"}],"wp:term":[{"taxonomy":"product_brand","embeddable":true,"href":"https:\/\/onlybestminers.com\/cs\/wp-json\/wp\/v2\/product_brand?post=28389"},{"taxonomy":"product_cat","embeddable":true,"href":"https:\/\/onlybestminers.com\/cs\/wp-json\/wp\/v2\/product_cat?post=28389"},{"taxonomy":"product_tag","embeddable":true,"href":"https:\/\/onlybestminers.com\/cs\/wp-json\/wp\/v2\/product_tag?post=28389"}],"curies":[{"name":"wp","href":"https:\/\/api.w.org\/{rel}","templated":true}]}}