{"id":28417,"date":"2020-08-19T12:02:38","date_gmt":"2020-08-19T10:02:38","guid":{"rendered":"http:\/\/onlybestminers.com\/produkt\/icmetalboxone-ponorne-chlazeni-pro-rypadla-profesionalni-ponorny-system-s-rekuperaci-tepla\/"},"modified":"2023-11-24T12:50:46","modified_gmt":"2023-11-24T11:50:46","slug":"icmetalboxone-ponorne-chlazeni-pro-rypadla-profesionalni-ponorny-system-s-rekuperaci-tepla","status":"publish","type":"product","link":"https:\/\/onlybestminers.com\/cs\/produkt\/icmetalboxone-ponorne-chlazeni-pro-rypadla-profesionalni-ponorny-system-s-rekuperaci-tepla\/","title":{"rendered":"#ICMetalBoxOne &#8211; Ponorn\u00e9 chlazen\u00ed pro rypadla &#8211; profesion\u00e1ln\u00ed ponorn\u00fd syst\u00e9m s rekuperac\u00ed tepla!"},"content":{"rendered":"<style type=\"text\/css\">.esp_column_description{box-sizing:border-box;margin-bottom:20px}.esp_column_description .section{display:flex;align-items:center;padding-bottom:15px;padding-top:15px}.esp_column_description .item-6{width:50%;float:left;position:relative;min-height:1px}.esp_column_description .item-6:first-child{padding-right:15px}.esp_column_description .item-6:last-child{padding-left:15px}.esp_column_description *,.esp_column_description *::after,.esp_column_description *::before{box-sizing:border-box}.esp_column_description .item-12{width:100%;min-height:1px}.esp_column_description .text-item .header1,.esp_column_description .text-item .header2{display:block;font-weight:500;margin:18px 0}.esp_column_description .text-item p{margin:16px 0;word-wrap:break-word}.esp_column_description .text-item .header1{font-size:24px;line-height:24px}.esp_column_description .text-item .header2{font-size:18px;line-height:18px}.esp_column_description .text-item ol,.description .text-item ul{padding-left:20px;margin:16px 0}.esp_column_description .text-item{width:100%}.esp_column_description .image-item img{display:block;margin-left:auto;margin-right:auto;max-width:100%}<\/style>\n<div class=\"esp_column_description\">\n<section class=\"section\">\n<div class=\"item item-6\">\n<section class=\"image-item\"><img decoding=\"async\" src=\"http:\/\/onlybestminers.com\/wp-content\/uploads\/2020\/08\/IMG_20200413_122048_227.jpg\" \/><\/section>\n<\/div>\n<div class=\"item item-6\">\n<section class=\"text-item\">W\u0142a\u015bnie nadszed\u0142 <b>prze\u0142omowy moment<\/b>, na kt\u00f3ry ka\u017cdy u\u017cytkownik koparek kryptowalut czeka\u0142!<b>#OnlyBestMiners<\/b> wprowadza profesjonalne, autorskie rozwi\u0105zania ch\u0142odzenia koparek kryptowalut przy pomocy cieczy <b>BitCool #OBM<\/b>.<\/p>\n<p>Odkryj zalety <b>Immersion Cooling<\/b> z <b>#OnlyBestMiners!<\/b><\/section>\n<\/div>\n<\/section>\n<section class=\"section\">\n<div class=\"item item-6\">\n<section class=\"text-item\">Korzy\u015bci ze stosowania system\u00f3w zanurzeniowych:1. <b>Brak ha\u0142asu<\/b> \u2013 ciep\u0142o odprowadzane jest przy pomocy cieczy, nie ma konieczno\u015bci stosowania wbudowanych g\u0142o\u015bnych wentylator\u00f3w. #ICAquarim posiada bezg\u0142o\u015bne wentylatory.<\/p>\n<p>2. <b>Wi\u0119ksza moc koparki<\/b> \u2013 dzi\u0119ki zastosowaniu skuteczniejszego systemu odprowadzania ciep\u0142a, mo\u017cemy zastosowa\u0107 mocniejszy OverClocking!<\/p>\n<p>3. <b>Odzysk ciep\u0142a<\/b> \u2013 przy pomocy naszych system\u00f3w zanurzeniowych, mo\u017cesz <b>odzyska\u0107 do 85% zu\u017cytej energii<\/b> w postaci ciep\u0142a!<\/p>\n<p>(Sprawd\u017a nasz\u0105 ofert\u0119 pod\u0142\u0105czenia <b>#ICSystems<\/b> do ogrzewania centralnego)<\/p>\n<p>4. <b>Brak kurzu i wi\u0119ksza \u017cywotno\u015b\u0107 koparki<\/b> \u2013 ch\u0142odzenie ciecz\u0105 zapewnia brak dost\u0119pu kurzu do urz\u0105dzenia, co przek\u0142ada si\u0119 na jej wi\u0119ksz\u0105 \u017cywotno\u015b\u0107.<\/p>\n<\/section>\n<\/div>\n<div class=\"item item-6\">\n<section class=\"image-item\"><img decoding=\"async\" src=\"http:\/\/onlybestminers.com\/wp-content\/uploads\/2020\/08\/20200305_150232-scaled.jpg\" \/><\/section>\n<\/div>\n<\/section>\n<section class=\"section\">\n<div class=\"item item-6\">\n<section class=\"image-item\"><img decoding=\"async\" src=\"http:\/\/onlybestminers.com\/wp-content\/uploads\/2020\/08\/IC_M21S.jpg\" \/><\/section>\n<\/div>\n<div class=\"item item-6\">\n<section class=\"text-item\">Szczeg\u00f3\u0142y o <b>#ICMetalBoxOne<\/b>:<b>#ICMetalBoxOne <\/b>ca\u0142kowicie niweluje ha\u0142as koparki oraz umo\u017cliwia <b>odzyskanie do 85% energii elektrycznej w postaci ciep\u0142a! <\/b>Dzi\u0119ki zastosowaniu naszych profesjonalnych rozwi\u0105za\u0144 mo\u017cesz <b>odebra\u0107 ciep\u0142o odpadowe<\/b> i przekierowa\u0107 je np. do ogrzewania centralnego oraz cieszy\u0107 si\u0119 darmowym ogrzewaniem lub wydmucha\u0107 ciep\u0142o na zewn\u0105trz!<\/p>\n<p>&#8211;<\/p>\n<p>Statystycznie, do zanurzenia jednej koparki potrzebujemy 22 litry mieszanki cieczy <b>#OBM BitCool, <\/b>szczeg\u00f3\u0142y znajdziesz w naszej ofercie.<\/p>\n<p>Zapewniamy odpowiednie przygotowanie urz\u0105dzenia do zanurzenia, koszt us\u0142ugi to dodatkowe 300 z\u0142. (us\u0142uga opcjonalna)<\/p>\n<p>&#8211;<\/p>\n<p>W ofercie posiadamy tak\u017ce <b>#ICMetalBoxTwo <\/b>&#8211; system dw\u00f3ch szczelnych skrzy\u0144 na dwie koparki ze zintegrowanym, po\u0142\u0105czonym systemem cyrkulacji cieczy. Cena <b>#ICMetalBoxTwo <\/b>wynosi 2799 z\u0142. Koszt opcjonalnego przygotowania dw\u00f3ch maszyn do zanurzenia to 450 z\u0142otych.<\/p>\n<p>&#8211;<\/p>\n<p>Zach\u0119camy r\u00f3wnie\u017c do zapoznania si\u0119 z naszymi pozosta\u0142ymi systemami zanurzeniowymi. W razie pyta\u0144, zapraszamy do kontaktu.<\/p>\n<\/section>\n<\/div>\n<\/section>\n<section class=\"section\">\n<div class=\"item item-12\">\n<section class=\"text-item\">*Nagrzewnica widoczna na poni\u017cszych zdj\u0119ciach nie jest wliczona w cen\u0119 produktu. Cen\u0119 oraz szczeg\u00f3\u0142y poszczeg\u00f3lnych nagrzewnic znajdziesz w naszej ofercie.<\/section>\n<\/div>\n<\/section>\n<section class=\"section\">\n<div class=\"item item-6\">\n<section class=\"image-item\"><img decoding=\"async\" src=\"http:\/\/onlybestminers.com\/wp-content\/uploads\/2020\/08\/20200527_211525-scaled.jpg\" \/><\/section>\n<\/div>\n<div class=\"item item-6\">\n<section class=\"image-item\"><img decoding=\"async\" src=\"http:\/\/onlybestminers.com\/wp-content\/uploads\/2020\/08\/20200527_141843-scaled.jpg\" \/><\/section>\n<\/div>\n<\/section>\n<\/div>\n","protected":false},"excerpt":{"rendered":"<p>W\u0142a\u015bnie nadszed\u0142 prze\u0142omowy moment, na kt\u00f3ry ka\u017cdy u\u017cytkownik koparek kryptowalut czeka\u0142!#OnlyBestMiners wprowadza profesjonalne, autorskie rozwi\u0105zania ch\u0142odzenia koparek kryptowalut przy pomocy cieczy BitCool #OBM. Odkryj zalety Immersion Cooling z #OnlyBestMiners! Korzy\u015bci<\/p>\n","protected":false},"featured_media":24036,"comment_status":"closed","ping_status":"closed","template":"","meta":{"_acf_changed":false},"product_brand":[],"product_cat":[1059,1068],"product_tag":[1069,1070,1074,1072],"class_list":{"0":"post-28417","1":"product","2":"type-product","3":"status-publish","4":"has-post-thumbnail","6":"product_cat-obm-cs","7":"product_cat-rekuperace-tepla","8":"product_tag-icsystems-cs","9":"product_tag-bitcool-cs","10":"product_tag-kapalinove-chlazeni","11":"product_tag-ponorne-chlazeni","13":"first","14":"instock","15":"taxable","16":"shipping-taxable","17":"purchasable","18":"product-type-simple"},"acf":[],"_links":{"self":[{"href":"https:\/\/onlybestminers.com\/cs\/wp-json\/wp\/v2\/product\/28417","targetHints":{"allow":["GET"]}}],"collection":[{"href":"https:\/\/onlybestminers.com\/cs\/wp-json\/wp\/v2\/product"}],"about":[{"href":"https:\/\/onlybestminers.com\/cs\/wp-json\/wp\/v2\/types\/product"}],"replies":[{"embeddable":true,"href":"https:\/\/onlybestminers.com\/cs\/wp-json\/wp\/v2\/comments?post=28417"}],"wp:featuredmedia":[{"embeddable":true,"href":"https:\/\/onlybestminers.com\/cs\/wp-json\/wp\/v2\/media\/24036"}],"wp:attachment":[{"href":"https:\/\/onlybestminers.com\/cs\/wp-json\/wp\/v2\/media?parent=28417"}],"wp:term":[{"taxonomy":"product_brand","embeddable":true,"href":"https:\/\/onlybestminers.com\/cs\/wp-json\/wp\/v2\/product_brand?post=28417"},{"taxonomy":"product_cat","embeddable":true,"href":"https:\/\/onlybestminers.com\/cs\/wp-json\/wp\/v2\/product_cat?post=28417"},{"taxonomy":"product_tag","embeddable":true,"href":"https:\/\/onlybestminers.com\/cs\/wp-json\/wp\/v2\/product_tag?post=28417"}],"curies":[{"name":"wp","href":"https:\/\/api.w.org\/{rel}","templated":true}]}}