{"id":28420,"date":"2021-01-14T23:02:15","date_gmt":"2021-01-14T22:02:15","guid":{"rendered":"http:\/\/onlybestminers.com\/produkt\/antminer-innosilicon-a10-pro-7g-720mh\/"},"modified":"2024-06-20T13:08:16","modified_gmt":"2024-06-20T11:08:16","slug":"antminer-innosilicon-a10-pro-7g-720mh","status":"publish","type":"product","link":"https:\/\/onlybestminers.com\/cs\/produkt\/antminer-innosilicon-a10-pro-7g-720mh\/","title":{"rendered":"INNOSILICON A10 Pro"},"content":{"rendered":"<p style=\"text-align: right;\"><img loading=\"lazy\" decoding=\"async\" class=\"wp-image-9647\" src=\"http:\/\/onlybestminers.com\/wp-content\/uploads\/2021\/01\/6157F15F-B16E-479A-8D11-8CCE9C724CA3-1-225x300.jpeg\" alt=\"\" width=\"264\" height=\"352\" srcset=\"https:\/\/onlybestminers.com\/wp-content\/uploads\/2021\/01\/6157F15F-B16E-479A-8D11-8CCE9C724CA3-1-225x300.jpeg 225w, https:\/\/onlybestminers.com\/wp-content\/uploads\/2021\/01\/6157F15F-B16E-479A-8D11-8CCE9C724CA3-1-768x1024.jpeg 768w, https:\/\/onlybestminers.com\/wp-content\/uploads\/2021\/01\/6157F15F-B16E-479A-8D11-8CCE9C724CA3-1-1152x1536.jpeg 1152w, https:\/\/onlybestminers.com\/wp-content\/uploads\/2021\/01\/6157F15F-B16E-479A-8D11-8CCE9C724CA3-1-1536x2048.jpeg 1536w, https:\/\/onlybestminers.com\/wp-content\/uploads\/2021\/01\/6157F15F-B16E-479A-8D11-8CCE9C724CA3-1-600x800.jpeg 600w, https:\/\/onlybestminers.com\/wp-content\/uploads\/2021\/01\/6157F15F-B16E-479A-8D11-8CCE9C724CA3-1-scaled.jpeg 1920w\" sizes=\"auto, (max-width: 264px) 100vw, 264px\" \/><\/p>\n<h4 style=\"text-align: center;\"><span style=\"color: #ff6600;\"><em><strong>Vzhledem k rozmachu kryptom\u011bn je cena objedn\u00e1vky garantov\u00e1na, pokud je p\u0159ips\u00e1no 100 % \u010d\u00e1stky nebo je odesl\u00e1no potvrzen\u00ed o platb\u011b. Po 24 hodin\u00e1ch nedostate\u010dn\u00fdch finan\u010dn\u00edch prost\u0159edk\u016f se objedn\u00e1vka automaticky zru\u0161\u00ed!<\/strong><\/em><\/span><\/h4>\n<p style=\"text-align: left;\">Vysoce v\u00fdkonn\u00e9 r\u00fdpadlo pro t\u011b\u017ebu<\/p>\n<p style=\"text-align: left;\">Etherum Innosilicon &#8211; <strong>A10 Pro 6G\/7G <\/strong><strong>720MH\/s<b>1350W<\/b><\/strong><br \/>\nAlgoritmus: <strong>Etchash<\/strong><br \/>\nNap\u00e1jen\u00ed: v cen\u011b<br \/>\n\u00da\u017easn\u00e1 kvalita od jednoho z nejlep\u0161\u00edch v\u00fdrobc\u016f bagr\u016f.Velmi efektivn\u00ed &#8211; n\u00e1kladov\u011b efektivn\u00ed t\u011b\u017eba v sou\u010dasn\u00fdch polsk\u00fdch podm\u00ednk\u00e1ch.<\/p>\n<p style=\"text-align: left;\">Pom\u016f\u017eeme v\u00e1m se <strong>V\u0160\u00cdM,<\/strong> nemus\u00edte v\u011bd\u011bt nic o kop\u00e1n\u00ed nebo dokonce o po\u010d\u00edta\u010d\u00edch \ud83d\ude42<\/p>\n<p>&nbsp;<\/p>\n<p>&nbsp;<\/p>\n<p style=\"text-align: left;\"><strong><span style=\"color: #ff0000;\">AKVIZICE:<\/span><br \/>\nMo\u017enost vlastn\u00ed lokalizace.<\/strong><\/p>\n<p style=\"text-align: left;\"><span style=\"color: #ff0000;\"><strong>SPOLE\u010cN\u00c9 UM\u00cdST\u011aN\u00cd A HOSTING:<\/strong><\/span><br \/>\n<strong>Spole\u010dn\u00e9 um\u00edst\u011bn\u00ed<\/strong>: 0,65 kWh PLN<\/p>\n<hr>\n<section class=\"text-item\"><\/section>\n<section class=\"text-item\">\n<section>\n<section><img loading=\"lazy\" decoding=\"async\" class=\"wp-image-9643 alignright\" src=\"http:\/\/onlybestminers.com\/wp-content\/uploads\/2021\/01\/50F745FE-08A1-4E73-AFE3-09190ABC03C9-1-225x300.jpeg\" alt=\"\" width=\"235\" height=\"314\" srcset=\"https:\/\/onlybestminers.com\/wp-content\/uploads\/2021\/01\/50F745FE-08A1-4E73-AFE3-09190ABC03C9-1-225x300.jpeg 225w, https:\/\/onlybestminers.com\/wp-content\/uploads\/2021\/01\/50F745FE-08A1-4E73-AFE3-09190ABC03C9-1-768x1024.jpeg 768w, https:\/\/onlybestminers.com\/wp-content\/uploads\/2021\/01\/50F745FE-08A1-4E73-AFE3-09190ABC03C9-1-1152x1536.jpeg 1152w, https:\/\/onlybestminers.com\/wp-content\/uploads\/2021\/01\/50F745FE-08A1-4E73-AFE3-09190ABC03C9-1-1536x2048.jpeg 1536w, https:\/\/onlybestminers.com\/wp-content\/uploads\/2021\/01\/50F745FE-08A1-4E73-AFE3-09190ABC03C9-1-600x800.jpeg 600w, https:\/\/onlybestminers.com\/wp-content\/uploads\/2021\/01\/50F745FE-08A1-4E73-AFE3-09190ABC03C9-1-scaled.jpeg 1920w\" sizes=\"auto, (max-width: 235px) 100vw, 235px\" \/><\/section>\n<section><\/section>\n<section class=\"text-item\">Pro\u010d<b> #OnlyBestMiners:<\/b>&#8211; nejv\u011bt\u0161\u00ed <b>znalosti a zku\u0161enosti<\/b> v oblasti ASIC, horn\u00edk\u016f <\/section>\n<section class=\"text-item\">kryptom\u011bn;- nejv\u011bt\u0161\u00ed <b>v\u00fdb\u011br za\u0159\u00edzen\u00ed<\/b> dostupn\u00fdch na m\u00edst\u011b za nejv\u00fdhodn\u011bj\u0161\u00edch cenov\u00fdch podm\u00ednek;<\/section>\n<section class=\"text-item\"><b><br \/>\nPorad\u00edme, pom\u016f\u017eeme, za\u0161kol\u00edme a nakonfigurujeme.<\/b> Ka\u017ed\u00fd \u010dlov\u011bk bez znalost\u00ed #digitalmining je schopen je u n\u00e1s z\u00edskat a za\u010d\u00edt krypto-dobrodru\u017estv\u00ed.s nejv\u00fdhodn\u011bj\u0161\u00edmi cenov\u00fdmi podm\u00ednkami;- profesion\u00e1ln\u00ed <b>hostingov\u00e9 a <\/b><b>koloka\u010dn\u00ed<\/b> podm\u00ednky v Polsku v n\u011bkolika v\u00fdhodn\u00fdch lokalit\u00e1ch;- profesion\u00e1ln\u00ed, m\u00edstn\u00ed, on-site <b>ASIC servis v Polsku<\/b> po dohod\u011b s na\u0161imi partnery jako: Bitmain, MicroBT, Innosilicon, dal\u0161\u00ed;- p\u0159ed\u00e1v\u00e1me, \u00fapln\u00e9 a praktick\u00e9 znalosti.<\/section>\n<\/section>\n<section class=\"text-item\"><\/section>\n<\/section>\n<section>\n<hr>\n<\/section>\n<section><img loading=\"lazy\" decoding=\"async\" class=\"wp-image-9675 alignright\" src=\"http:\/\/onlybestminers.com\/wp-content\/uploads\/2021\/01\/IMG_0442-2-225x300.jpg\" alt=\"\" width=\"222\" height=\"296\" srcset=\"https:\/\/onlybestminers.com\/wp-content\/uploads\/2021\/01\/IMG_0442-2-225x300.jpg 225w, https:\/\/onlybestminers.com\/wp-content\/uploads\/2021\/01\/IMG_0442-2-768x1024.jpg 768w, https:\/\/onlybestminers.com\/wp-content\/uploads\/2021\/01\/IMG_0442-2-1152x1536.jpg 1152w, https:\/\/onlybestminers.com\/wp-content\/uploads\/2021\/01\/IMG_0442-2-1536x2048.jpg 1536w, https:\/\/onlybestminers.com\/wp-content\/uploads\/2021\/01\/IMG_0442-2-600x800.jpg 600w, https:\/\/onlybestminers.com\/wp-content\/uploads\/2021\/01\/IMG_0442-2-scaled.jpg 1920w\" sizes=\"auto, (max-width: 222px) 100vw, 222px\" \/> <img loading=\"lazy\" decoding=\"async\" class=\"wp-image-9679 alignright\" src=\"http:\/\/onlybestminers.com\/wp-content\/uploads\/2021\/01\/IMG_0444-2-225x300.jpg\" alt=\"\" width=\"222\" height=\"296\" srcset=\"https:\/\/onlybestminers.com\/wp-content\/uploads\/2021\/01\/IMG_0444-2-225x300.jpg 225w, https:\/\/onlybestminers.com\/wp-content\/uploads\/2021\/01\/IMG_0444-2-768x1024.jpg 768w, https:\/\/onlybestminers.com\/wp-content\/uploads\/2021\/01\/IMG_0444-2-1152x1536.jpg 1152w, https:\/\/onlybestminers.com\/wp-content\/uploads\/2021\/01\/IMG_0444-2-1536x2048.jpg 1536w, https:\/\/onlybestminers.com\/wp-content\/uploads\/2021\/01\/IMG_0444-2-600x800.jpg 600w, https:\/\/onlybestminers.com\/wp-content\/uploads\/2021\/01\/IMG_0444-2-scaled.jpg 1920w\" sizes=\"auto, (max-width: 222px) 100vw, 222px\" \/><\/section>\n<section><\/section>\n<section>Vzhledem k povaze prod\u00e1van\u00fdch za\u0159\u00edzen\u00ed nem\u00e1te pr\u00e1vo na odstoupen\u00ed od smlouvy p\u0159i n\u00e1kupu t\u011b\u017eebn\u00edch za\u0159\u00edzen\u00ed pro kryptom\u011bny. Kupuj\u00edc\u00ed t\u00edmto potvrzuje, \u017ee je sezn\u00e1men s t\u00edm, \u017ee v souladu s \u010dl\u00e1nkem 38. Po obdr\u017een\u00ed funk\u010dn\u00edho za\u0159\u00edzen\u00ed ztr\u00e1c\u00edte pr\u00e1vo na odstoupen\u00ed od smlouvy v souladu se z\u00e1konem ze dne 30. kv\u011btna 2014 o pr\u00e1vech spot\u0159ebitele.<\/section>\n<section><\/section>\n","protected":false},"excerpt":{"rendered":"<p>Vzhledem k rozmachu kryptom\u011bn je cena objedn\u00e1vky garantov\u00e1na, pokud je p\u0159ips\u00e1no 100 % \u010d\u00e1stky nebo je odesl\u00e1no potvrzen\u00ed o platb\u011b. Po 24 hodin\u00e1ch nedostate\u010dn\u00fdch finan\u010dn\u00edch prost\u0159edk\u016f se objedn\u00e1vka automaticky zru\u0161\u00ed!<\/p>\n","protected":false},"featured_media":29159,"comment_status":"closed","ping_status":"closed","template":"","meta":{"_acf_changed":false},"product_brand":[],"product_cat":[1041,1040,1266,1039,972,936],"product_tag":[1267,1044],"class_list":{"0":"post-28420","1":"product","2":"type-product","3":"status-publish","4":"has-post-thumbnail","6":"product_cat-etchash-cs-2","7":"product_cat-etchash-cs","8":"product_cat-ethash4g-cs","9":"product_cat-innosilicon-cs","10":"product_cat-pouzite","11":"product_cat-tezari-kryptomen-asic","12":"product_tag-a10-cs","13":"product_tag-etchash-cs","14":"product_shipping_class-7-dni-cs","16":"first","17":"instock","18":"taxable","19":"shipping-taxable","20":"purchasable","21":"product-type-simple"},"acf":[],"_links":{"self":[{"href":"https:\/\/onlybestminers.com\/cs\/wp-json\/wp\/v2\/product\/28420","targetHints":{"allow":["GET"]}}],"collection":[{"href":"https:\/\/onlybestminers.com\/cs\/wp-json\/wp\/v2\/product"}],"about":[{"href":"https:\/\/onlybestminers.com\/cs\/wp-json\/wp\/v2\/types\/product"}],"replies":[{"embeddable":true,"href":"https:\/\/onlybestminers.com\/cs\/wp-json\/wp\/v2\/comments?post=28420"}],"wp:featuredmedia":[{"embeddable":true,"href":"https:\/\/onlybestminers.com\/cs\/wp-json\/wp\/v2\/media\/29159"}],"wp:attachment":[{"href":"https:\/\/onlybestminers.com\/cs\/wp-json\/wp\/v2\/media?parent=28420"}],"wp:term":[{"taxonomy":"product_brand","embeddable":true,"href":"https:\/\/onlybestminers.com\/cs\/wp-json\/wp\/v2\/product_brand?post=28420"},{"taxonomy":"product_cat","embeddable":true,"href":"https:\/\/onlybestminers.com\/cs\/wp-json\/wp\/v2\/product_cat?post=28420"},{"taxonomy":"product_tag","embeddable":true,"href":"https:\/\/onlybestminers.com\/cs\/wp-json\/wp\/v2\/product_tag?post=28420"}],"curies":[{"name":"wp","href":"https:\/\/api.w.org\/{rel}","templated":true}]}}