{"id":34172,"date":"2024-08-23T13:05:07","date_gmt":"2024-08-23T11:05:07","guid":{"rendered":"https:\/\/onlybestminers.com\/produkt\/elphapex-dg-home-1\/"},"modified":"2024-08-23T13:05:07","modified_gmt":"2024-08-23T11:05:07","slug":"elphapex-dg-home-1","status":"publish","type":"product","link":"https:\/\/onlybestminers.com\/cs\/produkt\/elphapex-dg-home-1\/","title":{"rendered":"ElphaPex DG Home 1"},"content":{"rendered":"<section class=\"text-item\"><\/section>\n<div class=\"esp_column_description\">\n<section class=\"section\">\n<div class=\"item item-6\" style=\"text-align: left;\"><b><strong>Elphapex DG HOME 1  <a href=\"http:\/\/onlybestminers.com\/wp-content\/uploads\/2024\/03\/Cryptocurrency-Litecoin-Logo-Graphics-13458855-1-scaled.jpg\"><img loading=\"lazy\" decoding=\"async\" class=\"wp-image-30101 alignnone\" src=\"https:\/\/onlybestminers.com\/wp-content\/uploads\/2024\/03\/Cryptocurrency-Litecoin-Logo-Graphics-13458855-1-300x225.jpg\" sizes=\"auto, (max-width: 40px) 100vw, 40px\" srcset=\"https:\/\/onlybestminers.com\/wp-content\/uploads\/2024\/03\/Cryptocurrency-Litecoin-Logo-Graphics-13458855-1-300x225.jpg 300w, http:\/\/onlybestminers.com\/wp-content\/uploads\/2024\/03\/Cryptocurrency-Litecoin-Logo-Graphics-13458855-1-1024x768.jpg 1024w, http:\/\/onlybestminers.com\/wp-content\/uploads\/2024\/03\/Cryptocurrency-Litecoin-Logo-Graphics-13458855-1-768x576.jpg 768w, http:\/\/onlybestminers.com\/wp-content\/uploads\/2024\/03\/Cryptocurrency-Litecoin-Logo-Graphics-13458855-1-1536x1152.jpg 1536w, http:\/\/onlybestminers.com\/wp-content\/uploads\/2024\/03\/Cryptocurrency-Litecoin-Logo-Graphics-13458855-1-2048x1536.jpg 2048w, http:\/\/onlybestminers.com\/wp-content\/uploads\/2024\/03\/Cryptocurrency-Litecoin-Logo-Graphics-13458855-1-600x450.jpg 600w\" alt=\"\" width=\"40\" height=\"30\"><\/a> <\/strong><\/b><\/div>\n<div class=\"esp_column_description\">\n<section class=\"section\">\n<div class=\"item item-6\" style=\"text-align: left;\">\n<section>\n<div class=\"_1voj4 _z9prt _1xzdi _ai5yc _5d6n2 _15lj1\">\n<div class=\"_2d49e_5pK0q\">\n<div class=\"_1bo4a _xu6h2 _1ylmp _2d49e_YrWCD\">\n<div class=\"_1voj4 _z9prt _1xzdi _ai5yc _5d6n2 _15lj1\">\n<table>\n<tbody>\n<tr>\n<td>V\u00fdkon:<\/td>\n<td><strong>2Gh<\/strong><\/td>\n<\/tr>\n<tr>\n<td>P\u0159\u00edjem:<\/td>\n<td><strong>620<\/strong><\/td>\n<\/tr>\n<tr>\n<td>Algoritmus:<\/td>\n<td><strong>Scrypt<\/strong><\/td>\n<\/tr>\n<\/tbody>\n<\/table>\n<p>Za\u010dn\u011bte sv\u00e9 kryptom\u011bnov\u00e9 dobrodru\u017estv\u00ed je\u0161t\u011b dnes! Tento pozoruhodn\u00fd n\u00e1stroj nen\u00ed jen bagr, je to inovativn\u00ed stroj, kter\u00fd zm\u011bn\u00ed v\u00e1\u0161 pohled na finance.<\/p>\n<p>Rypadlo je vybaveno nejmodern\u011bj\u0161\u00edmi technologiemi a p\u0159edstavuje skute\u010dn\u00e9 v\u00fdkonn\u00e9 monstrum.  <img decoding=\"async\" class=\"emoji\" role=\"img\" draggable=\"false\" src=\"https:\/\/s.w.org\/images\/core\/emoji\/15.0.3\/svg\/1f3c6.svg\" alt=\"\ud83c\udfc6\"><\/p>\n<p>Z\u00edskejte n\u00e1skok a dosta\u0148te se na vrchol t\u00e9to hork\u00e9 investi\u010dn\u00ed vlny t\u00edm, \u017ee vyu\u017eijete p\u0159\u00edle\u017eitost\u00ed, kter\u00e9 rypadla nab\u00edzej\u00ed.<\/p>\n<p>Jste p\u0159ipraveni na cestu do sv\u011bta digit\u00e1ln\u00edho bohatstv\u00ed?  <img decoding=\"async\" class=\"emoji\" role=\"img\" draggable=\"false\" src=\"https:\/\/s.w.org\/images\/core\/emoji\/15.0.3\/svg\/1f4b0.svg\" alt=\"\ud83d\udcb0\"><\/p>\n<\/div>\n<\/div>\n<\/div>\n<\/div>\n<p>&nbsp;<\/p>\n<p>P\u0159edpokl\u00e1dan\u00e9 datum dod\u00e1n\u00ed stroje od v\u00fdrobce je prosinec 2024.<\/p>\n<div class=\"_1voj4 _z9prt _1xzdi _ai5yc _5d6n2 _15lj1\">\n<div class=\"_2d49e_5pK0q\">\n<div class=\"_1bo4a _xu6h2 _1ylmp _2d49e_YrWCD\">\n<div class=\"_1voj4 _z9prt _1xzdi _ai5yc _5d6n2 _15lj1\">\n<hr>\n<p>Pro\u010d <b>#OnlyBestMiners<\/b>:<\/p>\n<\/div>\n<\/div>\n<div class=\"_1bo4a _xu6h2 _1ylmp _2d49e_YrWCD\">\n<div class=\"_1voj4 _z9prt _1xzdi _ai5yc _5d6n2 _15lj1\">\n<div class=\"_4lbi0 _6kfrx _ur8qq _u5o1q _1xm8p _1agsg\">\n<div class=\"_18vat _10a7o _1yhvf _7ccvy\">\n<div class=\"_1fwkl\">\n<p>&#8211; nejv\u011bt\u0161\u00ed <b>znalosti a zku\u0161enosti v<\/b> oblasti ASIC, t\u011b\u017ea\u0159\u016f kryptom\u011bn;<\/p>\n<p>&#8211; nejv\u011bt\u0161\u00ed <b>v\u00fdb\u011br vybaven\u00ed, kter\u00e9<\/b> je na m\u00edst\u011b k dispozici za nejv\u00fdhodn\u011bj\u0161\u00edch cenov\u00fdch podm\u00ednek;<\/p>\n<p>&#8211; profesion\u00e1ln\u00ed <b>hostingov\u00e9<\/b> podm\u00ednky v Polsku na n\u011bkolika v\u00fdhodn\u00fdch m\u00edstech;<\/p>\n<p>&#8211; profesion\u00e1ln\u00ed, m\u00edstn\u00ed, on-site <b>servis ASIC v Polsku<\/b> po konzultaci s na\u0161imi partnery, jako jsou Bitmain, MicroBT, Innosilicon a dal\u0161\u00ed;<\/p>\n<p>&#8211; P\u0159ed\u00e1v\u00e1me, \u00fapln\u00e9 a praktick\u00e9 znalosti. <b>Rad\u00edme, pom\u00e1h\u00e1me, \u0161kol\u00edme a konfigurujeme<\/b>. Ka\u017ed\u00e1 osoba bez znalost\u00ed o #digitalminingu je schopna s n\u00e1mi tuto znalost z\u00edskat a za\u010d\u00edt svou krypto dobrodru\u017estv\u00ed.<\/p>\n<\/div>\n<\/div>\n<\/div>\n<\/div>\n<\/div>\n<\/div>\n<\/div>\n<div class=\"_1voj4 _z9prt _1xzdi _ai5yc _5d6n2 _15lj1\">\n<div class=\"_2d49e_5pK0q\">\n<div class=\"_1bo4a _xu6h2 _1ylmp _2d49e_YrWCD\">\n<div class=\"_1voj4 _z9prt _1xzdi _ai5yc _5d6n2 _15lj1\">\n<div class=\"_2d49e_5pK0q\">\n<hr>\n<p><em>Vzhledem k povaze prod\u00e1van\u00fdch za\u0159\u00edzen\u00ed nem\u00e1te pr\u00e1vo na odstoupen\u00ed od smlouvy p\u0159i n\u00e1kupu t\u011b\u017eebn\u00edch za\u0159\u00edzen\u00ed pro kryptom\u011bny. Kupuj\u00edc\u00ed t\u00edmto potvrzuje, \u017ee je sezn\u00e1men s t\u00edm, \u017ee v souladu s \u010dl\u00e1nkem 38. Po obdr\u017een\u00ed funk\u010dn\u00edho za\u0159\u00edzen\u00ed ztr\u00e1c\u00edte pr\u00e1vo na odstoupen\u00ed od smlouvy v souladu se z\u00e1konem ze dne 30. kv\u011btna 2014 o pr\u00e1vech spot\u0159ebitele.<\/em><\/p>\n<\/div>\n<\/div>\n<\/div>\n<\/div>\n<\/div>\n<\/section>\n<\/div>\n<\/section>\n<\/div>\n<\/section>\n<\/div>\n","protected":false},"excerpt":{"rendered":"<p>Elphapex DG HOME 1 V\u00fdkon: 2Gh P\u0159\u00edjem: 620 Algoritmus: Scrypt Za\u010dn\u011bte sv\u00e9 kryptom\u011bnov\u00e9 dobrodru\u017estv\u00ed je\u0161t\u011b dnes! Tento pozoruhodn\u00fd n\u00e1stroj nen\u00ed jen bagr, je to inovativn\u00ed stroj, kter\u00fd zm\u011bn\u00ed v\u00e1\u0161 pohled<\/p>\n","protected":false},"featured_media":32945,"comment_status":"closed","ping_status":"closed","template":"","meta":{"_acf_changed":false},"product_brand":[],"product_cat":[1635,1624,938,1051,1654,936,1032],"product_tag":[941,1754,1627,1641,1262,1053],"class_list":{"0":"post-34172","1":"product","2":"type-product","3":"status-publish","4":"has-post-thumbnail","6":"product_cat-homemining","7":"product_cat-elphapex","8":"product_cat-novy","9":"product_cat-scrypt-cs","10":"product_cat-scrypt-ltc-doge","11":"product_cat-tezari-kryptomen-asic","12":"product_cat-vyrobci-rypadel","13":"product_tag-asic-cs","14":"product_tag-dg","15":"product_tag-elphapex","16":"product_tag-homedolovani","17":"product_tag-ltcdoge-cs","18":"product_tag-scrypt-cs","20":"first","21":"instock","22":"taxable","23":"shipping-taxable","24":"purchasable","25":"product-type-simple"},"acf":[],"_links":{"self":[{"href":"https:\/\/onlybestminers.com\/cs\/wp-json\/wp\/v2\/product\/34172","targetHints":{"allow":["GET"]}}],"collection":[{"href":"https:\/\/onlybestminers.com\/cs\/wp-json\/wp\/v2\/product"}],"about":[{"href":"https:\/\/onlybestminers.com\/cs\/wp-json\/wp\/v2\/types\/product"}],"replies":[{"embeddable":true,"href":"https:\/\/onlybestminers.com\/cs\/wp-json\/wp\/v2\/comments?post=34172"}],"wp:featuredmedia":[{"embeddable":true,"href":"https:\/\/onlybestminers.com\/cs\/wp-json\/wp\/v2\/media\/32945"}],"wp:attachment":[{"href":"https:\/\/onlybestminers.com\/cs\/wp-json\/wp\/v2\/media?parent=34172"}],"wp:term":[{"taxonomy":"product_brand","embeddable":true,"href":"https:\/\/onlybestminers.com\/cs\/wp-json\/wp\/v2\/product_brand?post=34172"},{"taxonomy":"product_cat","embeddable":true,"href":"https:\/\/onlybestminers.com\/cs\/wp-json\/wp\/v2\/product_cat?post=34172"},{"taxonomy":"product_tag","embeddable":true,"href":"https:\/\/onlybestminers.com\/cs\/wp-json\/wp\/v2\/product_tag?post=34172"}],"curies":[{"name":"wp","href":"https:\/\/api.w.org\/{rel}","templated":true}]}}