{"id":34308,"date":"2023-10-22T17:06:20","date_gmt":"2023-10-22T15:06:20","guid":{"rendered":"https:\/\/onlybestminers.com\/produkt\/trezor-safe-3\/"},"modified":"2023-10-22T17:06:20","modified_gmt":"2023-10-22T15:06:20","slug":"trezor-safe-3","status":"publish","type":"product","link":"https:\/\/onlybestminers.com\/cs\/produkt\/trezor-safe-3\/","title":{"rendered":"Trezor Safe 3"},"content":{"rendered":"<h3 class=\"text-item\"><span style=\"color: #0179cf;\"><b style=\"font-family: 'arial black', sans-serif;\"><strong>Trezor Safe 3<\/strong><\/b><\/span><\/h3>\n<p><span style=\"color: #000000;\">Nejnov\u011bj\u0161\u00ed hardwarov\u00e1 pen\u011b\u017eenka Trezor s ochranou Secure Element, otev\u0159en\u00fdm designem a potvrzen\u00edm p\u0159\u00edmo v za\u0159\u00edzen\u00ed je je\u0161t\u011b bezpe\u010dn\u011bj\u0161\u00ed ne\u017e ostatn\u00ed.<\/span><\/p>\n<table style=\"border-collapse: collapse; width: 14.8371%; height: 83px;\">\n<tbody>\n<tr>\n<td style=\"width: 25.3378%;\">Barva<\/td>\n<td style=\"width: 74.6622%;\">\n<ul>\n<li>\u010cern\u00e1<\/li>\n<\/ul>\n<\/td>\n<\/tr>\n<tr>\n<td style=\"width: 25.3378%;\"><\/td>\n<td style=\"width: 74.6622%;\">\n<ul>\n<li>Silver<\/li>\n<\/ul>\n<\/td>\n<\/tr>\n<tr>\n<td style=\"width: 25.3378%;\"><\/td>\n<td style=\"width: 74.6622%;\">\n<ul>\n<li>Zlato<\/li>\n<\/ul>\n<\/td>\n<\/tr>\n<tr>\n<td style=\"width: 25.3378%;\"><\/td>\n<td style=\"width: 74.6622%;\">\n<ul>\n<li>R\u016f\u017eov\u00e1<\/li>\n<\/ul>\n<\/td>\n<\/tr>\n<\/tbody>\n<\/table>\n<p><b style=\"color: #ff99cc;\"><span style=\"color: #0179cf;\">OnlyBestMiners<\/span><span style=\"color: #000000;\"> <\/span><\/b><span style=\"color: #000000;\">ofici\u00e1ln\u00ed partner a distributor spole\u010dnosti <b>Trezor <\/b>p\u0159edstavuje<\/span><\/p>\n<div class=\"esp_column_description\">\n<section class=\"section\">\n<div class=\"item item-6\">\n<section class=\"text-item\"><span style=\"color: #000000;\"><strong>Novinky:<\/strong><\/span><\/section>\n<\/div>\n<div class=\"item item-6\">\n<ul>\n<li class=\"text-item\"><span style=\"color: #000000;\">Za\u0159\u00edzen\u00ed je vybaveno nejmodern\u011bj\u0161\u00edmi funkcemi, v\u010detn\u011b zabezpe\u010den\u00e9ho prvku (EAL6+) a hesla pro p\u0159\u00edstup k za\u0159\u00edzen\u00ed, a p\u0159edstavuje tak neproniknuteln\u00fd bezpe\u010dnostn\u00ed p\u00e1r.<\/span><\/li>\n<li><span style=\"color: #000000;\">Rozlu\u010dte se s obavami o kryptom\u011bny. Se z\u00e1lohou pen\u011b\u017eenky jste kryt\u00ed. <\/span><\/li>\n<li><span style=\"color: #000000;\">Vyberte si standardn\u00ed z\u00e1lohu &#8211; seznam 12 slov pro snadn\u00fd p\u0159\u00edstup.<\/span><\/li>\n<li><span style=\"color: #000000;\">A ten vzhled? Elegantn\u00ed, stylov\u00fd a modern\u00ed design. <\/span><\/li>\n<li><span style=\"color: #000000;\">Seznamte se s hardwarovou pen\u011b\u017eenkou nov\u00e9 generace &#8211; s Trezor Safe 3 v\u00e1s \u010dek\u00e1 budoucnost zabezpe\u010den\u00ed kryptom\u011bn!<\/span><\/li>\n<\/ul>\n<p><span style=\"color: #000000;\"><strong>Co najdete v krabici:<\/strong><\/span><\/p>\n<ul>\n<li><span style=\"color: #000000;\">Hardwarov\u00e1 pen\u011b\u017eenka Trezor Safe 3<\/span><\/li>\n<li><span style=\"color: #000000;\">Kabel USB typu C<\/span><\/li>\n<li><span style=\"color: #000000;\">2x karta pro obnovu<\/span><\/li>\n<li><span style=\"color: #000000;\">Pokyny<\/span><\/li>\n<li><span style=\"color: #000000;\">N\u00e1lepky Trezor<\/span><\/li>\n<\/ul>\n<\/div>\n<\/section>\n<section class=\"section\">\n<div class=\"item item-6\">\n<p><strong><span style=\"color: #000000;\">Podporuje velmi velk\u00e9 mno\u017estv\u00ed kryptom\u011bn:<\/span><\/strong><\/p>\n<section class=\"text-item\">\n<ul>\n<li><span style=\"color: #000000;\"><b>Bitcoin (BTC):<\/b> TREZOR Pen\u011b\u017eenka<\/span><\/li>\n<li><span style=\"color: #000000;\"><b>Litecoin (LTC):<\/b> TREZOR Pen\u011b\u017eenka<\/span><\/li>\n<li><span style=\"color: #000000;\"><b>DASH:<\/b> TREZOR Pen\u011b\u017eenka<\/span><\/li>\n<li><span style=\"color: #000000;\"><b>Zcash (ZEC):<\/b> TREZOR Pen\u011b\u017eenka<\/span><\/li>\n<li><span style=\"color: #000000;\"><b>Bitcoin Cash \/ Bcash (BCH):<\/b> TREZOR Pen\u011b\u017eenka<\/span><\/li>\n<li><span style=\"color: #000000;\"><b>Bitcoin Gold (BTG):<\/b> TREZOR Pen\u011b\u017eenka<\/span><\/li>\n<li><span style=\"color: #000000;\"><b>Ethereum (ETH):<\/b> MyEtherWallet<\/span><\/li>\n<li><span style=\"color: #000000;\"><b>Ethereum Classic (ETC):<\/b> MyEtherWallet<\/span><\/li>\n<li><span style=\"color: #000000;\"><b>Tokeny ERC-20:<\/b> MyEtherWallet<\/span><\/li>\n<li><span style=\"color: #000000;\"><b>Expanse (EXP):<\/b> MyEtherWallet<\/span><\/li>\n<li><span style=\"color: #000000;\"><b>UBIQ (UBQ):<\/b> MyEtherWallet<\/span><\/li>\n<li><span style=\"color: #000000;\"><b>NEM (XEM):<\/b> NEM Nano Wallet<\/span><\/li>\n<li><span style=\"color: #000000;\"><b>Namecoin:<\/b> \u017d\u00e1dn\u00e9 rozhran\u00ed<\/span><\/li>\n<li><span style=\"color: #000000;\"><b>Dogecoin:<\/b> \u017d\u00e1dn\u00e9 rozhran\u00ed<\/span><\/li>\n<li><span style=\"color: #000000;\"><b>Bitcoin Testnet:<\/b> Vlastn\u00ed pen\u011b\u017eenka TREZOR<\/span><\/li>\n<\/ul>\n<p>&nbsp;<\/p>\n<hr>\n<section class=\"text-item\"><span style=\"color: #000000;\">Hardwarov\u00e1 pen\u011b\u017eenka, zn\u00e1m\u00e1 tak\u00e9 jako &#8220;hardwarov\u00e1 pen\u011b\u017eenka&#8221; nebo &#8220;studen\u00e1 pen\u011b\u017eenka&#8221;. Trezor je mezi <b>profesion\u00e1ly<\/b> nejobl\u00edben\u011bj\u0161\u00ed pen\u011b\u017eenkou. <\/span><\/section>\n<section class=\"text-item\"><span style=\"color: #000000;\"><b>Pod\u00edvejte se na n\u00e1s: <\/b><span style=\"color: #0179cf;\"><a style=\"color: #0179cf;\" href=\"https:\/\/trezor.io\/resellers\/\"><b>https:\/\/trezor.io\/resellers\/<\/b><\/a><\/span><\/span><\/section>\n<p><span style=\"color: #000000;\">Seznam p\u0159ij\u00edman\u00fdch kryptom\u011bn najdete na adrese:<\/span> <strong><span style=\"color: #0179cf;\"><a style=\"color: #0179cf;\" href=\"https:\/\/trezor.io\/coins\/\">https:\/\/trezor.io\/coins\/<\/a><\/span><\/strong><\/p>\n<\/section>\n<\/div>\n<\/section>\n<section class=\"section\">\n<div class=\"item item-6\">\n<section class=\"text-item\"><span style=\"color: #000000;\"><b>OnlyBestMiners<\/b> &#8211; je ofici\u00e1ln\u00edm partnerem a distributorem produkt\u016f <b>Trezor<\/b> a <b>ShatoshiLab<\/b> pro polsk\u00fd trh.<\/span><\/section>\n<\/div>\n<\/section>\n<section class=\"section\">\n<div class=\"item item-6\"><span style=\"color: #000000;\"><strong>Deklarovan\u00e9 datum dod\u00e1n\u00ed v\u00fdrobku<\/strong> &#8211; za\u010d\u00e1tek ledna 2025.<\/span><\/div>\n<div><\/div>\n<\/section>\n<\/div>\n<div>\n<div class=\"_1voj4 _z9prt _1xzdi _ai5yc _5d6n2 _15lj1\">\n<div class=\"_2d49e_5pK0q\">\n<div class=\"_1bo4a _xu6h2 _1ylmp _2d49e_YrWCD\">\n<div class=\"_1voj4 _z9prt _1xzdi _ai5yc _5d6n2 _15lj1\">\n<div class=\"_2d49e_5pK0q\">\n<hr>\n<p style=\"text-align: center;\"><em>Vzhledem k povaze prod\u00e1van\u00e9ho za\u0159\u00edzen\u00ed nem\u00e1te p\u0159i n\u00e1kupu t\u011b\u017ea\u0159\u016f kryptom\u011bn pr\u00e1vo na odstoupen\u00ed od smlouvy. Kupuj\u00edc\u00ed t\u00edmto potvrzuje, \u017ee je sezn\u00e1men s t\u00edm, \u017ee v souladu s \u010dl\u00e1nkem 38. Po obdr\u017een\u00ed funk\u010dn\u00edho za\u0159\u00edzen\u00ed ztr\u00e1c\u00edte pr\u00e1vo na odstoupen\u00ed od smlouvy v souladu se z\u00e1konem ze dne 30. kv\u011btna 2014 o pr\u00e1vech spot\u0159ebitele.<\/em><\/p>\n<\/div>\n<\/div>\n<\/div>\n<\/div>\n<\/div>\n<\/div>\n","protected":false},"excerpt":{"rendered":"<p>Trezor Safe 3 Nejnov\u011bj\u0161\u00ed hardwarov\u00e1 pen\u011b\u017eenka Trezor s ochranou Secure Element, otev\u0159en\u00fdm designem a potvrzen\u00edm p\u0159\u00edmo v za\u0159\u00edzen\u00ed je je\u0161t\u011b bezpe\u010dn\u011bj\u0161\u00ed ne\u017e ostatn\u00ed. Barva \u010cern\u00e1 Silver Zlato R\u016f\u017eov\u00e1 OnlyBestMiners ofici\u00e1ln\u00ed<\/p>\n","protected":false},"featured_media":33211,"comment_status":"open","ping_status":"closed","template":"","meta":{"_acf_changed":false},"product_brand":[],"product_cat":[1003,1002,1552],"product_tag":[976,1008,1558,1005,1007,1006,1004],"class_list":{"0":"post-34308","1":"product","2":"type-product","3":"status-publish","4":"has-post-thumbnail","6":"product_cat-penezenky","7":"product_cat-prislusenstvi","8":"product_cat-trezor","9":"product_tag-bitcoin-cs","10":"product_tag-coldwallet-cs","11":"product_tag-novy","12":"product_tag-penezenka","13":"product_tag-penezenka-cs","14":"product_tag-prislusenstvi","15":"product_tag-trezor-cs","16":"product_shipping_class-48h-cs","18":"first","19":"instock","20":"taxable","21":"shipping-taxable","22":"purchasable","23":"product-type-variable"},"acf":[],"_links":{"self":[{"href":"https:\/\/onlybestminers.com\/cs\/wp-json\/wp\/v2\/product\/34308","targetHints":{"allow":["GET"]}}],"collection":[{"href":"https:\/\/onlybestminers.com\/cs\/wp-json\/wp\/v2\/product"}],"about":[{"href":"https:\/\/onlybestminers.com\/cs\/wp-json\/wp\/v2\/types\/product"}],"replies":[{"embeddable":true,"href":"https:\/\/onlybestminers.com\/cs\/wp-json\/wp\/v2\/comments?post=34308"}],"wp:featuredmedia":[{"embeddable":true,"href":"https:\/\/onlybestminers.com\/cs\/wp-json\/wp\/v2\/media\/33211"}],"wp:attachment":[{"href":"https:\/\/onlybestminers.com\/cs\/wp-json\/wp\/v2\/media?parent=34308"}],"wp:term":[{"taxonomy":"product_brand","embeddable":true,"href":"https:\/\/onlybestminers.com\/cs\/wp-json\/wp\/v2\/product_brand?post=34308"},{"taxonomy":"product_cat","embeddable":true,"href":"https:\/\/onlybestminers.com\/cs\/wp-json\/wp\/v2\/product_cat?post=34308"},{"taxonomy":"product_tag","embeddable":true,"href":"https:\/\/onlybestminers.com\/cs\/wp-json\/wp\/v2\/product_tag?post=34308"}],"curies":[{"name":"wp","href":"https:\/\/api.w.org\/{rel}","templated":true}]}}