{"id":34726,"date":"2025-03-07T12:13:09","date_gmt":"2025-03-07T11:13:09","guid":{"rendered":"https:\/\/onlybestminers.com\/produkt\/iceriver-aleo-ae0\/"},"modified":"2025-03-07T12:13:09","modified_gmt":"2025-03-07T11:13:09","slug":"iceriver-aleo-ae0","status":"publish","type":"product","link":"https:\/\/onlybestminers.com\/cs\/produkt\/iceriver-aleo-ae0\/","title":{"rendered":"IceRiver ALEO AE0"},"content":{"rendered":"<div style=\"font-family: 'Inter', sans-serif; margin: 0; padding: 0; background-color: #f8f8f8; color: #000; min-height: 100vh;\">\n<div style=\"background-color: #fff; padding: 30px; border-radius: 12px; box-shadow: 0 10px 30px rgba(0, 0, 0, 0.1); width: 100%; max-width: none; margin: 0; display: flex; flex-direction: column; min-height: 100vh; box-sizing: border-box;\">\n<h2 style=\"margin-bottom: 20px; color: #004080; font-weight: bold;\"><span style=\"color: #0078cd;\">Z\u00e1kladn\u00ed parametry<\/span><\/h2>\n<p dir=\"auto\"><strong><span style=\"color: #000000;\">GoldShell E-AE1M je pokro\u010dil\u00e9 r\u00fdpadlo ASIC ur\u010den\u00e9 pro t\u011b\u017ebu kryptom\u011bn. Vyzna\u010duje se vysok\u00fdm v\u00fdkonem a energetickou \u00fa\u010dinnost\u00ed. <\/span><\/strong><\/p>\n<table style=\"width: 100%; border-collapse: collapse; margin-bottom: 20px; background-color: #fff; border-radius: 8px; box-shadow: 2px 2px 5px rgba(0,0,0,0.02); overflow: hidden;\">\n<tbody>\n<tr>\n<th style=\"padding: 12px; text-align: left; border-bottom: 1px solid #e0e0e0; background-color: #d3d3d3; font-weight: bold; color: #004080;\"><span style=\"color: #0078cd;\">Parametr<\/span><\/th>\n<th style=\"padding: 12px; text-align: left; border-bottom: 1px solid #e0e0e0; background-color: #d3d3d3; font-weight: bold; color: #004080;\"><span style=\"color: #0078cd;\">Specifikace<\/span><\/th>\n<\/tr>\n<tr>\n<td style=\"padding: 12px; text-align: left; border-bottom: 1px solid #e0e0e0;\">Algoritmus<\/td>\n<td style=\"padding: 12px; text-align: left; border-bottom: 1px solid #e0e0e0;\">zkSNARK<\/td>\n<\/tr>\n<tr>\n<td style=\"padding: 12px; text-align: left; border-bottom: 1px solid #e0e0e0;\">V\u00fdkon funkce Hashing<\/td>\n<td style=\"padding: 12px; text-align: left; border-bottom: 1px solid #e0e0e0;\">230 MH\/s<\/td>\n<\/tr>\n<tr>\n<td style=\"padding: 12px; text-align: left; border-bottom: 1px solid #e0e0e0;\">Spot\u0159eba energie<\/td>\n<td style=\"padding: 12px; text-align: left; border-bottom: 1px solid #e0e0e0;\">600 W<\/td>\n<\/tr>\n<tr>\n<td style=\"padding: 12px; text-align: left; border-bottom: 1px solid #e0e0e0;\">V\u00fdrobce<\/td>\n<td style=\"padding: 12px; text-align: left; border-bottom: 1px solid #e0e0e0;\">Goldshell<\/td>\n<\/tr>\n<tr>\n<td style=\"padding: 12px; text-align: left; border-bottom: 1px solid #e0e0e0;\">Model<\/td>\n<td style=\"padding: 12px; text-align: left; border-bottom: 1px solid #e0e0e0;\">E-AE1M<\/td>\n<\/tr>\n<\/tbody>\n<\/table>\n<div style=\"margin-bottom: 20px; padding: 15px; background-color: #fff; border-radius: 8px; box-shadow: 0 10px 30px rgba(0, 0, 0, 0.1); display: flex;\">\n<div style=\"flex: 1;\">\n<h2 style=\"margin-bottom: 20px; color: #004080; font-weight: bold;\"><span style=\"color: #0078cd;\">Technick\u00e9 specifikace<\/span><\/h2>\n<ul style=\"list-style-type: disc; padding-left: 25px; margin-bottom: 20px;\">\n<li style=\"margin-bottom: 8px;\">Algoritmus: zkSNARK<\/li>\n<li style=\"margin-bottom: 8px;\">V\u00fdkon funkce Hashing: 230 MH\/s<\/li>\n<li style=\"margin-bottom: 8px;\">Spot\u0159eba energie: 600 W<\/li>\n<li style=\"margin-bottom: 8px;\">V\u00fdrobce: Goldshell<\/li>\n<li style=\"margin-bottom: 8px;\">Model: E-AE1M<\/li>\n<li style=\"margin-bottom: 8px;\">Dal\u0161\u00ed n\u00e1zvy: Goldshell Echo E-AE1M 3U Rack Miner<\/li>\n<li style=\"margin-bottom: 8px;\">Datum vyd\u00e1n\u00ed: duben 2025<\/li>\n<li style=\"margin-bottom: 8px;\">Velikost: 443 x 360 x 135 mm<\/li>\n<li style=\"margin-bottom: 8px;\">Hmotnost: 15,15 kg<\/li>\n<li style=\"margin-bottom: 8px;\">Hladina hluku: 45 dB<\/li>\n<li style=\"margin-bottom: 8px;\">Chlazen\u00ed: Vzduch<\/li>\n<li style=\"margin-bottom: 8px;\">Ventil\u00e1tory: 2<\/li>\n<li style=\"margin-bottom: 8px;\">V\u00fdkon: 2000 W<\/li>\n<li style=\"margin-bottom: 8px;\">Form\u00e1t p\u0159\u00edlohy: 3U Rack<\/li>\n<li style=\"margin-bottom: 8px;\">Rozhran\u00ed: Ethernet \/ WiFi<\/li>\n<li style=\"margin-bottom: 8px;\">Provozn\u00ed teplota: 5 &#8211; 35 \u00b0C<\/li>\n<li style=\"margin-bottom: 8px;\">Vlhkost: 5 &#8211; 65 %<\/li>\n<\/ul>\n<\/div>\n<p><img decoding=\"async\" style=\"flex: 1; max-height: 472.5px; object-fit: contain; align-self: flex-start; margin-left: 20px;\" src=\"https:\/\/onlybestminers.com\/wp-content\/uploads\/2025\/05\/WeChat-Image_20250512131745.png\" alt=\"GoldShell E-AE1M\"><\/p>\n<\/div>\n<div style=\"margin-bottom: 20px; padding: 15px; background-color: #fff; border-radius: 8px; box-shadow: 0 10px 30px rgba(0, 0, 0, 0.1);\">\n<h2 style=\"margin-bottom: 15px; color: #004080; font-weight: bold;\"><span style=\"color: #0078cd;\">Dal\u0161\u00ed informace<\/span><\/h2>\n<ul style=\"list-style-type: disc; padding-left: 25px; margin-bottom: 15px;\">\n<li style=\"margin-bottom: 5px;\">Z\u00e1ruka: Informace o z\u00e1ruce jsou k dispozici u v\u00fdrobce.<\/li>\n<li style=\"margin-bottom: 5px;\">Stav produktu: Nov\u00fd<\/li>\n<\/ul>\n<\/div>\n<div style=\"margin-bottom: 20px; padding: 15px; background-color: #fff; border-radius: 8px; box-shadow: 0 10px 30px rgba(0, 0, 0, 0.1);\">\n<h3 style=\"margin-bottom: 15px; color: #004080; font-weight: bold;\"><span style=\"color: #0078cd;\">Pro\u010d GoldShell E-AE1M?<\/span><\/h3>\n<ul style=\"list-style-type: disc; padding-left: 25px; margin-bottom: 15px;\">\n<li style=\"margin-bottom: 5px;\">Vysok\u00fd v\u00fdkon ha\u0161ov\u00e1n\u00ed: 230 MH\/s<\/li>\n<li style=\"margin-bottom: 5px;\">Energetick\u00e1 \u00fa\u010dinnost: 600 W<\/li>\n<li style=\"margin-bottom: 5px;\">Kompaktn\u00ed sk\u0159\u00ed\u0148 3U Rack<\/li>\n<li style=\"margin-bottom: 5px;\">N\u00edzk\u00e9 emise hluku: 45 dB<\/li>\n<li style=\"margin-bottom: 5px;\">Snadn\u00e1 konfigurace d\u00edky Ethernetu a WiFi<\/li>\n<\/ul>\n<p style=\"margin-bottom: 10px;\"><span style=\"color: #000000;\">Objednejte si je\u0161t\u011b dnes a za\u010dn\u011bte t\u011b\u017eit kryptom\u011bny s GoldShell E-AE1M!<\/span><\/p>\n<p style=\"margin-bottom: 10px;\"><span style=\"color: #000000;\">Specifikace se mohou li\u0161it. P\u0159ed n\u00e1kupem se pora\u010fte se sv\u00fdm dodavatelem. <\/span><\/p>\n<\/div>\n<div style=\"margin-bottom: 20px; padding: 15px; background-color: #fff; border-radius: 8px; box-shadow: 0 10px 30px rgba(0, 0, 0, 0.1);\">\n<h2 style=\"margin-bottom: 15px; color: #004080; font-weight: bold;\"><span style=\"color: #0078cd;\">Za\u010dn\u011bte t\u011b\u017eit kryptom\u011bny je\u0161t\u011b dnes!<\/span><\/h2>\n<p style=\"margin-bottom: 10px;\"><span style=\"color: #000000;\">GoldShell E-AE1M je ide\u00e1ln\u00edm \u0159e\u0161en\u00edm pro ty, kte\u0159\u00ed hledaj\u00ed v\u00fdkonnou a spolehlivou kop\u00edrku kryptom\u011bn.<\/span><\/p>\n<p style=\"margin-bottom: 10px;\"><span style=\"color: #000000;\">D\u00edky kompaktn\u00edmu krytu a n\u00edzk\u00e9 hlu\u010dnosti lze tuto jednotku snadno integrovat do st\u00e1vaj\u00edc\u00ed infrastruktury.<\/span><\/p>\n<p style=\"margin-bottom: 10px;\"><span style=\"color: #000000;\">Ne\u010dekejte, investujte do sv\u00e9 budoucnosti a za\u010dn\u011bte t\u011b\u017eit kryptom\u011bny s GoldShell E-AE1M je\u0161t\u011b dnes!<\/span><\/p>\n<\/div>\n<div style=\"margin-bottom: 20px; padding: 15px; background-color: #fff; border-radius: 8px; box-shadow: 0 10px 30px rgba(0, 0, 0, 0.1);\">\n<h2 style=\"margin-bottom: 15px; color: #004080; font-weight: bold;\"><span style=\"color: #0078cd;\">Pro\u010d #OnlyBestMiners?<\/span><\/h2>\n<ul style=\"list-style-type: disc; padding-left: 25px; margin-bottom: 15px;\">\n<li style=\"list-style-type: none;\">\n<ul style=\"list-style-type: disc; padding-left: 25px; margin-bottom: 15px;\">\n<li style=\"list-style-type: none;\">\n<ul style=\"list-style-type: disc; padding-left: 25px; margin-bottom: 15px;\">\n<li style=\"margin-bottom: 5px;\"><span style=\"color: #000000;\">Odborn\u00edci na r\u00fdpadla ASIC s dlouholet\u00fdmi zku\u0161enostmi<\/span><\/li>\n<li style=\"margin-bottom: 5px;\"><span style=\"color: #000000;\">P\u0159\u00edm\u00e1 spolupr\u00e1ce s v\u00fdrobci &#8211; nejlep\u0161\u00ed ceny na trhu<\/span><\/li>\n<li style=\"margin-bottom: 5px;\"><span style=\"color: #000000;\">Profesion\u00e1ln\u00ed hostingov\u00e9 slu\u017eby v Polsku a Evrop\u011b<\/span><\/li>\n<li style=\"margin-bottom: 5px;\"><span style=\"color: #000000;\">Profesion\u00e1ln\u00ed m\u00edstn\u00ed slu\u017eba ASIC po konzultaci s partnery: Bitmain, MicroBT, Innosilicon<\/span><\/li>\n<li style=\"margin-bottom: 5px;\">Komplexn\u00ed podpora &#8211; od n\u00e1kupu p\u0159es konfiguraci a\u017e po optimalizaci<\/li>\n<\/ul>\n<\/li>\n<\/ul>\n<\/li>\n<\/ul>\n<\/div>\n<div style=\"padding: 15px; background-color: #fff; border-radius: 8px; box-shadow: 0 10px 30px rgba(0, 0, 0, 0.1);\">\n<h2 style=\"margin-bottom: 15px; color: #004080; font-weight: bold;\"><span style=\"color: #0078cd;\">M\u00e1te dotazy?<\/span><\/h2>\n<p style=\"margin-bottom: 10px;\"><span style=\"color: #000000;\">Kontaktujte n\u00e1s prost\u0159ednictv\u00edm formul\u00e1\u0159e nebo telefonicky &#8211; pom\u016f\u017eeme v\u00e1m vybrat optim\u00e1ln\u00ed GoldShell E-AE1M pro va\u0161e pot\u0159eby!<\/span><\/p>\n<\/div>\n<\/div>\n<\/div>\n","protected":false},"excerpt":{"rendered":"<p>Z\u00e1kladn\u00ed parametry GoldShell E-AE1M je pokro\u010dil\u00e9 r\u00fdpadlo ASIC ur\u010den\u00e9 pro t\u011b\u017ebu kryptom\u011bn. Vyzna\u010duje se vysok\u00fdm v\u00fdkonem a energetickou \u00fa\u010dinnost\u00ed. Parametr Specifikace Algoritmus zkSNARK V\u00fdkon funkce Hashing 230 MH\/s Spot\u0159eba energie<\/p>\n","protected":false},"featured_media":33300,"comment_status":"open","ping_status":"closed","template":"","meta":{"_acf_changed":false},"product_brand":[],"product_cat":[1635,998,938,936,1637,1675,1715],"product_tag":[1643,941,1639,1641,1626],"class_list":{"0":"post-34726","1":"product","2":"type-product","3":"status-publish","4":"has-post-thumbnail","6":"product_cat-homemining","7":"product_cat-iceriver-cs","8":"product_cat-novy","9":"product_cat-tezari-kryptomen-asic","10":"product_cat-zksnark-aleo","13":"product_tag-aleo","14":"product_tag-asic-cs","15":"product_tag-goldshell","16":"product_tag-homedolovani","17":"product_tag-novy-2","18":"product_shipping_class-7-dni-cs","20":"first","21":"instock","22":"taxable","23":"shipping-taxable","24":"purchasable","25":"product-type-simple"},"acf":[],"_links":{"self":[{"href":"https:\/\/onlybestminers.com\/cs\/wp-json\/wp\/v2\/product\/34726","targetHints":{"allow":["GET"]}}],"collection":[{"href":"https:\/\/onlybestminers.com\/cs\/wp-json\/wp\/v2\/product"}],"about":[{"href":"https:\/\/onlybestminers.com\/cs\/wp-json\/wp\/v2\/types\/product"}],"replies":[{"embeddable":true,"href":"https:\/\/onlybestminers.com\/cs\/wp-json\/wp\/v2\/comments?post=34726"}],"wp:featuredmedia":[{"embeddable":true,"href":"https:\/\/onlybestminers.com\/cs\/wp-json\/wp\/v2\/media\/33300"}],"wp:attachment":[{"href":"https:\/\/onlybestminers.com\/cs\/wp-json\/wp\/v2\/media?parent=34726"}],"wp:term":[{"taxonomy":"product_brand","embeddable":true,"href":"https:\/\/onlybestminers.com\/cs\/wp-json\/wp\/v2\/product_brand?post=34726"},{"taxonomy":"product_cat","embeddable":true,"href":"https:\/\/onlybestminers.com\/cs\/wp-json\/wp\/v2\/product_cat?post=34726"},{"taxonomy":"product_tag","embeddable":true,"href":"https:\/\/onlybestminers.com\/cs\/wp-json\/wp\/v2\/product_tag?post=34726"}],"curies":[{"name":"wp","href":"https:\/\/api.w.org\/{rel}","templated":true}]}}