{"id":34738,"date":"2023-01-10T12:39:06","date_gmt":"2023-01-10T11:39:06","guid":{"rendered":"https:\/\/onlybestminers.com\/produkt\/bitmain-antminer-hs3\/"},"modified":"2023-01-10T12:39:06","modified_gmt":"2023-01-10T11:39:06","slug":"bitmain-antminer-hs3","status":"publish","type":"product","link":"https:\/\/onlybestminers.com\/cs\/produkt\/bitmain-antminer-hs3\/","title":{"rendered":"BITMAIN Antminer HS3"},"content":{"rendered":"<div class=\"_1voj4 _z9prt _1xzdi _ai5yc _5d6n2 _15lj1\">\n<div class=\"_2d49e_5pK0q\">\n<div class=\"_1bo4a _xu6h2 _1ylmp _2d49e_YrWCD\">\n<div class=\"_1voj4 _z9prt _1xzdi _ai5yc _5d6n2 _15lj1\">\n<div class=\"_2d49e_5pK0q\">\n<h3><b style=\"color: #0179cf; font-family: 'arial black', sans-serif;\"><strong>Antminer HS3<a href=\"https:\/\/onlybestminers.com\/wp-content\/uploads\/2023\/01\/IMG_0944.png\"><img loading=\"lazy\" decoding=\"async\" class=\"wp-image-12482 alignnone\" src=\"https:\/\/onlybestminers.com\/wp-content\/uploads\/2023\/01\/IMG_0944.png\" alt=\"\" width=\"36\" height=\"36\" srcset=\"https:\/\/onlybestminers.com\/wp-content\/uploads\/2023\/01\/IMG_0944.png 200w, https:\/\/onlybestminers.com\/wp-content\/uploads\/2023\/01\/IMG_0944-150x150.png 150w, https:\/\/onlybestminers.com\/wp-content\/uploads\/2023\/01\/IMG_0944-12x12.png 12w, https:\/\/onlybestminers.com\/wp-content\/uploads\/2023\/01\/IMG_0944-100x100.png 100w, https:\/\/onlybestminers.com\/wp-content\/uploads\/2023\/01\/IMG_0944-50x50.png 50w\" sizes=\"auto, (max-width: 36px) 100vw, 36px\" \/><\/a><\/strong><\/b><\/h3>\n<\/div>\n<\/div>\n<\/div>\n<\/div>\n<\/div>\n<div class=\"_1voj4 _z9prt _1xzdi _ai5yc _5d6n2 _15lj1\">\n<div class=\"_2d49e_5pK0q\">\n<div class=\"_1bo4a _xu6h2 _1ylmp _2d49e_YrWCD\">\n<div class=\"_1voj4 _z9prt _1xzdi _ai5yc _5d6n2 _15lj1\">\n<table style=\"border-collapse: collapse; width: 12.9743%; height: 79px;\">\n<tbody>\n<tr>\n<td style=\"width: 24.0933%;\">V\u00fdkon:<\/td>\n<td style=\"width: 46.3155%;\"><strong>9T<\/strong><\/td>\n<\/tr>\n<tr>\n<td style=\"width: 24.0933%;\">P\u0159\u00edjem:<\/td>\n<td style=\"width: 46.3155%;\"><strong>2079W<\/strong><\/td>\n<\/tr>\n<tr>\n<td style=\"width: 24.0933%;\">Algoritmus:<\/td>\n<td style=\"width: 46.3155%;\"><strong>Handshake<\/strong><\/td>\n<\/tr>\n<\/tbody>\n<\/table>\n<p>&nbsp;<\/p>\n<p>Za\u010dn\u011bte sv\u00e9 kryptom\u011bnov\u00e9 dobrodru\u017estv\u00ed je\u0161t\u011b dnes! Tento pozoruhodn\u00fd n\u00e1stroj nen\u00ed jen bagr, je to inovativn\u00ed stroj, kter\u00fd zm\u011bn\u00ed v\u00e1\u0161 pohled na finance.<\/p>\n<p>Rypadlo je vybaveno nejmodern\u011bj\u0161\u00edmi technologiemi a p\u0159edstavuje skute\u010dn\u00e9 v\u00fdkonn\u00e9 monstrum. \ud83c\udfc6<\/p>\n<p>Z\u00edskejte n\u00e1skok a dosta\u0148te se na vrchol t\u00e9to hork\u00e9 investi\u010dn\u00ed vlny t\u00edm, \u017ee vyu\u017eijete p\u0159\u00edle\u017eitost\u00ed, kter\u00e9 rypadla nab\u00edzej\u00ed.<\/p>\n<p>Jste p\u0159ipraveni na cestu do sv\u011bta digit\u00e1ln\u00edho bohatstv\u00ed? \ud83d\udcb0<\/p>\n<\/div>\n<\/div>\n<\/div>\n<\/div>\n<p>&nbsp;<\/p>\n<div class=\"_1voj4 _z9prt _1xzdi _ai5yc _5d6n2 _15lj1\">\n<div class=\"_2d49e_5pK0q\">\n<div class=\"_1bo4a _xu6h2 _1ylmp _2d49e_YrWCD\">\n<div class=\"_1voj4 _z9prt _1xzdi _ai5yc _5d6n2 _15lj1\">\n<hr>\n<p>Pro\u010d <b>#OnlyBestMiners<\/b>:<\/p>\n<\/div>\n<\/div>\n<div class=\"_1bo4a _xu6h2 _1ylmp _2d49e_YrWCD\">\n<div class=\"_1voj4 _z9prt _1xzdi _ai5yc _5d6n2 _15lj1\">\n<div class=\"_4lbi0 _6kfrx _ur8qq _u5o1q _1xm8p _1agsg\">\n<div class=\"_18vat _10a7o _1yhvf _7ccvy\">\n<div class=\"_1fwkl\">\n<p>&#8211; Necht\u011bjte to zjistit, najv\u011bt\u0161\u00ed <b>znalost a zku\u0161enost<\/b> v oblasti ASIC a t\u011b\u017eebn\u00edch za\u0159\u00edzen\u00ed pro kryptom\u011bny.<\/p>\n<p>&#8211; Nejv\u011bt\u0161\u00ed <b>v\u00fdb\u011br za\u0159\u00edzen\u00ed<\/b> dostupn\u00fdch na m\u00edst\u011b za nejv\u00fdhodn\u011bj\u0161\u00edch cenov\u00fdch podm\u00ednek<\/p>\n<p>&#8211; profesion\u00e1ln\u00ed <b>hostingov\u00e9<\/b> podm\u00ednky v Polsku na n\u011bkolika v\u00fdhodn\u00fdch m\u00edstech;<\/p>\n<p>&#8211; Profesion\u00e1ln\u00ed, m\u00edstn\u00ed <b>servis ASIC v Polsku<\/b> ve spolupr\u00e1ci s na\u0161imi partnery jako jsou: Bitmain, MicroBT, Innosilicon a dal\u0161\u00ed.<\/p>\n<p>&#8211; P\u0159ed\u00e1v\u00e1me kompletn\u00ed a praktick\u00e9 znalosti. <b>Porad\u00edme, pom\u016f\u017eeme, \u0161kol\u00edme a konfigurujeme<\/b> Ka\u017ed\u00e1 osoba bez znalost\u00ed o #digitalminingu je schopna s n\u00e1mi tuto znalost z\u00edskat a za\u010d\u00edt svou krypto dobrodru\u017estv\u00ed.<\/p>\n<\/div>\n<\/div>\n<\/div>\n<\/div>\n<\/div>\n<\/div>\n<\/div>\n<div class=\"_1voj4 _z9prt _1xzdi _ai5yc _5d6n2 _15lj1\">\n<div class=\"_2d49e_5pK0q\">\n<div class=\"_1bo4a _xu6h2 _1ylmp _2d49e_YrWCD\">\n<div class=\"_1voj4 _z9prt _1xzdi _ai5yc _5d6n2 _15lj1\">\n<div class=\"_2d49e_5pK0q\">\n<hr>\n<p style=\"text-align: center;\"><em>Vzhledem k povaze prod\u00e1van\u00fdch za\u0159\u00edzen\u00ed nem\u00e1te pr\u00e1vo na odstoupen\u00ed od smlouvy p\u0159i n\u00e1kupu t\u011b\u017eebn\u00edch za\u0159\u00edzen\u00ed pro kryptom\u011bny. Kupuj\u00edc\u00ed t\u00edmto potvrzuje, \u017ee je sezn\u00e1men s t\u00edm, \u017ee v souladu s \u010dl\u00e1nkem 38. Po obdr\u017een\u00ed funk\u010dn\u00edho za\u0159\u00edzen\u00ed ztr\u00e1c\u00edte pr\u00e1vo na odstoupen\u00ed od smlouvy v souladu se z\u00e1konem ze dne 30. kv\u011btna 2014 o pr\u00e1vech spot\u0159ebitele.<\/em><\/p>\n<\/div>\n<\/div>\n<\/div>\n<\/div>\n<\/div>\n","protected":false},"excerpt":{"rendered":"<p>Antminer HS3 V\u00fdkon: 9T P\u0159\u00edjem: 2079W Algoritmus: Handshake &nbsp; Za\u010dn\u011bte sv\u00e9 kryptom\u011bnov\u00e9 dobrodru\u017estv\u00ed je\u0161t\u011b dnes! Tento pozoruhodn\u00fd n\u00e1stroj nen\u00ed jen bagr, je to inovativn\u00ed stroj, kter\u00fd zm\u011bn\u00ed v\u00e1\u0161 pohled na<\/p>\n","protected":false},"featured_media":33308,"comment_status":"open","ping_status":"closed","template":"","meta":{"_acf_changed":false},"product_brand":[],"product_cat":[937,1925,1781,938,936],"product_tag":[940,941],"class_list":{"0":"post-34738","1":"product","2":"type-product","3":"status-publish","4":"has-post-thumbnail","6":"product_cat-bitmain-cs","7":"product_cat-blake2bsha3-hns","9":"product_cat-novy","10":"product_cat-tezari-kryptomen-asic","11":"product_tag-antminer-cs","12":"product_tag-asic-cs","13":"product_shipping_class-24h-cs","15":"first","16":"instock","17":"taxable","18":"shipping-taxable","19":"purchasable","20":"product-type-simple"},"acf":[],"_links":{"self":[{"href":"https:\/\/onlybestminers.com\/cs\/wp-json\/wp\/v2\/product\/34738","targetHints":{"allow":["GET"]}}],"collection":[{"href":"https:\/\/onlybestminers.com\/cs\/wp-json\/wp\/v2\/product"}],"about":[{"href":"https:\/\/onlybestminers.com\/cs\/wp-json\/wp\/v2\/types\/product"}],"replies":[{"embeddable":true,"href":"https:\/\/onlybestminers.com\/cs\/wp-json\/wp\/v2\/comments?post=34738"}],"wp:featuredmedia":[{"embeddable":true,"href":"https:\/\/onlybestminers.com\/cs\/wp-json\/wp\/v2\/media\/33308"}],"wp:attachment":[{"href":"https:\/\/onlybestminers.com\/cs\/wp-json\/wp\/v2\/media?parent=34738"}],"wp:term":[{"taxonomy":"product_brand","embeddable":true,"href":"https:\/\/onlybestminers.com\/cs\/wp-json\/wp\/v2\/product_brand?post=34738"},{"taxonomy":"product_cat","embeddable":true,"href":"https:\/\/onlybestminers.com\/cs\/wp-json\/wp\/v2\/product_cat?post=34738"},{"taxonomy":"product_tag","embeddable":true,"href":"https:\/\/onlybestminers.com\/cs\/wp-json\/wp\/v2\/product_tag?post=34738"}],"curies":[{"name":"wp","href":"https:\/\/api.w.org\/{rel}","templated":true}]}}