{"id":34841,"date":"2023-02-26T18:09:48","date_gmt":"2023-02-26T17:09:48","guid":{"rendered":"https:\/\/onlybestminers.com\/produkt\/bitmain-antminer-d9\/"},"modified":"2025-12-17T15:22:57","modified_gmt":"2025-12-17T14:22:57","slug":"bitmain-antminer-d9","status":"publish","type":"product","link":"https:\/\/onlybestminers.com\/cs\/produkt\/bitmain-antminer-d9\/","title":{"rendered":"BITMAIN Antminer D9"},"content":{"rendered":"<div class=\"_1voj4 _z9prt _1xzdi _ai5yc _5d6n2 _15lj1\">\n<div class=\"_2d49e_5pK0q\">\n<div class=\"_1bo4a _xu6h2 _1ylmp _2d49e_YrWCD\">\n<div class=\"_1voj4 _z9prt _1xzdi _ai5yc _5d6n2 _15lj1\">\n<div class=\"_2d49e_5pK0q\"><\/div>\n<h3><b style=\"color: #0179cf; font-family: 'arial black', sans-serif;\"><strong>Antminer D9  <a href=\"https:\/\/onlybestminers.com\/wp-content\/uploads\/2023\/02\/dash-logo-300x300.png\"><img loading=\"lazy\" decoding=\"async\" class=\"alignnone wp-image-29054\" src=\"https:\/\/onlybestminers.com\/wp-content\/uploads\/2023\/02\/dash-logo-300x300.png\" alt=\"\" width=\"29\" height=\"29\" srcset=\"https:\/\/onlybestminers.com\/wp-content\/uploads\/2023\/02\/dash-logo-300x300.png 300w, https:\/\/onlybestminers.com\/wp-content\/uploads\/2023\/02\/dash-logo-1024x1024.png 1024w, https:\/\/onlybestminers.com\/wp-content\/uploads\/2023\/02\/dash-logo-150x150.png 150w, https:\/\/onlybestminers.com\/wp-content\/uploads\/2023\/02\/dash-logo-768x768.png 768w, https:\/\/onlybestminers.com\/wp-content\/uploads\/2023\/02\/dash-logo-100x100.png 100w, https:\/\/onlybestminers.com\/wp-content\/uploads\/2023\/02\/dash-logo-600x600.png 600w, https:\/\/onlybestminers.com\/wp-content\/uploads\/2023\/02\/dash-logo.png 1280w\" sizes=\"auto, (max-width: 29px) 100vw, 29px\" \/><\/a><\/strong><\/b><\/h3>\n<section>\n<section>\n<section class=\"section\">\n<div class=\"esp_column_description\">\n<section class=\"section\">\n<div class=\"item item-6\">\n<section class=\"text-item\">\n<div class=\"esp_column_description\">\n<section class=\"section\">\n<div class=\"item item-12\">\n<div class=\"esp_column_description\">\n<section class=\"section\">\n<div class=\"item item-6\" style=\"text-align: left;\">\n<section>\n<section class=\"text-item\">\n<div class=\"_1voj4 _z9prt _1xzdi _ai5yc _5d6n2 _15lj1\">\n<div class=\"_2d49e_5pK0q\">\n<div class=\"_1bo4a _xu6h2 _1ylmp _2d49e_YrWCD\">\n<div class=\"_1voj4 _z9prt _1xzdi _ai5yc _5d6n2 _15lj1\">\n<div class=\"_2d49e_5pK0q\">\n<table class=\" alignleft\" style=\"border-collapse: collapse; width: 14.0068%; height: 94px;\">\n<tbody>\n<tr style=\"height: 24px;\">\n<td style=\"width: 39.3462%; height: 24px;\">V\u00fdkon:<\/td>\n<td style=\"width: 60.6538%; height: 24px;\"><strong>1770Gh<\/strong><\/td>\n<\/tr>\n<tr style=\"height: 24px;\">\n<td style=\"width: 39.3462%; height: 23px;\">P\u0159\u00edjem:<\/td>\n<td style=\"width: 60.6538%; height: 23px;\"><b>2839<\/b><b>W<\/b><\/td>\n<\/tr>\n<tr style=\"height: 24px;\">\n<td style=\"width: 39.3462%; height: 24px;\">Algoritmus:<\/td>\n<td style=\"width: 60.6538%; height: 24px;\"><strong>X11<\/strong><\/td>\n<\/tr>\n<\/tbody>\n<\/table>\n<\/div>\n<\/div>\n<p>&nbsp;<\/p>\n<\/div>\n<\/div>\n<\/div>\n<\/section>\n<\/section>\n<\/div>\n<\/section>\n<\/div>\n<p>&nbsp;<\/p>\n<p>&nbsp;<\/p>\n<div class=\"esp_column_description\">\n<section class=\"section\">\n<div class=\"item item-6\" style=\"text-align: left;\">\n<section>\n<section class=\"text-item\">\n<div class=\"_1voj4 _z9prt _1xzdi _ai5yc _5d6n2 _15lj1\">\n<div class=\"_2d49e_5pK0q\">\n<div class=\"_1bo4a _xu6h2 _1ylmp _2d49e_YrWCD\">\n<div class=\"_1voj4 _z9prt _1xzdi _ai5yc _5d6n2 _15lj1\">\n<div class=\"xdj266r x11i5rnm xat24cr x1mh8g0r x1vvkbs x126k92a\" style=\"text-align: left;\">\n<div dir=\"auto\"><\/div>\n<\/div>\n<div class=\"x11i5rnm xat24cr x1mh8g0r x1vvkbs xtlvy1s x126k92a\">\n<hr>\n<\/div>\n<p>Za\u010dn\u011bte sv\u00e9 kryptom\u011bnov\u00e9 dobrodru\u017estv\u00ed je\u0161t\u011b dnes! Tento pozoruhodn\u00fd n\u00e1stroj nen\u00ed jen bagr, je to inovativn\u00ed stroj, kter\u00fd zm\u011bn\u00ed v\u00e1\u0161 pohled na finance.<\/p>\n<p>Rypadlo je vybaveno nejmodern\u011bj\u0161\u00edmi technologiemi a p\u0159edstavuje skute\u010dn\u00e9 v\u00fdkonn\u00e9 monstrum. \ud83c\udfc6<\/p>\n<p>Z\u00edskejte n\u00e1skok a dosta\u0148te se na vrchol t\u00e9to hork\u00e9 investi\u010dn\u00ed vlny t\u00edm, \u017ee vyu\u017eijete p\u0159\u00edle\u017eitost\u00ed, kter\u00e9 rypadla nab\u00edzej\u00ed.<\/p>\n<p>Jste p\u0159ipraveni na cestu do sv\u011bta digit\u00e1ln\u00edho bohatstv\u00ed? \ud83d\udcb0<\/p>\n<\/div>\n<\/div>\n<\/div>\n<\/div>\n<p>&nbsp;<\/p>\n<div class=\"_1voj4 _z9prt _1xzdi _ai5yc _5d6n2 _15lj1\">\n<div class=\"_2d49e_5pK0q\">\n<div class=\"_1bo4a _xu6h2 _1ylmp _2d49e_YrWCD\">\n<div class=\"_1voj4 _z9prt _1xzdi _ai5yc _5d6n2 _15lj1\">\n<hr>\n<p>Pro\u010d <b>#OnlyBestMiners<\/b>:<\/p>\n<\/div>\n<\/div>\n<div class=\"_1bo4a _xu6h2 _1ylmp _2d49e_YrWCD\">\n<div class=\"_1voj4 _z9prt _1xzdi _ai5yc _5d6n2 _15lj1\">\n<div class=\"_4lbi0 _6kfrx _ur8qq _u5o1q _1xm8p _1agsg\">\n<div class=\"_18vat _10a7o _1yhvf _7ccvy\">\n<div class=\"_1fwkl\">\n<p>&#8211; Necht\u011bjte to zjistit, najv\u011bt\u0161\u00ed <b>znalost a zku\u0161enost<\/b> v oblasti ASIC a t\u011b\u017eebn\u00edch za\u0159\u00edzen\u00ed pro kryptom\u011bny.<\/p>\n<p>&#8211; Nejv\u011bt\u0161\u00ed <b>v\u00fdb\u011br za\u0159\u00edzen\u00ed<\/b> dostupn\u00fdch na m\u00edst\u011b za nejv\u00fdhodn\u011bj\u0161\u00edch cenov\u00fdch podm\u00ednek<\/p>\n<p>&#8211; profesion\u00e1ln\u00ed <b>hostingov\u00e9<\/b> podm\u00ednky v Polsku na n\u011bkolika v\u00fdhodn\u00fdch m\u00edstech;<\/p>\n<p>&#8211; Profesion\u00e1ln\u00ed, m\u00edstn\u00ed <b>servis ASIC v Polsku<\/b> ve spolupr\u00e1ci s na\u0161imi partnery jako jsou: Bitmain, MicroBT, Innosilicon a dal\u0161\u00ed.<\/p>\n<p>&#8211; P\u0159ed\u00e1v\u00e1me kompletn\u00ed a praktick\u00e9 znalosti. <b>Porad\u00edme, pom\u016f\u017eeme, \u0161kol\u00edme a konfigurujeme<\/b> Ka\u017ed\u00e1 osoba bez znalost\u00ed o #digitalminingu je schopna s n\u00e1mi tuto znalost z\u00edskat a za\u010d\u00edt svou krypto dobrodru\u017estv\u00ed.<\/p>\n<\/div>\n<\/div>\n<\/div>\n<\/div>\n<\/div>\n<\/div>\n<\/div>\n<div class=\"_1voj4 _z9prt _1xzdi _ai5yc _5d6n2 _15lj1\">\n<div class=\"_2d49e_5pK0q\">\n<div class=\"_1bo4a _xu6h2 _1ylmp _2d49e_YrWCD\">\n<div class=\"_1voj4 _z9prt _1xzdi _ai5yc _5d6n2 _15lj1\">\n<div class=\"_2d49e_5pK0q\">\n<hr>\n<p style=\"text-align: center;\"><em>Vzhledem k povaze prod\u00e1van\u00fdch za\u0159\u00edzen\u00ed nem\u00e1te pr\u00e1vo na odstoupen\u00ed od smlouvy p\u0159i n\u00e1kupu t\u011b\u017eebn\u00edch za\u0159\u00edzen\u00ed pro kryptom\u011bny. Kupuj\u00edc\u00ed t\u00edmto potvrzuje, \u017ee je sezn\u00e1men s t\u00edm, \u017ee v souladu s \u010dl\u00e1nkem 38. Po obdr\u017een\u00ed funk\u010dn\u00edho za\u0159\u00edzen\u00ed ztr\u00e1c\u00edte pr\u00e1vo na odstoupen\u00ed od smlouvy v souladu se z\u00e1konem ze dne 30. kv\u011btna 2014 o pr\u00e1vech spot\u0159ebitele.<\/em><\/p>\n<\/div>\n<\/div>\n<\/div>\n<\/div>\n<\/div>\n<\/section>\n<\/section>\n<\/div>\n<\/section>\n<\/div>\n<\/div>\n<\/section>\n<\/div>\n<\/section>\n<\/div>\n<\/section>\n<\/div>\n<\/section>\n<\/section>\n<\/section>\n<\/div>\n<\/div>\n<\/div>\n<\/div>\n","protected":false},"excerpt":{"rendered":"<p>Antminer D9 V\u00fdkon: 1770Gh P\u0159\u00edjem: 2839W Algoritmus: X11 &nbsp; &nbsp; &nbsp; Za\u010dn\u011bte sv\u00e9 kryptom\u011bnov\u00e9 dobrodru\u017estv\u00ed je\u0161t\u011b dnes! Tento pozoruhodn\u00fd n\u00e1stroj nen\u00ed jen bagr, je to inovativn\u00ed stroj, kter\u00fd zm\u011bn\u00ed v\u00e1\u0161<\/p>\n","protected":false},"featured_media":27912,"comment_status":"open","ping_status":"closed","template":"","meta":{"_acf_changed":false},"product_brand":[],"product_cat":[937,972,936,2045,1750],"product_tag":[],"class_list":{"0":"post-34841","1":"product","2":"type-product","3":"status-publish","4":"has-post-thumbnail","6":"product_cat-bitmain-cs","7":"product_cat-pouzite","8":"product_cat-tezari-kryptomen-asic","9":"product_cat-x11-dash","11":"product_shipping_class-7-dni-cs","13":"first","14":"instock","15":"sale","16":"taxable","17":"shipping-taxable","18":"purchasable","19":"product-type-simple"},"acf":[],"_links":{"self":[{"href":"https:\/\/onlybestminers.com\/cs\/wp-json\/wp\/v2\/product\/34841","targetHints":{"allow":["GET"]}}],"collection":[{"href":"https:\/\/onlybestminers.com\/cs\/wp-json\/wp\/v2\/product"}],"about":[{"href":"https:\/\/onlybestminers.com\/cs\/wp-json\/wp\/v2\/types\/product"}],"replies":[{"embeddable":true,"href":"https:\/\/onlybestminers.com\/cs\/wp-json\/wp\/v2\/comments?post=34841"}],"wp:featuredmedia":[{"embeddable":true,"href":"https:\/\/onlybestminers.com\/cs\/wp-json\/wp\/v2\/media\/27912"}],"wp:attachment":[{"href":"https:\/\/onlybestminers.com\/cs\/wp-json\/wp\/v2\/media?parent=34841"}],"wp:term":[{"taxonomy":"product_brand","embeddable":true,"href":"https:\/\/onlybestminers.com\/cs\/wp-json\/wp\/v2\/product_brand?post=34841"},{"taxonomy":"product_cat","embeddable":true,"href":"https:\/\/onlybestminers.com\/cs\/wp-json\/wp\/v2\/product_cat?post=34841"},{"taxonomy":"product_tag","embeddable":true,"href":"https:\/\/onlybestminers.com\/cs\/wp-json\/wp\/v2\/product_tag?post=34841"}],"curies":[{"name":"wp","href":"https:\/\/api.w.org\/{rel}","templated":true}]}}