{"id":34851,"date":"2025-08-10T10:00:24","date_gmt":"2025-08-10T08:00:24","guid":{"rendered":"https:\/\/onlybestminers.com\/produkt\/bitmain-antminer-l11\/"},"modified":"2025-12-08T10:46:22","modified_gmt":"2025-12-08T09:46:22","slug":"bitmain-antminer-l11","status":"publish","type":"product","link":"https:\/\/onlybestminers.com\/cs\/produkt\/bitmain-antminer-l11\/","title":{"rendered":"BITMAIN Antminer L11"},"content":{"rendered":"<div style=\"font-family: 'Inter', sans-serif; margin: 0; padding: 0; background-color: #f8f8f8; color: #000; min-height: 100vh;\">\n<div style=\"background-color: #fff; padding: 30px; border-radius: 12px; box-shadow: 0 10px 30px rgba(0, 0, 0, 0.1); width: 100%; max-width: none; margin: 0; display: flex; flex-direction: column; min-height: 100vh; box-sizing: border-box;\">\n<h2 style=\"margin-bottom: 20px; color: #004080; font-weight: bold;\"><span style=\"color: #0078cd;\">Z\u00e1kladn\u00ed parametry<\/span><\/h2>\n<p dir=\"auto\"><strong><span style=\"color: #000000;\">Bitmain Antminer L11 Pro je pokro\u010dil\u00e1 kop\u00edrka ASIC ur\u010den\u00e1 pro t\u011b\u017ebu kryptom\u011bn zalo\u017een\u00fdch na technologii Scrypt, jako jsou Litecoin (LTC) a Dogecoin (DOGE). Poskytuje vysok\u00fd hashovac\u00ed v\u00fdkon 21GH\/s p\u0159i spot\u0159eb\u011b energie p\u0159ibli\u017en\u011b 3612 W, \u010d\u00edm\u017e se \u0159ad\u00ed mezi nejefektivn\u011bj\u0161\u00ed za\u0159\u00edzen\u00ed pro t\u011b\u017ebu minc\u00ed. <\/span><\/strong><strong><span style=\"color: #000000;\">  Scrypt na trhu.<\/span><\/strong><\/p>\n<table style=\"width: 100%; border-collapse: collapse; margin-bottom: 20px; background-color: #fff; border-radius: 8px; box-shadow: 2px 2px 5px rgba(0,0,0,0.02); overflow: hidden;\">\n<tbody>\n<tr>\n<th style=\"padding: 12px; text-align: left; border-bottom: 1px solid #e0e0e0; background-color: #d3d3d3; font-weight: bold; color: #004080;\"><span style=\"color: #0078cd;\">Parametr<\/span><\/th>\n<th style=\"padding: 12px; text-align: left; border-bottom: 1px solid #e0e0e0; background-color: #d3d3d3; font-weight: bold; color: #004080;\"><span style=\"color: #0078cd;\">Verze 21GH\/s<\/span><\/th>\n<th style=\"padding: 12px; text-align: left; border-bottom: 1px solid #e0e0e0; background-color: #d3d3d3; font-weight: bold; color: #004080;\"><\/th>\n<\/tr>\n<tr>\n<td style=\"padding: 12px; text-align: left; border-bottom: 1px solid #e0e0e0;\">Algoritmus<\/td>\n<td style=\"padding: 12px; text-align: left; border-bottom: 1px solid #e0e0e0;\">Scrypt<\/td>\n<td style=\"padding: 12px; text-align: left; border-bottom: 1px solid #e0e0e0;\"><\/td>\n<\/tr>\n<tr>\n<td style=\"padding: 12px; text-align: left; border-bottom: 1px solid #e0e0e0;\">V\u00fdkon funkce Hashing<\/td>\n<td style=\"padding: 12px; text-align: left; border-bottom: 1px solid #e0e0e0;\">21GH\/s<\/td>\n<td style=\"padding: 12px; text-align: left; border-bottom: 1px solid #e0e0e0;\"><\/td>\n<\/tr>\n<tr>\n<td style=\"padding: 12px; text-align: left; border-bottom: 1px solid #e0e0e0;\">Spot\u0159eba energie<\/td>\n<td style=\"padding: 12px; text-align: left; border-bottom: 1px solid #e0e0e0;\">3612 W<\/td>\n<td style=\"padding: 12px; text-align: left; border-bottom: 1px solid #e0e0e0;\"><\/td>\n<\/tr>\n<tr>\n<td style=\"padding: 12px; text-align: left; border-bottom: 1px solid #e0e0e0;\">Energetick\u00e1 \u00fa\u010dinnost<\/td>\n<td style=\"padding: 12px; text-align: left; border-bottom: 1px solid #e0e0e0;\">172 J\/TH<\/td>\n<td style=\"padding: 12px; text-align: left; border-bottom: 1px solid #e0e0e0;\"><\/td>\n<\/tr>\n<tr>\n<td style=\"padding: 12px; text-align: left; border-bottom: 1px solid #e0e0e0;\">V\u00fdrobce<\/td>\n<td style=\"padding: 12px; text-align: left; border-bottom: 1px solid #e0e0e0;\">Bitmain<\/td>\n<td style=\"padding: 12px; text-align: left; border-bottom: 1px solid #e0e0e0;\"><\/td>\n<\/tr>\n<tr>\n<td style=\"padding: 12px; text-align: left; border-bottom: 1px solid #e0e0e0;\">Model<\/td>\n<td style=\"padding: 12px; text-align: left; border-bottom: 1px solid #e0e0e0;\">Antminer L11<\/td>\n<td style=\"padding: 12px; text-align: left; border-bottom: 1px solid #e0e0e0;\"><\/td>\n<\/tr>\n<\/tbody>\n<\/table>\n<div style=\"margin-bottom: 20px; padding: 15px; background-color: #fff; border-radius: 8px; box-shadow: 0 10px 30px rgba(0, 0, 0, 0.1); display: flex;\">\n<div style=\"flex: 1;\">\n<h2 style=\"margin-bottom: 20px; color: #004080; font-weight: bold;\"><span style=\"color: #0078cd;\">Technick\u00e9 specifikace<\/span><\/h2>\n<ul style=\"list-style-type: disc; padding-left: 25px; margin-bottom: 20px;\">\n<li style=\"margin-bottom: 8px;\">Podporovan\u00e9 kryptom\u011bny: Litecoin (LTC), Dogecoin (DOGE)<\/li>\n<li style=\"margin-bottom: 8px;\">Nap\u00e1jen\u00ed: vestav\u011bn\u00e9<\/li>\n<li style=\"margin-bottom: 8px;\">Chlazen\u00ed: 4 ventil\u00e1tory<\/li>\n<li style=\"margin-bottom: 8px;\">P\u0159ipojen\u00ed k s\u00edti: Ethernet<\/li>\n<li style=\"margin-bottom: 8px;\">V\u00fdrobce: Bitmain<\/li>\n<li style=\"margin-bottom: 8px;\">Model: Antminer L11 21<\/li>\n<li style=\"margin-bottom: 8px;\">Datum vyd\u00e1n\u00ed: listopad 2025<\/li>\n<li style=\"margin-bottom: 8px;\">Velikost: 195 x 290 x 379 mm<\/li>\n<li style=\"margin-bottom: 8px;\">Hmotnost: 13500 g<\/li>\n<li style=\"margin-bottom: 8px;\">Hladina hluku: 75dBF<\/li>\n<li style=\"margin-bottom: 8px;\">Fanou\u0161ek(ci): 2<\/li>\n<li style=\"margin-bottom: 8px;\">V\u00fdkon: 3612W<\/li>\n<li style=\"margin-bottom: 8px;\">Rozhran\u00ed: Ethernet<\/li>\n<li style=\"margin-bottom: 8px;\">Teplota: 5 &#8211; 45 \u00b0C<\/li>\n<li style=\"margin-bottom: 8px;\">Vlhkost: 5 &#8211; 95 %<\/li>\n<\/ul>\n<\/div>\n<p><img decoding=\"async\" style=\"flex: 1; max-height: 472.5px; object-fit: contain; align-self: flex-start; margin-left: 20px;\" src=\"https:\/\/onlybestminers.com\/wp-content\/uploads\/2025\/05\/WeChat-Image_20250507160412.png\" alt=\"Antminer L9\"><\/p>\n<\/div>\n<div style=\"margin-bottom: 20px; padding: 15px; background-color: #fff; border-radius: 8px; box-shadow: 0 10px 30px rgba(0, 0, 0, 0.1);\">\n<h2 style=\"margin-bottom: 15px; color: #004080; font-weight: bold;\"><span style=\"color: #0078cd;\">Dal\u0161\u00ed informace<\/span><\/h2>\n<ul style=\"list-style-type: disc; padding-left: 25px; margin-bottom: 15px;\">\n<li style=\"margin-bottom: 5px;\">Z\u00e1ruka: 180 dn\u00ed (v\u00fdrobce)<\/li>\n<li style=\"margin-bottom: 5px;\">Stav produktu: Nov\u00fd<\/li>\n<\/ul>\n<\/div>\n<div style=\"margin-bottom: 20px; padding: 15px; background-color: #fff; border-radius: 8px; box-shadow: 0 10px 30px rgba(0, 0, 0, 0.1);\">\n<h3 style=\"margin-bottom: 15px; color: #004080; font-weight: bold;\"><span style=\"color: #0078cd;\">Pro\u010d Bitmain Antminer L11?<\/span><\/h3>\n<ul style=\"list-style-type: disc; padding-left: 25px; margin-bottom: 15px;\">\n<li style=\"margin-bottom: 5px;\">Vysok\u00fd v\u00fdkon ha\u0161ov\u00e1n\u00ed<\/li>\n<li style=\"margin-bottom: 5px;\">Energetick\u00e1 \u00fa\u010dinnost<\/li>\n<li style=\"margin-bottom: 5px;\">Osv\u011bd\u010den\u00e1 zna\u010dka<\/li>\n<\/ul>\n<p style=\"margin-bottom: 10px;\"><span style=\"color: #000000;\">Objednejte si je\u0161t\u011b dnes a za\u010dn\u011bte t\u011b\u017eit s Antminerem L11!<\/span><\/p>\n<p style=\"margin-bottom: 10px;\"><span style=\"color: #000000;\">Specifikace se mohou u jednotliv\u00fdch \u0161ar\u017e\u00ed li\u0161it. P\u0159ed n\u00e1kupem se pora\u010fte se sv\u00fdm dodavatelem. <\/span><\/p>\n<\/div>\n<div style=\"margin-bottom: 20px; padding: 15px; background-color: #fff; border-radius: 8px; box-shadow: 0 10px 30px rgba(0, 0, 0, 0.1);\">\n<h2 style=\"margin-bottom: 15px; color: #004080; font-weight: bold;\"><span style=\"color: #0078cd;\">Za\u010dn\u011bte sv\u00e9 kryptom\u011bnov\u00e9 dobrodru\u017estv\u00ed je\u0161t\u011b dnes!<\/span><\/h2>\n<p style=\"margin-bottom: 10px;\"><span style=\"color: #000000;\">Tento pozoruhodn\u00fd n\u00e1stroj nen\u00ed jen bagr, je to inovativn\u00ed stroj, kter\u00fd zm\u011bn\u00ed v\u00e1\u0161 pohled na finance.<\/span><\/p>\n<p style=\"margin-bottom: 10px;\"><span style=\"color: #000000;\">Rypadlo je vybaveno nejmodern\u011bj\u0161\u00edmi technologiemi a p\u0159edstavuje skute\u010dn\u00e9 v\u00fdkonn\u00e9 monstrum. \ud83c\udfc6<\/span><\/p>\n<p style=\"margin-bottom: 10px;\"><span style=\"color: #000000;\">Z\u00edskejte n\u00e1skok a dosta\u0148te se na vrchol t\u00e9to hork\u00e9 investi\u010dn\u00ed vlny t\u00edm, \u017ee vyu\u017eijete p\u0159\u00edle\u017eitost\u00ed, kter\u00e9 rypadla nab\u00edzej\u00ed.<\/span><\/p>\n<p style=\"margin-bottom: 10px;\"><span style=\"color: #000000;\">Jste p\u0159ipraveni na cestu do sv\u011bta digit\u00e1ln\u00edho bohatstv\u00ed? \ud83d\udcb0<\/span><\/p>\n<\/div>\n<div style=\"margin-bottom: 20px; padding: 15px; background-color: #fff; border-radius: 8px; box-shadow: 0 10px 30px rgba(0, 0, 0, 0.1);\">\n<h2 style=\"margin-bottom: 15px; color: #004080; font-weight: bold;\"><span style=\"color: #0078cd;\">Pro\u010d #OnlyBestMiners?<\/span><\/h2>\n<ul style=\"list-style-type: disc; padding-left: 25px; margin-bottom: 15px;\">\n<li style=\"margin-bottom: 5px;\"><span style=\"color: #000000;\">Nejv\u011bt\u0161\u00ed znalosti a zku\u0161enosti v oblasti ASIC, t\u011b\u017ea\u0159\u016f kryptom\u011bn<\/span><\/li>\n<li style=\"margin-bottom: 5px;\"><span style=\"color: #000000;\">Nejv\u011bt\u0161\u00ed v\u00fdb\u011br vybaven\u00ed dostupn\u00e9ho na m\u00edst\u011b za nejv\u00fdhodn\u011bj\u0161\u00edch cenov\u00fdch podm\u00ednek<\/span><\/li>\n<li style=\"margin-bottom: 5px;\"><span style=\"color: #000000;\">Profesion\u00e1ln\u00ed hostingov\u00e9 podm\u00ednky v Polsku v n\u011bkolika v\u00fdhodn\u00fdch lokalit\u00e1ch<\/span><\/li>\n<li style=\"margin-bottom: 5px;\"><span style=\"color: #000000;\">Profesion\u00e1ln\u00ed m\u00edstn\u00ed slu\u017eba ASIC po konzultaci s partnery: Bitmain, MicroBT, Innosilicon<\/span><\/li>\n<li style=\"margin-bottom: 5px;\"><span style=\"color: #000000;\">Pln\u00e1 podpora &#8211; poradenstv\u00ed, \u0161kolen\u00ed a konfigurace i pro za\u010d\u00e1te\u010dn\u00edky<\/span><\/li>\n<\/ul>\n<\/div>\n<div style=\"padding: 15px; background-color: #fff; border-radius: 8px; box-shadow: 0 10px 30px rgba(0, 0, 0, 0.1);\">\n<h2 style=\"margin-bottom: 15px; color: #004080; font-weight: bold;\"><span style=\"color: #0078cd;\">M\u00e1te dotazy?<\/span><\/h2>\n<p style=\"margin-bottom: 10px;\"><span style=\"color: #000000;\">Kontaktujte n\u00e1s prost\u0159ednictv\u00edm formul\u00e1\u0159e nebo telefonicky &#8211; pom\u016f\u017eeme v\u00e1m vybrat tu spr\u00e1vnou verzi!<\/span><\/p>\n<\/div>\n<\/div>\n<\/div>\n","protected":false},"excerpt":{"rendered":"<p>Z\u00e1kladn\u00ed parametry Bitmain Antminer L11 Pro je pokro\u010dil\u00e1 kop\u00edrka ASIC ur\u010den\u00e1 pro t\u011b\u017ebu kryptom\u011bn zalo\u017een\u00fdch na technologii Scrypt, jako jsou Litecoin (LTC) a Dogecoin (DOGE). Poskytuje vysok\u00fd hashovac\u00ed v\u00fdkon 21GH\/s<\/p>\n","protected":false},"featured_media":33402,"comment_status":"closed","ping_status":"closed","template":"","meta":{"_acf_changed":false},"product_brand":[],"product_cat":[937,938,1051,1625,936,1032],"product_tag":[1680,1681,1055,1014,1558,1626,1053],"class_list":{"0":"post-34851","1":"product","2":"type-product","3":"status-publish","4":"has-post-thumbnail","6":"product_cat-bitmain-cs","7":"product_cat-novy","8":"product_cat-scrypt-cs","9":"product_cat-scrypt-ltc-doge","10":"product_cat-tezari-kryptomen-asic","11":"product_cat-vyrobci-rypadel","12":"product_tag-doge","13":"product_tag-dogecoin","14":"product_tag-litecoin-cs","15":"product_tag-novinka","16":"product_tag-novy","17":"product_tag-novy-2","18":"product_tag-scrypt-cs","19":"product_shipping_class-preorder-cs","21":"first","22":"instock","23":"taxable","24":"shipping-taxable","25":"purchasable","26":"product-type-variable"},"acf":[],"_links":{"self":[{"href":"https:\/\/onlybestminers.com\/cs\/wp-json\/wp\/v2\/product\/34851","targetHints":{"allow":["GET"]}}],"collection":[{"href":"https:\/\/onlybestminers.com\/cs\/wp-json\/wp\/v2\/product"}],"about":[{"href":"https:\/\/onlybestminers.com\/cs\/wp-json\/wp\/v2\/types\/product"}],"replies":[{"embeddable":true,"href":"https:\/\/onlybestminers.com\/cs\/wp-json\/wp\/v2\/comments?post=34851"}],"wp:featuredmedia":[{"embeddable":true,"href":"https:\/\/onlybestminers.com\/cs\/wp-json\/wp\/v2\/media\/33402"}],"wp:attachment":[{"href":"https:\/\/onlybestminers.com\/cs\/wp-json\/wp\/v2\/media?parent=34851"}],"wp:term":[{"taxonomy":"product_brand","embeddable":true,"href":"https:\/\/onlybestminers.com\/cs\/wp-json\/wp\/v2\/product_brand?post=34851"},{"taxonomy":"product_cat","embeddable":true,"href":"https:\/\/onlybestminers.com\/cs\/wp-json\/wp\/v2\/product_cat?post=34851"},{"taxonomy":"product_tag","embeddable":true,"href":"https:\/\/onlybestminers.com\/cs\/wp-json\/wp\/v2\/product_tag?post=34851"}],"curies":[{"name":"wp","href":"https:\/\/api.w.org\/{rel}","templated":true}]}}