{"id":34863,"date":"2021-09-30T14:47:25","date_gmt":"2021-09-30T12:47:25","guid":{"rendered":"https:\/\/onlybestminers.com\/produkt\/priprava-na-ponoreni\/"},"modified":"2021-09-30T14:47:25","modified_gmt":"2021-09-30T12:47:25","slug":"priprava-na-ponoreni","status":"publish","type":"product","link":"https:\/\/onlybestminers.com\/cs\/produkt\/priprava-na-ponoreni\/","title":{"rendered":"P\u0159\u00edprava na pono\u0159en\u00ed"},"content":{"rendered":"<p>P\u0159elomov\u00fd okam\u017eik, na kter\u00fd \u010dekal ka\u017ed\u00fd u\u017eivatel kryptom\u011bnov\u00fdch kop\u00e1\u010d\u016f, pr\u00e1v\u011b nastal!<\/p>\n<p>Za\u0159\u00edzen\u00ed pro pono\u0159en\u00ed si p\u0159ipravujeme sami.<\/p>\n<div class=\"esp_column_description\">\n<section class=\"section\">\n<div class=\"item item-6\">\n<section class=\"text-item\"><b>#OnlyBestMiners<\/b> p\u0159edstavuje profesion\u00e1ln\u00ed, vlastn\u00ed \u0159e\u0161en\u00ed chlazen\u00ed pro t\u011b\u017ea\u0159e kryptom\u011bn<b>.Objevte v\u00fdhody ponorn\u00e9ho chlazen\u00ed s #OnlyBestMiners!<\/b><\/section>\n<\/div>\n<\/section>\n<section class=\"section\">\n<div class=\"item item-6\">\n<section class=\"text-item\">Prohl\u00e9dn\u011bte si na\u0161i nab\u00eddku ponorn\u00fdch syst\u00e9m\u016f a za\u010dn\u011bte vyu\u017e\u00edvat v\u00fdhod ponorn\u00e9ho chlazen\u00ed.<\/section>\n<\/div>\n<\/section>\n<\/div>\n","protected":false},"excerpt":{"rendered":"<p>P\u0159elomov\u00fd okam\u017eik, na kter\u00fd \u010dekal ka\u017ed\u00fd u\u017eivatel kryptom\u011bnov\u00fdch kop\u00e1\u010d\u016f, pr\u00e1v\u011b nastal! Za\u0159\u00edzen\u00ed pro pono\u0159en\u00ed si p\u0159ipravujeme sami. #OnlyBestMiners p\u0159edstavuje profesion\u00e1ln\u00ed, vlastn\u00ed \u0159e\u0161en\u00ed chlazen\u00ed pro t\u011b\u017ea\u0159e kryptom\u011bn.Objevte v\u00fdhody ponorn\u00e9ho chlazen\u00ed s<\/p>\n","protected":false},"featured_media":34393,"comment_status":"closed","ping_status":"closed","template":"","meta":{"_acf_changed":false},"product_brand":[],"product_cat":[1059,1068,1057],"product_tag":[1069,1070,1074,1072],"class_list":{"0":"post-34863","1":"product","2":"type-product","3":"status-publish","4":"has-post-thumbnail","6":"product_cat-obm-cs","7":"product_cat-rekuperace-tepla","8":"product_cat-sluzby","9":"product_tag-icsystems-cs","10":"product_tag-bitcool-cs","11":"product_tag-kapalinove-chlazeni","12":"product_tag-ponorne-chlazeni","14":"first","15":"instock","16":"taxable","17":"shipping-taxable","18":"purchasable","19":"product-type-simple"},"acf":[],"_links":{"self":[{"href":"https:\/\/onlybestminers.com\/cs\/wp-json\/wp\/v2\/product\/34863","targetHints":{"allow":["GET"]}}],"collection":[{"href":"https:\/\/onlybestminers.com\/cs\/wp-json\/wp\/v2\/product"}],"about":[{"href":"https:\/\/onlybestminers.com\/cs\/wp-json\/wp\/v2\/types\/product"}],"replies":[{"embeddable":true,"href":"https:\/\/onlybestminers.com\/cs\/wp-json\/wp\/v2\/comments?post=34863"}],"wp:featuredmedia":[{"embeddable":true,"href":"https:\/\/onlybestminers.com\/cs\/wp-json\/wp\/v2\/media\/34393"}],"wp:attachment":[{"href":"https:\/\/onlybestminers.com\/cs\/wp-json\/wp\/v2\/media?parent=34863"}],"wp:term":[{"taxonomy":"product_brand","embeddable":true,"href":"https:\/\/onlybestminers.com\/cs\/wp-json\/wp\/v2\/product_brand?post=34863"},{"taxonomy":"product_cat","embeddable":true,"href":"https:\/\/onlybestminers.com\/cs\/wp-json\/wp\/v2\/product_cat?post=34863"},{"taxonomy":"product_tag","embeddable":true,"href":"https:\/\/onlybestminers.com\/cs\/wp-json\/wp\/v2\/product_tag?post=34863"}],"curies":[{"name":"wp","href":"https:\/\/api.w.org\/{rel}","templated":true}]}}