{"id":34872,"date":"2021-12-28T19:06:37","date_gmt":"2021-12-28T18:06:37","guid":{"rendered":"https:\/\/onlybestminers.com\/produkt\/bigpool-ponorne-chlazeni\/"},"modified":"2021-12-28T19:06:37","modified_gmt":"2021-12-28T18:06:37","slug":"bigpool-ponorne-chlazeni","status":"publish","type":"product","link":"https:\/\/onlybestminers.com\/cs\/produkt\/bigpool-ponorne-chlazeni\/","title":{"rendered":"BigPool &#8211; ponorn\u00e9 chlazen\u00ed"},"content":{"rendered":"<p><b>#OnlyBestMiners<\/b> m\u00e1 profesion\u00e1ln\u00ed \u0159e\u0161en\u00ed chlazen\u00ed pro t\u011b\u017ea\u0159e kryptom\u011bn pomoc\u00ed kapaliny <b>BitCool #OBM<\/b>.<\/p>\n<div class=\"esp_column_description\">\n<section class=\"section\">\n<div class=\"item item-6\">\n<section class=\"text-item\">Objevte v\u00fdhody <b>ponorn\u00e9ho chlazen\u00ed<\/b> s <b>#OnlyBestMiners!<\/b><\/section>\n<\/div>\n<\/section>\n<section class=\"section\">\n<div class=\"item item-6\">\n<section class=\"text-item\">V\u00fdhody ponorn\u00fdch syst\u00e9m\u016f:<\/section>\n<section class=\"text-item\">1. <b>bezhlu\u010dn\u00fd<\/b> &#8211; teplo je odv\u00e1d\u011bno pomoc\u00ed kapaliny, nen\u00ed pot\u0159eba vestav\u011bn\u00fdch hlu\u010dn\u00fdch ventil\u00e1tor\u016f. Model #ICAquarim m\u00e1 bezhlu\u010dn\u00e9 ventil\u00e1tory. <\/section>\n<section class=\"text-item\">2. <b>v\u011bt\u0161\u00ed v\u00fdkon bagru<\/b> &#8211; d\u00edky pou\u017eit\u00ed \u00fa\u010dinn\u011bj\u0161\u00edho syst\u00e9mu odvodu tepla m\u016f\u017eeme pou\u017e\u00edt v\u00fdkonn\u011bj\u0161\u00ed OverClocking!<\/section>\n<section class=\"text-item\">3. <b>zp\u011btn\u00e9 z\u00edsk\u00e1v\u00e1n\u00ed tepla<\/b> &#8211; s na\u0161imi ponorn\u00fdmi syst\u00e9my m\u016f\u017eete <b>z\u00edskat zp\u011bt a\u017e 85 %<\/b> spot\u0159ebovan\u00e9 <b>energie<\/b> ve form\u011b tepla! (Pod\u00edvejte se na na\u0161i nab\u00eddku p\u0159ipojen\u00ed <b>#ICSyst\u00e9m\u016f<\/b> k \u00fast\u0159edn\u00edmu topen\u00ed).<\/section>\n<section class=\"text-item\">4. <b>\u017d\u00e1dn\u00e1 pra\u0161nost a del\u0161\u00ed \u017eivotnost rypadla<\/b> &#8211; kapalinov\u00e9 chlazen\u00ed zaji\u0161\u0165uje, \u017ee se do stroje nedostane \u017e\u00e1dn\u00fd prach, co\u017e vede k del\u0161\u00ed \u017eivotnosti.<\/section>\n<\/div>\n<div class=\"item item-6\"><\/div>\n<\/section>\n<section class=\"section\">\n<div class=\"item item-6\"><\/div>\n<div class=\"item item-6\">\n<section class=\"text-item\">Podrobnosti o <b>#bigpool &#8211; velk\u00e1 vana<\/b><\/section>\n<section class=\"text-item\">Zcela eliminuje hluk bagru a umo\u017e\u0148uje <b>a\u017e 85 % elektrick\u00e9 energie z\u00edskat zp\u011bt jako teplo! <\/b>Pomoc\u00ed profesion\u00e1ln\u00edch \u0159e\u0161en\u00ed m\u016f\u017eete <b>shroma\u017e\u010fovat odpadn\u00ed teplo<\/b> a p\u0159esm\u011brovat ho nap\u0159. do \u00fast\u0159edn\u00edho topen\u00ed a u\u017e\u00edvat si vyt\u00e1p\u011bn\u00ed zdarma nebo teplo vyfoukat ven!<\/section>\n<section class=\"text-item\">Zajist\u00edme, aby byl p\u0159\u00edstroj \u0159\u00e1dn\u011b p\u0159ipraven k pono\u0159en\u00ed, cena t\u00e9to slu\u017eby je dal\u0161\u00edch 300 PLN. (voliteln\u00e1 slu\u017eba)Doporu\u010dujeme v\u00e1m tak\u00e9 sezn\u00e1mit se s na\u0161imi dal\u0161\u00edmi ponorn\u00fdmi syst\u00e9my.  Pokud m\u00e1te jak\u00e9koli dotazy, nev\u00e1hejte n\u00e1s kontaktovat.<\/section>\n<\/div>\n<\/section>\n<section class=\"section\">\n<div class=\"item item-12\"><\/div>\n<\/section>\n<\/div>\n","protected":false},"excerpt":{"rendered":"<p>#OnlyBestMiners m\u00e1 profesion\u00e1ln\u00ed \u0159e\u0161en\u00ed chlazen\u00ed pro t\u011b\u017ea\u0159e kryptom\u011bn pomoc\u00ed kapaliny BitCool #OBM. Objevte v\u00fdhody ponorn\u00e9ho chlazen\u00ed s #OnlyBestMiners! V\u00fdhody ponorn\u00fdch syst\u00e9m\u016f: 1. bezhlu\u010dn\u00fd &#8211; teplo je odv\u00e1d\u011bno pomoc\u00ed kapaliny, nen\u00ed<\/p>\n","protected":false},"featured_media":34385,"comment_status":"closed","ping_status":"closed","template":"","meta":{"_acf_changed":false},"product_brand":[],"product_cat":[1059,1068],"product_tag":[1069,1070,1074,1072],"class_list":{"0":"post-34872","1":"product","2":"type-product","3":"status-publish","4":"has-post-thumbnail","6":"product_cat-obm-cs","7":"product_cat-rekuperace-tepla","8":"product_tag-icsystems-cs","9":"product_tag-bitcool-cs","10":"product_tag-kapalinove-chlazeni","11":"product_tag-ponorne-chlazeni","13":"first","14":"instock","15":"taxable","16":"shipping-taxable","17":"purchasable","18":"product-type-simple"},"acf":[],"_links":{"self":[{"href":"https:\/\/onlybestminers.com\/cs\/wp-json\/wp\/v2\/product\/34872","targetHints":{"allow":["GET"]}}],"collection":[{"href":"https:\/\/onlybestminers.com\/cs\/wp-json\/wp\/v2\/product"}],"about":[{"href":"https:\/\/onlybestminers.com\/cs\/wp-json\/wp\/v2\/types\/product"}],"replies":[{"embeddable":true,"href":"https:\/\/onlybestminers.com\/cs\/wp-json\/wp\/v2\/comments?post=34872"}],"wp:featuredmedia":[{"embeddable":true,"href":"https:\/\/onlybestminers.com\/cs\/wp-json\/wp\/v2\/media\/34385"}],"wp:attachment":[{"href":"https:\/\/onlybestminers.com\/cs\/wp-json\/wp\/v2\/media?parent=34872"}],"wp:term":[{"taxonomy":"product_brand","embeddable":true,"href":"https:\/\/onlybestminers.com\/cs\/wp-json\/wp\/v2\/product_brand?post=34872"},{"taxonomy":"product_cat","embeddable":true,"href":"https:\/\/onlybestminers.com\/cs\/wp-json\/wp\/v2\/product_cat?post=34872"},{"taxonomy":"product_tag","embeddable":true,"href":"https:\/\/onlybestminers.com\/cs\/wp-json\/wp\/v2\/product_tag?post=34872"}],"curies":[{"name":"wp","href":"https:\/\/api.w.org\/{rel}","templated":true}]}}