{"id":34924,"date":"2025-07-07T11:06:18","date_gmt":"2025-07-07T09:06:18","guid":{"rendered":"https:\/\/onlybestminers.com\/produkt\/bitmain-antminer-s19-xp-hydro-2\/"},"modified":"2025-07-07T11:06:18","modified_gmt":"2025-07-07T09:06:18","slug":"bitmain-antminer-s19-xp-hydro-2","status":"publish","type":"product","link":"https:\/\/onlybestminers.com\/cs\/produkt\/bitmain-antminer-s19-xp-hydro-2\/","title":{"rendered":"BITMAIN Antminer S19 XP Hydro"},"content":{"rendered":"<div style=\"background-color: #fff; padding: 30px; border-radius: 12px; box-shadow: 0 10px 30px rgba(0, 0, 0, 0.1); width: 100%; max-width: none; margin: 0; display: flex; flex-direction: column; min-height: 100vh; box-sizing: border-box;\">\n<h2 style=\"margin-bottom: 20px; color: #004080; font-weight: bold;\"><span style=\"color: #0078cd;\">Z\u00e1kladn\u00ed parametry<\/span><\/h2>\n<p dir=\"auto\"><strong><span style=\"color: #000000;\">Bitmain Antminer S19 XP je pokro\u010dil\u00e1 kop\u00edrka ASIC ur\u010den\u00e1 pro t\u011b\u017ebu kryptom\u011bn zalo\u017een\u00fdch na SHA-256, jako je Bitcoin (BTC). Poskytuje vysok\u00fd hashovac\u00ed v\u00fdkon 257 TH\/s p\u0159i spot\u0159eb\u011b energie p\u0159ibli\u017en\u011b 5350 W, co\u017e z n\u011bj \u010din\u00ed jeden z nejefektivn\u011bj\u0161\u00edch t\u011b\u017ea\u0159\u016f na trhu. <\/span><\/strong><\/p>\n<table style=\"width: 100%; border-collapse: collapse; margin-bottom: 20px; background-color: #fff; border-radius: 8px; box-shadow: 2px 2px 5px rgba(0,0,0,0.02); overflow: hidden;\">\n<tbody>\n<tr>\n<th style=\"padding: 12px; text-align: left; border-bottom: 1px solid #e0e0e0; background-color: #d3d3d3; font-weight: bold; color: #004080;\"><span style=\"color: #0078cd;\">Parametr<\/span><\/th>\n<th style=\"padding: 12px; text-align: left; border-bottom: 1px solid #e0e0e0; background-color: #d3d3d3; font-weight: bold; color: #004080;\"><span style=\"color: #0078cd;\">Verze 257T<\/span><\/th>\n<\/tr>\n<tr>\n<td style=\"padding: 12px; text-align: left; border-bottom: 1px solid #e0e0e0;\">Algoritmus<\/td>\n<td style=\"padding: 12px; text-align: left; border-bottom: 1px solid #e0e0e0;\">SHA-256<\/td>\n<\/tr>\n<tr>\n<td style=\"padding: 12px; text-align: left; border-bottom: 1px solid #e0e0e0;\">V\u00fdkon funkce Hashing<\/td>\n<td style=\"padding: 12px; text-align: left; border-bottom: 1px solid #e0e0e0;\">257 TH\/s<\/td>\n<\/tr>\n<tr>\n<td style=\"padding: 12px; text-align: left; border-bottom: 1px solid #e0e0e0;\">Spot\u0159eba energie<\/td>\n<td style=\"padding: 12px; text-align: left; border-bottom: 1px solid #e0e0e0;\">5350 W<\/td>\n<\/tr>\n<tr>\n<td style=\"padding: 12px; text-align: left; border-bottom: 1px solid #e0e0e0;\">Energetick\u00e1 \u00fa\u010dinnost<\/td>\n<td style=\"padding: 12px; text-align: left; border-bottom: 1px solid #e0e0e0;\">20,8 J\/TH<\/td>\n<\/tr>\n<tr>\n<td style=\"padding: 12px; text-align: left; border-bottom: 1px solid #e0e0e0;\">V\u00fdrobce<\/td>\n<td style=\"padding: 12px; text-align: left; border-bottom: 1px solid #e0e0e0;\">Bitmain<\/td>\n<\/tr>\n<tr>\n<td style=\"padding: 12px; text-align: left; border-bottom: 1px solid #e0e0e0;\">Model<\/td>\n<td style=\"padding: 12px; text-align: left; border-bottom: 1px solid #e0e0e0;\">Antminer S19 XP<\/td>\n<\/tr>\n<\/tbody>\n<\/table>\n<div style=\"margin-bottom: 20px; padding: 15px; background-color: #fff; border-radius: 8px; box-shadow: 0 10px 30px rgba(0, 0, 0, 0.1); display: flex;\">\n<div style=\"flex: 1;\">\n<h2 style=\"margin-bottom: 20px; color: #004080; font-weight: bold;\"><span style=\"color: #0078cd;\">Technick\u00e9 specifikace<\/span><\/h2>\n<ul style=\"list-style-type: disc; padding-left: 25px; margin-bottom: 20px;\">\n<li style=\"margin-bottom: 8px;\">Podporovan\u00e9 kryptom\u011bny: Bitcoin (BTC)<\/li>\n<li style=\"margin-bottom: 8px;\">Nap\u00e1jen\u00ed: vestav\u011bn\u00e9<\/li>\n<li style=\"margin-bottom: 8px;\">Chlazen\u00ed: Vzduch<\/li>\n<li style=\"margin-bottom: 8px;\">P\u0159ipojen\u00ed k s\u00edti: RJ45 Ethernet 10\/100M<\/li>\n<li style=\"margin-bottom: 8px;\">V\u00fdrobce: Bitmain<\/li>\n<li style=\"margin-bottom: 8px;\">Model: Antminer S19 XP (257T)<\/li>\n<li style=\"margin-bottom: 8px;\">Velikost: 400 x 195 x 290 mm<\/li>\n<li style=\"margin-bottom: 8px;\">Hmotnost: 14,4 kg<\/li>\n<li style=\"margin-bottom: 8px;\">Hladina hluku: 75 dB<\/li>\n<li style=\"margin-bottom: 8px;\">Fanou\u0161ek(ci): 4<\/li>\n<li style=\"margin-bottom: 8px;\">V\u00fdkon: 5350 W<\/li>\n<li style=\"margin-bottom: 8px;\">Rozhran\u00ed: Ethernet<\/li>\n<li style=\"margin-bottom: 8px;\">Teplota: 5 &#8211; 40 \u00b0C<\/li>\n<li style=\"margin-bottom: 8px;\">Vlhkost: 5 &#8211; 95 %<\/li>\n<\/ul>\n<\/div>\n<p><img decoding=\"async\" style=\"flex: 1; max-height: 472.5px; object-fit: contain; align-self: flex-start; margin-left: 20px;\" src=\"https:\/\/onlybestminers.com\/wp-content\/uploads\/2025\/05\/WeChat-Image_20250512121854.png\" alt=\"Antminer S19\"><\/p>\n<\/div>\n<div style=\"margin-bottom: 20px; padding: 15px; background-color: #fff; border-radius: 8px; box-shadow: 0 10px 30px rgba(0, 0, 0, 0.1);\">\n<h2 style=\"margin-bottom: 15px; color: #004080; font-weight: bold;\"><span style=\"color: #0078cd;\">Dal\u0161\u00ed informace<\/span><\/h2>\n<ul style=\"list-style-type: disc; padding-left: 25px; margin-bottom: 15px;\">\n<li style=\"margin-bottom: 5px;\">Z\u00e1ruka: 180 dn\u00ed (v\u00fdrobce)<\/li>\n<li style=\"margin-bottom: 5px;\">Stav produktu: Nov\u00fd<\/li>\n<\/ul>\n<\/div>\n<div style=\"margin-bottom: 20px; padding: 15px; background-color: #fff; border-radius: 8px; box-shadow: 0 10px 30px rgba(0, 0, 0, 0.1);\">\n<h3 style=\"margin-bottom: 15px; color: #004080; font-weight: bold;\"><span style=\"color: #0078cd;\">Pro\u010d Bitmain Antminer S19 XP?<\/span><\/h3>\n<ul style=\"list-style-type: disc; padding-left: 25px; margin-bottom: 15px;\">\n<li style=\"margin-bottom: 5px;\">Vysok\u00fd v\u00fdkon ha\u0161ov\u00e1n\u00ed<\/li>\n<li style=\"margin-bottom: 5px;\">\u00da\u010dinn\u00e9 chlazen\u00ed vzduchem<\/li>\n<li style=\"margin-bottom: 5px;\">Osv\u011bd\u010den\u00e1 zna\u010dka<\/li>\n<\/ul>\n<p style=\"margin-bottom: 10px;\"><span style=\"color: #000000;\">Objednejte si je\u0161t\u011b dnes a za\u010dn\u011bte t\u011b\u017eit s Antminer S19 XP!<\/span><\/p>\n<p style=\"margin-bottom: 10px;\"><span style=\"color: #000000;\">Specifikace se mohou u jednotliv\u00fdch \u0161ar\u017e\u00ed li\u0161it. P\u0159ed n\u00e1kupem se pora\u010fte se sv\u00fdm dodavatelem. <\/span><\/p>\n<\/div>\n<div style=\"margin-bottom: 20px; padding: 15px; background-color: #fff; border-radius: 8px; box-shadow: 0 10px 30px rgba(0, 0, 0, 0.1);\">\n<h2 style=\"margin-bottom: 15px; color: #004080; font-weight: bold;\"><span style=\"color: #0078cd;\">Za\u010dn\u011bte sv\u00e9 kryptom\u011bnov\u00e9 dobrodru\u017estv\u00ed je\u0161t\u011b dnes!<\/span><\/h2>\n<p style=\"margin-bottom: 10px;\"><span style=\"color: #000000;\">Tento pozoruhodn\u00fd n\u00e1stroj nen\u00ed jen bagr, je to inovativn\u00ed stroj, kter\u00fd zm\u011bn\u00ed v\u00e1\u0161 pohled na finance.<\/span><\/p>\n<p style=\"margin-bottom: 10px;\"><span style=\"color: #000000;\">Rypadlo je vybaveno nejmodern\u011bj\u0161\u00edmi technologiemi a p\u0159edstavuje skute\u010dn\u00e9 v\u00fdkonn\u00e9 monstrum. \ud83c\udfc6<\/span><\/p>\n<p style=\"margin-bottom: 10px;\"><span style=\"color: #000000;\">Z\u00edskejte n\u00e1skok a dosta\u0148te se na vrchol t\u00e9to hork\u00e9 investi\u010dn\u00ed vlny t\u00edm, \u017ee vyu\u017eijete p\u0159\u00edle\u017eitost\u00ed, kter\u00e9 rypadla nab\u00edzej\u00ed.<\/span><\/p>\n<p style=\"margin-bottom: 10px;\"><span style=\"color: #000000;\">Jste p\u0159ipraveni na cestu do sv\u011bta digit\u00e1ln\u00edho bohatstv\u00ed? \ud83d\udcb0<\/span><\/p>\n<\/div>\n<div style=\"margin-bottom: 20px; padding: 15px; background-color: #fff; border-radius: 8px; box-shadow: 0 10px 30px rgba(0, 0, 0, 0.1);\">\n<h2 style=\"margin-bottom: 15px; color: #004080; font-weight: bold;\"><span style=\"color: #0078cd;\">Pro\u010d #OnlyBestMiners?<\/span><\/h2>\n<ul style=\"list-style-type: disc; padding-left: 25px; margin-bottom: 15px;\">\n<li style=\"margin-bottom: 5px;\"><span style=\"color: #000000;\">Nejv\u011bt\u0161\u00ed znalosti a zku\u0161enosti v oblasti ASIC, t\u011b\u017ea\u0159\u016f kryptom\u011bn<\/span><\/li>\n<li style=\"margin-bottom: 5px;\"><span style=\"color: #000000;\">Nejv\u011bt\u0161\u00ed v\u00fdb\u011br vybaven\u00ed dostupn\u00e9ho na m\u00edst\u011b za nejv\u00fdhodn\u011bj\u0161\u00edch cenov\u00fdch podm\u00ednek<\/span><\/li>\n<li style=\"margin-bottom: 5px;\"><span style=\"color: #000000;\">Profesion\u00e1ln\u00ed hostingov\u00e9 podm\u00ednky v Polsku v n\u011bkolika v\u00fdhodn\u00fdch lokalit\u00e1ch<\/span><\/li>\n<li style=\"margin-bottom: 5px;\"><span style=\"color: #000000;\">Profesion\u00e1ln\u00ed m\u00edstn\u00ed slu\u017eba ASIC po konzultaci s partnery: Bitmain, MicroBT, Innosilicon<\/span><\/li>\n<li style=\"margin-bottom: 5px;\"><span style=\"color: #000000;\">Pln\u00e1 podpora &#8211; poradenstv\u00ed, \u0161kolen\u00ed a konfigurace i pro za\u010d\u00e1te\u010dn\u00edky<\/span><\/li>\n<\/ul>\n<\/div>\n<div style=\"padding: 15px; background-color: #fff; border-radius: 8px; box-shadow: 0 10px 30px rgba(0, 0, 0, 0.1);\">\n<h2 style=\"contribui\u00e7\u00e3o para a comunidade de c\u00f3digo aberto, aumentando a transpar\u00eancia e a colabora\u00e7\u00e3o no desenvolvimento de software. margin-bottom: 15px; color: #004080; font-weight: bold;\"><span style=\"color: #0078cd;\">M\u00e1te dotazy?<\/span><\/h2>\n<p style=\"margin-bottom: 10px;\"><span style=\"color: #000000;\">Kontaktujte n\u00e1s prost\u0159ednictv\u00edm formul\u00e1\u0159e nebo telefonicky &#8211; pom\u016f\u017eeme v\u00e1m vybrat tu spr\u00e1vnou verzi!<\/span><\/p>\n<\/div>\n<\/div>\n","protected":false},"excerpt":{"rendered":"<p>Z\u00e1kladn\u00ed parametry Bitmain Antminer S19 XP je pokro\u010dil\u00e1 kop\u00edrka ASIC ur\u010den\u00e1 pro t\u011b\u017ebu kryptom\u011bn zalo\u017een\u00fdch na SHA-256, jako je Bitcoin (BTC). Poskytuje vysok\u00fd hashovac\u00ed v\u00fdkon 257 TH\/s p\u0159i spot\u0159eb\u011b energie<\/p>\n","protected":false},"featured_media":32963,"comment_status":"open","ping_status":"closed","template":"","meta":{"_acf_changed":false},"product_brand":[],"product_cat":[937,1243,1242,938,1068,971,1557,936],"product_tag":[940,1017,975,977,1559,974],"class_list":{"0":"post-34924","1":"product","2":"type-product","3":"status-publish","4":"has-post-thumbnail","6":"product_cat-bitmain-cs","7":"product_cat-hydro-cs","8":"product_cat-hydro-asic-cryptocurrency-diggers-cs","9":"product_cat-novy","10":"product_cat-rekuperace-tepla","11":"product_cat-sha-256-cs","12":"product_cat-sha-256-btc","13":"product_cat-tezari-kryptomen-asic","14":"product_tag-antminer-cs","15":"product_tag-bcc-cs","16":"product_tag-bitmain-cs","17":"product_tag-btc-cs","18":"product_tag-hydro","19":"product_tag-sha-256-cs","20":"product_shipping_class-7-dni-cs","22":"first","23":"instock","24":"taxable","25":"shipping-taxable","26":"purchasable","27":"product-type-simple"},"acf":[],"_links":{"self":[{"href":"https:\/\/onlybestminers.com\/cs\/wp-json\/wp\/v2\/product\/34924","targetHints":{"allow":["GET"]}}],"collection":[{"href":"https:\/\/onlybestminers.com\/cs\/wp-json\/wp\/v2\/product"}],"about":[{"href":"https:\/\/onlybestminers.com\/cs\/wp-json\/wp\/v2\/types\/product"}],"replies":[{"embeddable":true,"href":"https:\/\/onlybestminers.com\/cs\/wp-json\/wp\/v2\/comments?post=34924"}],"wp:featuredmedia":[{"embeddable":true,"href":"https:\/\/onlybestminers.com\/cs\/wp-json\/wp\/v2\/media\/32963"}],"wp:attachment":[{"href":"https:\/\/onlybestminers.com\/cs\/wp-json\/wp\/v2\/media?parent=34924"}],"wp:term":[{"taxonomy":"product_brand","embeddable":true,"href":"https:\/\/onlybestminers.com\/cs\/wp-json\/wp\/v2\/product_brand?post=34924"},{"taxonomy":"product_cat","embeddable":true,"href":"https:\/\/onlybestminers.com\/cs\/wp-json\/wp\/v2\/product_cat?post=34924"},{"taxonomy":"product_tag","embeddable":true,"href":"https:\/\/onlybestminers.com\/cs\/wp-json\/wp\/v2\/product_tag?post=34924"}],"curies":[{"name":"wp","href":"https:\/\/api.w.org\/{rel}","templated":true}]}}