{"id":27432,"date":"2020-10-05T15:37:48","date_gmt":"2020-10-05T13:37:48","guid":{"rendered":"http:\/\/onlybestminers.com\/produkt\/heat-exchanger-40kw\/"},"modified":"2025-09-19T10:21:53","modified_gmt":"2025-09-19T08:21:53","slug":"exchanger-heat","status":"publish","type":"product","link":"https:\/\/onlybestminers.com\/en\/produkt\/exchanger-heat\/","title":{"rendered":"Heat exchanger 40kW"},"content":{"rendered":"<style type=\"text\/css\">.esp_column_description{box-sizing:border-box;margin-bottom:20px}.esp_column_description .section{display:flex;align-items:center;padding-bottom:15px;padding-top:15px}.esp_column_description .item-6{width:50%;float:left;position:relative;min-height:1px}.esp_column_description .item-6:first-child{padding-right:15px}.esp_column_description .item-6:last-child{padding-left:15px}.esp_column_description *,.esp_column_description *::after,.esp_column_description *::before{box-sizing:border-box}.esp_column_description .item-12{width:100%;min-height:1px}.esp_column_description .text-item .header1,.esp_column_description .text-item .header2{display:block;font-weight:500;margin:18px 0}.esp_column_description .text-item p{margin:16px 0;word-wrap:break-word}.esp_column_description .text-item .header1{font-size:24px;line-height:24px}.esp_column_description .text-item .header2{font-size:18px;line-height:18px}.esp_column_description .text-item ol,.description .text-item ul{padding-left:20px;margin:16px 0}.esp_column_description .text-item{width:100%}.esp_column_description .image-item img{display:block;margin-left:auto;margin-right:auto;max-width:100%}<\/style>\n<div class=\"esp_column_description\">\n<section class=\"section\">\n<div class=\"item item-6\">\n<section class=\"text-item\">Zestaw wymiennikowo-pompowy o mocy do 40 kW na wymienniku 40-p\u0142ytowym PROMAG TYP: PGM-3\/4c-40 kr\u00f3\u0107ce 3\/4&#8243; + 2 pompy obiegowe 25\/40 180 lub 25\/60 180 PROMAG (do wyboru) oraz armatura zaworowa<\/section>\n<\/div>\n<div class=\"item item-6\">\n<section class=\"image-item\"><img loading=\"lazy\" decoding=\"async\" class=\"\" src=\"https:\/\/onlybestminers.com\/wp-content\/uploads\/2020\/10\/wymiennik-ciepla-2x-pompa-armatur-zestaw-do-40kw-7.jpg\" width=\"536\" height=\"536\" \/><\/section>\n<\/div>\n<\/section>\n<section class=\"section\">\n<div class=\"item item-6\">\n<section class=\"text-item\">Wymiennik ciep\u0142a liquid-2-liquid jest idealnym rozwi\u0105zaniem do system\u00f3w zanurzeniowych <b>#OBM<\/b>.Element idealny, gdy chcemy przekaza\u0107 ciep\u0142o odpadowe do systemu ogrzewania centralnego!<\/section>\n<\/div>\n<\/section>\n<section class=\"section\">\n<div class=\"item item-6\">\n<section class=\"text-item\">Kompletne urz\u0105dzenie s\u0142u\u017cy do pod\u0142\u0105czenia kominka lub dw\u00f3ch r\u00f3\u017cnych uk\u0142ad\u00f3w grzewczych c.o. zawieraj\u0105cych \u017ar\u00f3d\u0142o ciep\u0142a pracuj\u0105ce w uk\u0142adzie otwartym i \u017ar\u00f3d\u0142o ciep\u0142a pracuj\u0105ce w uk\u0142adzie zamkni\u0119tym. Urz\u0105dzenie to jest r\u00f3wnie\u017c przystosowane do wsp\u00f3\u0142pracy z instalacjami solarnymi, gdzie umo\u017cliwia efektywn\u0105 wymian\u0119 ciep\u0142a pomi\u0119dzy dwoma czynnikami: solarnym i instalacji grzewczej.<\/section>\n<\/div>\n<div class=\"item item-6\">\n<section class=\"image-item\"><img decoding=\"async\" src=\"https:\/\/onlybestminers.com\/wp-content\/uploads\/2020\/10\/wymiennik-ciepla-2x-pompa-armatur-zestaw-do-40kw-9.jpg\" \/><\/section>\n<\/div>\n<\/section>\n<section class=\"section\">\n<div class=\"item item-12\">\n<section class=\"text-item\"><center><span style=\"font-size: 18pt;\"><b>Wymienniki obj\u0119te s\u0105 5 LETNI\u0104 GWARANCJ\u0104 PRODUCENTA!!!.<\/b><\/span><\/center><\/section>\n<\/div>\n<\/section>\n<section class=\"section\">\n<div class=\"item item-6\">\n<section class=\"image-item\"><img decoding=\"async\" src=\"https:\/\/onlybestminers.com\/wp-content\/uploads\/2020\/10\/wymiennik-ciepla-2x-pompa-armatur-zestaw-do-40kw-1.jpg\" \/><\/section>\n<\/div>\n<div class=\"item item-6\">\n<section class=\"text-item\"><b>W sk\u0142ad zestawu wymiennikowo-pompowego wchodz\u0105:<\/b>1. Wymiennik 40 p\u0142ytowy 4 x GZ 3\/4&#8221;2. 2x POMPA obiegowa PROMAG + \u015brubunki<\/p>\n<p>3.\u015arubunki k\u0105towe<\/p>\n<p>4. Zawory kulowe<\/p>\n<p>5. Filtry siatkowe<\/p>\n<p>6. Kolanka<\/p>\n<\/section>\n<\/div>\n<\/section>\n<section class=\"section\">\n<div class=\"item item-6\">\n<section class=\"text-item\"><b>Informacje techniczne wymiennika:<\/b>1. \u015arednica kr\u00f3\u0107cy pod\u0142\u0105czeniowych: 4 x GZ 3\/4&#8221;2. Grubo\u015b\u0107 p\u0142yty: 0,3 mm<\/p>\n<p>3. Ilo\u015b\u0107 p\u0142yt: 40<\/p>\n<p>4. Powierzchnia wymiany ciep\u0142a: 0,92 m2<\/p>\n<p>5. Ci\u015bnienie robocze: 40 bar<\/p>\n<p>6. Ci\u015bnienie testowe: 60 bar<\/p>\n<p>7. Zakres temperatur: od -195\u00b0C do 220\u00b0C<\/p>\n<p>8. Kierunek przep\u0142ywu: F1&gt;F3, F4&gt;F2<\/p>\n<p>9. Materia\u0142: Stal nierdzewna 316L lutowana miedzi\u0105<\/p>\n<\/section>\n<\/div>\n<div class=\"item item-6\">\n<section class=\"image-item\"><img decoding=\"async\" src=\"https:\/\/onlybestminers.com\/wp-content\/uploads\/2020\/10\/wymiennik-ciepla-2x-pompa-armatur-zestaw-do-40kw-2.jpg\" \/><\/section>\n<\/div>\n<\/section>\n<section class=\"section\">\n<div class=\"item item-6\">\n<section class=\"image-item\"><img decoding=\"async\" src=\"https:\/\/onlybestminers.com\/wp-content\/uploads\/2020\/10\/wymiennik-ciepla-2x-pompa-armatur-zestaw-do-40kw-6.jpg\" \/><\/section>\n<\/div>\n<div class=\"item item-6\">\n<section class=\"text-item\"><b>Pompa PROMAG przeznaczona jest do system\u00f3w centralnego ogrzewania.<\/b> Korpus pompy wykonany jest z \u017celiwa, obudowa odlana z aluminium, a wirnik uformowany z tworzywa. Wysokiej jako\u015bci silnik dwubiegunowy, asynchroniczny, nie wymaga ochrony przed przeci\u0105\u017ceniem, posiada trzy pr\u0119dko\u015bci obrotowe, regulowane za pomoc\u0105 specjalnego prze\u0142\u0105cznika zamontowanego na skrzynce zaciskowej co pozwala dostosowa\u0107 prac\u0119 pompy do charakterystyki instalacji. Pompy nie mog\u0105 pracowa\u0107 w obiegach wodnych, w kt\u00f3rych mog\u0105 wyst\u0119powa\u0107 zanieczyszczenia sta\u0142e (np. kawa\u0142ki rdzy, kamienia kot\u0142owego). Przed pomp\u0105 zawsze powinien by\u0107 zainstalowany filtr osadnikowy chroni\u0105cy urz\u0105dzenie przed ewentualnymi zanieczyszczeniami. Dzi\u0119ki zastosowaniu specjalnych materia\u0142\u00f3w konstrukcyjnych, pompa jest bardzo odporna na wysok\u0105 temperatur\u0119 oraz wysokie ci\u015bnienie.<\/section>\n<\/div>\n<\/section>\n<section class=\"section\">\n<div class=\"item item-6\">\n<section class=\"text-item\"><b>Specyfikacja:<\/b>&#8211; Typ: POMPA OBIEGOWA 25\/40 180- Zasilanie: 230V\/50Hz-60Hz<\/p>\n<p>&#8211; Wysoko\u015b\u0107 podnoszenia: 4 m<\/p>\n<p>&#8211; Zakres pracy medium +2 &#8211; + 110 st. C<\/p>\n<p>&#8211; D\u0142ugo\u015b\u0107 monta\u017cowa: 180 mm<\/p>\n<p>&#8211; Regulowana pr\u0119dko\u015b\u0107 obrotowa (trzy zakresy)<\/p>\n<p>&#8211; I bieg &#8211; 35W<\/p>\n<p>&#8211; II bieg &#8211; 45W<\/p>\n<p>&#8211; III bieg &#8211; 65W<\/p>\n<p>&#8211; \u015arednica przy\u0142\u0105cza &#8211; 1.1\/2 cal<\/p>\n<p>&#8211; Maksymalne ci\u015bnienie pracy &#8211; 10 bar<\/p>\n<\/section>\n<\/div>\n<div class=\"item item-6\">\n<section class=\"image-item\"><img decoding=\"async\" src=\"https:\/\/onlybestminers.com\/wp-content\/uploads\/2020\/10\/wymiennik-ciepla-2x-pompa-armatur-zestaw-do-40kw-3.jpg\" \/><\/section>\n<\/div>\n<\/section>\n<p><center><img decoding=\"async\" src=\"https:\/\/onlybestminers.com\/wp-content\/uploads\/2020\/10\/wymiennik-ciepla-2x-pompa-armatur-zestaw-do-40kw-8.jpg\" \/><\/center><\/div>\n","protected":false},"excerpt":{"rendered":"<p>Zestaw wymiennikowo-pompowy o mocy do 40 kW na wymienniku 40-p\u0142ytowym PROMAG TYP: PGM-3\/4c-40 kr\u00f3\u0107ce 3\/4&#8243; + 2 pompy obiegowe 25\/40 180 lub 25\/60 180 PROMAG (do wyboru) oraz armatura zaworowa<\/p>\n","protected":false},"featured_media":34443,"comment_status":"closed","ping_status":"closed","template":"","meta":{"_acf_changed":false},"product_brand":[],"product_cat":[851,848],"product_tag":[],"class_list":{"0":"post-27432","1":"product","2":"type-product","3":"status-publish","4":"has-post-thumbnail","6":"product_cat-obm-en","7":"product_cat-recovery-heat","8":"product_shipping_class-24h-en","10":"first","11":"outofstock","12":"taxable","13":"shipping-taxable","14":"purchasable","15":"product-type-simple"},"acf":[],"_links":{"self":[{"href":"https:\/\/onlybestminers.com\/en\/wp-json\/wp\/v2\/product\/27432","targetHints":{"allow":["GET"]}}],"collection":[{"href":"https:\/\/onlybestminers.com\/en\/wp-json\/wp\/v2\/product"}],"about":[{"href":"https:\/\/onlybestminers.com\/en\/wp-json\/wp\/v2\/types\/product"}],"replies":[{"embeddable":true,"href":"https:\/\/onlybestminers.com\/en\/wp-json\/wp\/v2\/comments?post=27432"}],"wp:featuredmedia":[{"embeddable":true,"href":"https:\/\/onlybestminers.com\/en\/wp-json\/wp\/v2\/media\/34443"}],"wp:attachment":[{"href":"https:\/\/onlybestminers.com\/en\/wp-json\/wp\/v2\/media?parent=27432"}],"wp:term":[{"taxonomy":"product_brand","embeddable":true,"href":"https:\/\/onlybestminers.com\/en\/wp-json\/wp\/v2\/product_brand?post=27432"},{"taxonomy":"product_cat","embeddable":true,"href":"https:\/\/onlybestminers.com\/en\/wp-json\/wp\/v2\/product_cat?post=27432"},{"taxonomy":"product_tag","embeddable":true,"href":"https:\/\/onlybestminers.com\/en\/wp-json\/wp\/v2\/product_tag?post=27432"}],"curies":[{"name":"wp","href":"https:\/\/api.w.org\/{rel}","templated":true}]}}