{"id":28398,"date":"2020-08-17T17:56:02","date_gmt":"2020-08-17T15:56:02","guid":{"rendered":"http:\/\/onlybestminers.com\/produkt\/icaquarim-immersion-cooling-an-elegant-immersion-system-obm\/"},"modified":"2024-01-17T15:26:06","modified_gmt":"2024-01-17T14:26:06","slug":"icaquarim-elegant-submersible-system-obm","status":"publish","type":"product","link":"https:\/\/onlybestminers.com\/en\/produkt\/icaquarim-elegant-submersible-system-obm\/","title":{"rendered":"#ICAquarim &#8211; Immersion Cooling &#8211; an elegant immersion system #OBM"},"content":{"rendered":"<style type=\"text\/css\">.esp_column_description{box-sizing:border-box;margin-bottom:20px}.esp_column_description .section{display:flex;align-items:center;padding-bottom:15px;padding-top:15px}.esp_column_description .item-6{width:50%;float:left;position:relative;min-height:1px}.esp_column_description .item-6:first-child{padding-right:15px}.esp_column_description .item-6:last-child{padding-left:15px}.esp_column_description *,.esp_column_description *::after,.esp_column_description *::before{box-sizing:border-box}.esp_column_description .item-12{width:100%;min-height:1px}.esp_column_description .text-item .header1,.esp_column_description .text-item .header2{display:block;font-weight:500;margin:18px 0}.esp_column_description .text-item p{margin:16px 0;word-wrap:break-word}.esp_column_description .text-item .header1{font-size:24px;line-height:24px}.esp_column_description .text-item .header2{font-size:18px;line-height:18px}.esp_column_description .text-item ol,.description .text-item ul{padding-left:20px;margin:16px 0}.esp_column_description .text-item{width:100%}.esp_column_description .image-item img{display:block;margin-left:auto;margin-right:auto;max-width:100%}<\/style>\n<div class=\"esp_column_description\">\n<section class=\"section\">\n<div class=\"item item-6\">\n<section class=\"text-item\">W\u0142a\u015bnie nadszed\u0142 <b>prze\u0142omowy moment<\/b>, na kt\u00f3ry ka\u017cdy u\u017cytkownik koparek kryptowalut czeka\u0142!<b>#OnlyBestMiners <\/b>wprowadza profesjonalne, autorskie rozwi\u0105zania ch\u0142odzenia koparek kryptowalut przy pomocy cieczy <b>BitCool #OBM.<\/b><b>Odkryj zalety Immersion Cooling z #OnlyBestMiners!<\/b><\/section>\n<\/div>\n<div class=\"item item-6\">\n<section class=\"image-item\"><img decoding=\"async\" src=\"http:\/\/onlybestminers.com\/wp-content\/uploads\/2020\/08\/20200406_212240-scaled.jpg\" \/><\/section>\n<\/div>\n<\/section>\n<section class=\"section\">\n<div class=\"item item-6\">\n<section class=\"image-item\"><img decoding=\"async\" src=\"http:\/\/onlybestminers.com\/wp-content\/uploads\/2020\/08\/20200403_215145-scaled.jpg\" \/><\/section>\n<\/div>\n<div class=\"item item-6\">\n<section class=\"text-item\">Korzy\u015bci ze stosowania system\u00f3w zanurzeniowych:1. <b>Brak ha\u0142asu<\/b> &#8211; ciep\u0142o odprowadzane jest przy pomocy cieczy, nie ma konieczno\u015bci stosowania wbudowanych g\u0142o\u015bnych wentylator\u00f3w. <b>#ICAquarim <\/b>posiada bezg\u0142o\u015bne wentylatory.2. <b>Wi\u0119ksza moc koparki<\/b> &#8211; dzi\u0119ki zastosowaniu skuteczniejszego systemu odprowadzania ciep\u0142a, mo\u017cemy zastosowa\u0107 mocniejszy <b>OverClocking<\/b>!<\/p>\n<p>3. <b>Odzysk ciep\u0142a &#8211; <\/b>przy pomocy naszych system\u00f3w zanurzeniowych, mo\u017cesz odzyska\u0107 <b>do 85% zu\u017cytej energii<\/b> w postaci ciep\u0142a!<\/p>\n<p>(Sprawd\u017a nasz\u0105 ofert\u0119 pod\u0142\u0105czenia <b>#ICSystems<\/b> do ogrzewania centralnego)<\/p>\n<p>4. <b>Brak kurzu i wi\u0119ksza \u017cywotno\u015b\u0107 koparki<\/b> &#8211; ch\u0142odzenie ciecz\u0105 zapewnia brak dost\u0119pu kurzu do urz\u0105dzenia, co przek\u0142ada si\u0119 na jej wi\u0119ksz\u0105 \u017cywotno\u015b\u0107.<\/p>\n<\/section>\n<\/div>\n<\/section>\n<section class=\"section\">\n<div class=\"item item-6\">\n<section class=\"text-item\">Szczeg\u00f3\u0142y o <b>#ICAquarim:<\/b>Urz\u0105dzenie jest ca\u0142kowicie nies\u0142yszalne oraz jest w stanie odprowadzi\u0107 ciep\u0142o z koparki o mocy do <b>1500W<\/b>. Sprawd\u017a nasze inne systemy dla koparek o wi\u0119kszej mocy.Urz\u0105dzenie jest wyposa\u017cone w bezg\u0142o\u015bny, bezszczotkowy wentylator.<\/p>\n<\/section>\n<\/div>\n<div class=\"item item-6\">\n<section class=\"image-item\"><img decoding=\"async\" src=\"http:\/\/onlybestminers.com\/wp-content\/uploads\/2020\/08\/20200116_172233-scaled.jpg\" \/><\/section>\n<\/div>\n<\/section>\n<section class=\"section\">\n<div class=\"item item-6\">\n<section class=\"image-item\"><img decoding=\"async\" src=\"http:\/\/onlybestminers.com\/wp-content\/uploads\/2020\/08\/20200117_165025-scaled.jpg\" \/><\/section>\n<\/div>\n<div class=\"item item-6\">\n<section class=\"text-item\">Statystycznie, do zanurzenia jednej koparki potrzebujemy 15 litr\u00f3w mieszanki cieczy <b>#OBM BitCool<\/b>, szczeg\u00f3\u0142y znajdziesz w naszej ofercie.Zapewniamy odpowiednie przygotowanie urz\u0105dzenia do zanurzenia, koszt us\u0142ugi to dodatkowe 300 z\u0142. (us\u0142uga opcjonalna)-<\/p>\n<p>Zach\u0119camy r\u00f3wnie\u017c do zapoznania si\u0119 z naszymi pozosta\u0142ymi <b>systemami zanurzeniowymi<\/b>. W razie pyta\u0144, zapraszamy do kontaktu.<\/p>\n<\/section>\n<\/div>\n<\/section>\n<\/div>\n","protected":false},"excerpt":{"rendered":"<p>W\u0142a\u015bnie nadszed\u0142 prze\u0142omowy moment, na kt\u00f3ry ka\u017cdy u\u017cytkownik koparek kryptowalut czeka\u0142!#OnlyBestMiners wprowadza profesjonalne, autorskie rozwi\u0105zania ch\u0142odzenia koparek kryptowalut przy pomocy cieczy BitCool #OBM.Odkryj zalety Immersion Cooling z #OnlyBestMiners! Korzy\u015bci ze<\/p>\n","protected":false},"featured_media":14937,"comment_status":"closed","ping_status":"closed","template":"","meta":{"_acf_changed":false},"product_brand":[],"product_cat":[851,848],"product_tag":[877,883,895,901],"class_list":{"0":"post-28398","1":"product","2":"type-product","3":"status-publish","4":"has-post-thumbnail","6":"product_cat-obm-en","7":"product_cat-recovery-heat","8":"product_tag-icsystems-en","9":"product_tag-bitcool-en","10":"product_tag-immersion-cooling-en","11":"product_tag-liquid-cooling-en","13":"first","14":"onbackorder","15":"taxable","16":"shipping-taxable","17":"purchasable","18":"product-type-simple"},"acf":[],"_links":{"self":[{"href":"https:\/\/onlybestminers.com\/en\/wp-json\/wp\/v2\/product\/28398","targetHints":{"allow":["GET"]}}],"collection":[{"href":"https:\/\/onlybestminers.com\/en\/wp-json\/wp\/v2\/product"}],"about":[{"href":"https:\/\/onlybestminers.com\/en\/wp-json\/wp\/v2\/types\/product"}],"replies":[{"embeddable":true,"href":"https:\/\/onlybestminers.com\/en\/wp-json\/wp\/v2\/comments?post=28398"}],"wp:featuredmedia":[{"embeddable":true,"href":"https:\/\/onlybestminers.com\/en\/wp-json\/wp\/v2\/media\/14937"}],"wp:attachment":[{"href":"https:\/\/onlybestminers.com\/en\/wp-json\/wp\/v2\/media?parent=28398"}],"wp:term":[{"taxonomy":"product_brand","embeddable":true,"href":"https:\/\/onlybestminers.com\/en\/wp-json\/wp\/v2\/product_brand?post=28398"},{"taxonomy":"product_cat","embeddable":true,"href":"https:\/\/onlybestminers.com\/en\/wp-json\/wp\/v2\/product_cat?post=28398"},{"taxonomy":"product_tag","embeddable":true,"href":"https:\/\/onlybestminers.com\/en\/wp-json\/wp\/v2\/product_tag?post=28398"}],"curies":[{"name":"wp","href":"https:\/\/api.w.org\/{rel}","templated":true}]}}