{"id":28372,"date":"2020-06-26T13:30:40","date_gmt":"2020-06-26T11:30:40","guid":{"rendered":"http:\/\/onlybestminers.com\/produkt\/antminer-whatsminer-microbt-m20s-68th\/"},"modified":"2024-06-20T13:08:28","modified_gmt":"2024-06-20T11:08:28","slug":"antminer-whatsminer-microbt-m20s-68th","status":"publish","type":"product","link":"https:\/\/onlybestminers.com\/ru\/produkt\/antminer-whatsminer-microbt-m20s-68th\/","title":{"rendered":"MicroBT Whatsminer M20S"},"content":{"rendered":"<style type=\"text\/css\">.esp_column_description{box-sizing:border-box;margin-bottom:20px}.esp_column_description .section{display:flex;align-items:center;padding-bottom:15px;padding-top:15px}.esp_column_description .item-6{width:50%;float:left;position:relative;min-height:1px}.esp_column_description .item-6:first-child{padding-right:15px}.esp_column_description .item-6:last-child{padding-left:15px}.esp_column_description *,.esp_column_description *::after,.esp_column_description *::before{box-sizing:border-box}.esp_column_description .item-12{width:100%;min-height:1px}.esp_column_description .text-item .header1,.esp_column_description .text-item .header2{display:block;font-weight:500;margin:18px 0}.esp_column_description .text-item p{margin:16px 0;word-wrap:break-word}.esp_column_description .text-item .header1{font-size:24px;line-height:24px}.esp_column_description .text-item .header2{font-size:18px;line-height:18px}.esp_column_description .text-item ol,.description .text-item ul{padding-left:20px;margin:16px 0}.esp_column_description .text-item{width:100%}.esp_column_description .image-item img{display:block;margin-left:auto;margin-right:auto;max-width:100%}<\/style>\n<div class=\"esp_column_description\">\n<section class=\"section\">\n<div class=\"item item-6\">\n<section class=\"image-item\">\n<section class=\"image-item\"><\/section>\n<h3><b style=\"color: #0179cf; font-family: 'arial black', sans-serif;\"><strong>Whatsminer M20S <a href=\"http:\/\/onlybestminers.com\/wp-content\/uploads\/2023\/10\/Bitcoin-300x300.webp\"><img loading=\"lazy\" decoding=\"async\" class=\"alignnone wp-image-28500\" src=\"http:\/\/onlybestminers.com\/wp-content\/uploads\/2023\/10\/Bitcoin-300x300.webp\" alt=\"\" width=\"27\" height=\"27\" srcset=\"https:\/\/onlybestminers.com\/wp-content\/uploads\/2023\/10\/Bitcoin-300x300.webp 300w, https:\/\/onlybestminers.com\/wp-content\/uploads\/2023\/10\/Bitcoin-1024x1024.webp 1024w, https:\/\/onlybestminers.com\/wp-content\/uploads\/2023\/10\/Bitcoin-150x150.webp 150w, https:\/\/onlybestminers.com\/wp-content\/uploads\/2023\/10\/Bitcoin-768x768.webp 768w, https:\/\/onlybestminers.com\/wp-content\/uploads\/2023\/10\/Bitcoin-100x100.webp 100w, https:\/\/onlybestminers.com\/wp-content\/uploads\/2023\/10\/Bitcoin-600x600.webp 600w, https:\/\/onlybestminers.com\/wp-content\/uploads\/2023\/10\/Bitcoin.webp 1200w\" sizes=\"auto, (max-width: 27px) 100vw, 27px\" \/><\/a><\/strong><\/b><\/h3>\n<section>\n<div class=\"esp_column_description\">\n<section class=\"section\">\n<div class=\"item item-12\">\n<div class=\"esp_column_description\">\n<section class=\"section\">\n<div class=\"item item-6\" style=\"text-align: left;\">\n<section>\n<section class=\"text-item\">\n<div class=\"_1voj4 _z9prt _1xzdi _ai5yc _5d6n2 _15lj1\">\n<div class=\"_2d49e_5pK0q\">\n<div class=\"_1bo4a _xu6h2 _1ylmp _2d49e_YrWCD\">\n<div class=\"_1voj4 _z9prt _1xzdi _ai5yc _5d6n2 _15lj1\">\n<div class=\"_2d49e_5pK0q\">\n<table class=\" alignleft\" style=\"border-collapse: collapse; width: 14.0068%; height: 94px;\">\n<tbody>\n<tr style=\"height: 24px;\">\n<td style=\"width: 39.3462%; height: 24px;\">Moc:<\/td>\n<td style=\"width: 60.6538%; height: 24px;\"><strong>68Th<\/strong><\/td>\n<\/tr>\n<tr style=\"height: 24px;\">\n<td style=\"width: 39.3462%; height: 23px;\">Pob\u00f3r:<\/td>\n<td style=\"width: 60.6538%; height: 23px;\"><b>3360<\/b><b>W<\/b><\/td>\n<\/tr>\n<tr style=\"height: 24px;\">\n<td style=\"width: 39.3462%; height: 24px;\">Algorytm:<\/td>\n<td style=\"width: 60.6538%; height: 24px;\"><strong>SHA-256<\/strong><\/td>\n<\/tr>\n<\/tbody>\n<\/table>\n<\/div>\n<\/div>\n<p>&nbsp;<\/p>\n<\/div>\n<\/div>\n<\/div>\n<\/section>\n<\/section>\n<\/div>\n<\/section>\n<\/div>\n<p>&nbsp;<\/p>\n<p>&nbsp;<\/p>\n<div class=\"esp_column_description\">\n<section class=\"section\">\n<div class=\"item item-6\" style=\"text-align: left;\">\n<section>\n<section class=\"text-item\">\n<div class=\"_1voj4 _z9prt _1xzdi _ai5yc _5d6n2 _15lj1\">\n<div class=\"_2d49e_5pK0q\">\n<div class=\"_1bo4a _xu6h2 _1ylmp _2d49e_YrWCD\">\n<div class=\"_1voj4 _z9prt _1xzdi _ai5yc _5d6n2 _15lj1\">\n<div class=\"xdj266r x11i5rnm xat24cr x1mh8g0r x1vvkbs x126k92a\" style=\"text-align: left;\">\n<div dir=\"auto\"><\/div>\n<\/div>\n<div class=\"x11i5rnm xat24cr x1mh8g0r x1vvkbs xtlvy1s x126k92a\">\n<hr \/>\n<\/div>\n<p>Zacznij przygod\u0119 z kryptowalutami ju\u017c dzi\u015b! Te niezwyk\u0142e narz\u0119dzie to nie tylko koparka, to innowacyjna maszyna, kt\u00f3ra przekszta\u0142ca Tw\u00f3j spos\u00f3b patrzenia na finanse.<\/p>\n<p>Wyposa\u017cona w najnowocze\u015bniejsze technologie, koparka to prawdziwy potw\u00f3r wydajno\u015bci. \ud83c\udfc6<\/p>\n<p>Zyskaj przewag\u0119 i wejd\u017a na szczyt tej gor\u0105cej fali inwestycyjnej, korzystaj\u0105c z mo\u017cliwo\u015bci, kt\u00f3re oferuje koparka.<\/p>\n<p>Gotowy na podr\u00f3\u017c w \u015bwiat cyfrowych bogactw? \ud83d\udcb0<\/p>\n<\/div>\n<\/div>\n<\/div>\n<\/div>\n<p>&nbsp;<\/p>\n<div class=\"_1voj4 _z9prt _1xzdi _ai5yc _5d6n2 _15lj1\">\n<div class=\"_2d49e_5pK0q\">\n<div class=\"_1bo4a _xu6h2 _1ylmp _2d49e_YrWCD\">\n<div class=\"_1voj4 _z9prt _1xzdi _ai5yc _5d6n2 _15lj1\">\n<hr \/>\n<p>Dlaczego <b>#OnlyBestMiners<\/b>:<\/p>\n<\/div>\n<\/div>\n<div class=\"_1bo4a _xu6h2 _1ylmp _2d49e_YrWCD\">\n<div class=\"_1voj4 _z9prt _1xzdi _ai5yc _5d6n2 _15lj1\">\n<div class=\"_4lbi0 _6kfrx _ur8qq _u5o1q _1xm8p _1agsg\">\n<div class=\"_18vat _10a7o _1yhvf _7ccvy\">\n<div class=\"_1fwkl\">&#8211; najwi\u0119ksza <b>wiedza i do\u015bwiadczenie<\/b> w ASIC, koparkach kryptowalut;<\/p>\n<p>&#8211; najwi\u0119kszy <b>wyb\u00f3r urz\u0105dze\u0144<\/b> dost\u0119pnym na miejscu w najkorzystniejszych warunkach cenowych;<\/p>\n<p>&#8211; profesjonalne warunki <b>hostingu<\/b> w Polsce w kilku dogodnych lokalizacjach;<\/p>\n<p>&#8211; profesjonalny, lokalny, na miejscu <b>serwis ASIC w Polsce<\/b> w porozumieniu z naszymi partnerami jak: Bitmain, MicroBT, Innosilicon, inni;<\/p>\n<p>&#8211; przekazujemy, pe\u0142n\u0105 i praktyczn\u0105 wiedz\u0119. <b>Doradzamy, pomagamy, szkolimy i konfigurujemy<\/b>. Ka\u017cda osoba bez wiedzy o #digitalmining jest w stanie z nami j\u0105 zdoby\u0107 i zacz\u0105\u0107 krypto-przygod\u0119.<\/p>\n<\/div>\n<\/div>\n<\/div>\n<\/div>\n<\/div>\n<\/div>\n<\/div>\n<div class=\"_1voj4 _z9prt _1xzdi _ai5yc _5d6n2 _15lj1\">\n<div class=\"_2d49e_5pK0q\">\n<div class=\"_1bo4a _xu6h2 _1ylmp _2d49e_YrWCD\">\n<div class=\"_1voj4 _z9prt _1xzdi _ai5yc _5d6n2 _15lj1\">\n<div class=\"_2d49e_5pK0q\">\n<hr \/>\n<p style=\"text-align: center;\"><em>Ze wzgledu na specyfik\u0119 sprzedawanych urz\u0105dze\u0144 nie przys\u0142uguje Ci prawo do odst\u0105pienia od umowy podczas kupowania koparek kryptowalut. Kupuj\u0105c ten przedmiot jeste\u015b \u015bwiadomy oraz potwierdzasz, \u017ce zosta\u0142e\u015b poinformowany o tym, \u017ce zgodnie z Artyku\u0142em 38. Ustawy z dnia 30 maja 2014 roku o prawach konsumenta, po odebraniu sprawnego urz\u0105dzenia tracisz prawo do odst\u0105pienia od umowy.<\/em><\/p>\n<\/div>\n<\/div>\n<\/div>\n<\/div>\n<\/div>\n<\/section>\n<\/section>\n<\/div>\n<\/section>\n<\/div>\n<\/div>\n<\/section>\n<\/div>\n<\/section>\n<\/section>\n<\/div>\n<div class=\"item item-6\"><\/div>\n<\/section>\n<section class=\"section\">\n<div class=\"item item-6\">\n<section> <\/section>\n<\/div>\n<\/section>\n<\/div>\n","protected":false},"excerpt":{"rendered":"[xyz-ips snippet=\"m20s-68-profit\"]\n","protected":false},"featured_media":28968,"comment_status":"closed","ping_status":"closed","template":"","meta":{"_acf_changed":false},"product_brand":[],"product_cat":[1036,1025,1009,979,978,980],"product_tag":[1026,1037,1011,1038,994],"class_list":{"0":"post-28372","1":"product","2":"type-product","3":"status-publish","4":"has-post-thumbnail","6":"product_cat-microbt-ru","7":"product_cat-sha-256-ru-2","8":"product_cat-sha-256-ru","9":"product_cat-979","10":"product_cat---asic","11":"product_cat-980","12":"product_tag-btc-ru","13":"product_tag-microbt-ru","14":"product_tag-sha-256-ru","15":"product_tag-whatsminer-ru","16":"product_tag-994","17":"product_shipping_class-14-dni-ru","19":"first","20":"outofstock","21":"taxable","22":"shipping-taxable","23":"purchasable","24":"product-type-simple"},"acf":[],"_links":{"self":[{"href":"https:\/\/onlybestminers.com\/ru\/wp-json\/wp\/v2\/product\/28372","targetHints":{"allow":["GET"]}}],"collection":[{"href":"https:\/\/onlybestminers.com\/ru\/wp-json\/wp\/v2\/product"}],"about":[{"href":"https:\/\/onlybestminers.com\/ru\/wp-json\/wp\/v2\/types\/product"}],"replies":[{"embeddable":true,"href":"https:\/\/onlybestminers.com\/ru\/wp-json\/wp\/v2\/comments?post=28372"}],"wp:featuredmedia":[{"embeddable":true,"href":"https:\/\/onlybestminers.com\/ru\/wp-json\/wp\/v2\/media\/28968"}],"wp:attachment":[{"href":"https:\/\/onlybestminers.com\/ru\/wp-json\/wp\/v2\/media?parent=28372"}],"wp:term":[{"taxonomy":"product_brand","embeddable":true,"href":"https:\/\/onlybestminers.com\/ru\/wp-json\/wp\/v2\/product_brand?post=28372"},{"taxonomy":"product_cat","embeddable":true,"href":"https:\/\/onlybestminers.com\/ru\/wp-json\/wp\/v2\/product_cat?post=28372"},{"taxonomy":"product_tag","embeddable":true,"href":"https:\/\/onlybestminers.com\/ru\/wp-json\/wp\/v2\/product_tag?post=28372"}],"curies":[{"name":"wp","href":"https:\/\/api.w.org\/{rel}","templated":true}]}}