{"id":30532,"date":"2021-10-07T12:25:03","date_gmt":"2021-10-07T10:25:03","guid":{"rendered":"http:\/\/onlybestminers.com\/produkt\/bitmain-antminer-s19j-pro\/"},"modified":"2024-06-20T13:07:56","modified_gmt":"2024-06-20T11:07:56","slug":"bitmain-antminer-s19j-pro","status":"publish","type":"product","link":"https:\/\/onlybestminers.com\/ru\/produkt\/bitmain-antminer-s19j-pro\/","title":{"rendered":"BITMAIN Antminer S19J Pro"},"content":{"rendered":"<style type=\"text\/css\">.esp_column_description{box-sizing:border-box;margin-bottom:20px}.esp_column_description .section{display:flex;align-items:center;padding-bottom:15px;padding-top:15px}.esp_column_description .item-6{width:50%;float:left;position:relative;min-height:1px}.esp_column_description .item-6:first-child{padding-right:15px}.esp_column_description .item-6:last-child{padding-left:15px}.esp_column_description *,.esp_column_description *::after,.esp_column_description *::before{box-sizing:border-box}.esp_column_description .item-12{width:100%;min-height:1px}.esp_column_description .text-item .header1,.esp_column_description .text-item .header2{display:block;font-weight:500;margin:18px 0}.esp_column_description .text-item p{margin:16px 0;word-wrap:break-word}.esp_column_description .text-item .header1{font-size:24px;line-height:24px}.esp_column_description .text-item .header2{font-size:18px;line-height:18px}.esp_column_description .text-item ol,.description .text-item ul{padding-left:20px;margin:16px 0}.esp_column_description .text-item{width:100%}.esp_column_description .image-item img{display:block;margin-left:auto;margin-right:auto;max-width:100%}<\/style>\n<div class=\"esp_column_description\">\n<section class=\"section\">\n<div class=\"item item-6\">\n<section class=\"image-item\"><img loading=\"lazy\" decoding=\"async\" class=\"alignleft wp-image-10556\" src=\"http:\/\/onlybestminers.com\/wp-content\/uploads\/2021\/10\/73D88D63-B3D4-4A5F-BE9F-CE3E62085619-296x300.jpeg\" alt=\"\" width=\"345\" height=\"349\" srcset=\"https:\/\/onlybestminers.com\/wp-content\/uploads\/2021\/10\/73D88D63-B3D4-4A5F-BE9F-CE3E62085619-296x300.jpeg 296w, https:\/\/onlybestminers.com\/wp-content\/uploads\/2021\/10\/73D88D63-B3D4-4A5F-BE9F-CE3E62085619-1012x1024.jpeg 1012w, https:\/\/onlybestminers.com\/wp-content\/uploads\/2021\/10\/73D88D63-B3D4-4A5F-BE9F-CE3E62085619-768x777.jpeg 768w, https:\/\/onlybestminers.com\/wp-content\/uploads\/2021\/10\/73D88D63-B3D4-4A5F-BE9F-CE3E62085619-600x607.jpeg 600w, https:\/\/onlybestminers.com\/wp-content\/uploads\/2021\/10\/73D88D63-B3D4-4A5F-BE9F-CE3E62085619-100x100.jpeg 100w, https:\/\/onlybestminers.com\/wp-content\/uploads\/2021\/10\/73D88D63-B3D4-4A5F-BE9F-CE3E62085619.jpeg 1170w\" sizes=\"auto, (max-width: 345px) 100vw, 345px\" \/>BESTSELLER! Urz\u0105dzenie roku 2021! Najmocniejsza na \u015bwiecie do wydobycia Bitcoin!<\/section>\n<\/div>\n<div class=\"item item-6\">\n<section class=\"text-item\">BITMAIN &#8211; <b>Antminer S19j Pro<\/b>Moc: <b>104Th\/s 3068W &#8211; 29,5W\/TH!<\/b>Algorytm: <b>SHA-256<\/b>Zasilacz: zintegrowany<\/p>\n<p><b><span style=\"color: #4e76d4;\">Dost\u0119pne:<\/span> 104 th\/s, 100 th\/s, 96 th\/s<\/b>Niesamowita jako\u015b\u0107 od jednego z najlepszych producent\u00f3w koparek.<\/p>\n<p>Bardzo wydajne &#8211; op\u0142acalne wydobycie przy polskich warunkach pr\u0105dowych.<\/p>\n<p>Masz pytania? Zapraszamy do kontaktu oraz sk\u0142adania zam\u00f3wie\u0144.<\/p>\n<p>Pomagamy we <b>WSZYSTKIM, <\/b>mo\u017cesz kompletnie nie znac si\u0119 na kopaniu czy nawet na komputerach \ud83d\ude42<\/p>\n<\/section>\n<\/div>\n<\/section>\n<section class=\"section\">\n<div class=\"item item-6\">\n<section class=\"text-item\"><b>ZAKUP, DOST\u0118PNO\u015a\u0106 TOWARU: tylko na zam\u00f3wienie<\/b>. Mo\u017cliwo\u015b\u0107 auto-kolokacji. <b>KOLOKACJA I HOSTING: <\/b>Kolokacja  &#8211;<b> 0,65 PLN kWh <\/b>w tym WSZYSTKO \u0142\u0105cznie z pe\u0142nym dost\u0119pem do urz\u0105dzenia \ud83d\ude42<b>Umowa <\/b>i <b>p\u0142atno\u015b\u0107 <\/b>(dowolna forma, kochamy ka\u017cde krypto). Na \u017cyczenie podpisujemy umow\u0119 i wystawiamy faktury. Zapraszamy do kontaktu <\/section>\n<\/div>\n<div class=\"item item-6\"><\/div>\n<\/section>\n<section class=\"section\">\n<div class=\"item item-6\">\n<section class=\"image-item\"><img decoding=\"async\" src=\"http:\/\/onlybestminers.com\/kolokacja.jpg\" \/><\/section>\n<\/div>\n<div class=\"item item-6\">\n<section class=\"text-item\">Dlaczego<b> #OnlyBestMiners:<\/b>&#8211; najwi\u0119ksza <b>wiedza i do\u015bwiadczenie<\/b> w ASIC, koparkach kryptowalut;- najwi\u0119kszy <b>wyb\u00f3r urz\u0105dze\u0144<\/b> dost\u0119pnym na miejscu w najkorzystniejszych warunkach cenowych;- profesionalne warunki <b>hostingu i kolokacji<\/b> w Polsce w kilku dogodnych lokalizacjach;- profesionalny, lokalny, na miejscu <b>serwis ASIC w Polsce<\/b> w porozumieniu z naszymi partnerami jak: Bitmain, MicroBT, Innosilicon, inni;- przekazujemy, pe\u0142n\u0105 i praktyczn\u0105 wiedz\u0119. <b>Doradzamy, pomagamy, szkolimy i konfigurujemy.<\/b> Ka\u017cda osoba bez wiedzy o #digitalmining jest w stanie z nami j\u0105 zdoby\u0107 i zacz\u0105\u0107 krypto-przygod\u0119.<\/section>\n<\/div>\n<\/section>\n<\/div>\n<section><\/section>\n<section>Ze wzgl\u0119du na specyfik\u0119 sprzedawanych urz\u0105dze\u0144 nie przys\u0142uguje prawo do odst\u0105pienia od umowy podczas kupowania koparek kryptowalut. Kupuj\u0105c ten przedmiot Kupuj\u0105cy jest \u015bwiadomy oraz potwierdza, \u017ce zosta\u0142 poinformowany o tym, \u017ce zgodnie z Artyku\u0142em 38. Ustawy z dnia 30 maja 2014 roku o prawach konsumenta, po odebraniu sprawnego urz\u0105dzenia traci prawo do odst\u0105pienia od umowy<\/section>\n","protected":false},"excerpt":{"rendered":"[xyz-ips snippet=\"s19pro-110-profit\"]\n","protected":false},"featured_media":20703,"comment_status":"open","ping_status":"closed","template":"","meta":{"_acf_changed":false},"product_brand":[],"product_cat":[983,1009,978,1010],"product_tag":[989,991,1026,1046,1012,1011],"class_list":{"0":"post-30532","1":"product","2":"type-product","3":"status-publish","4":"has-post-thumbnail","6":"product_cat-bitmain-ru","7":"product_cat-sha-256-ru","8":"product_cat---asic","9":"product_cat-1010","10":"product_tag-antminer-ru","11":"product_tag-bitmain-ru","12":"product_tag-btc-ru","13":"product_tag-s19-ru","14":"product_tag-s19-pro-ru","15":"product_tag-sha-256-ru","16":"product_shipping_class-14-dni-ru","18":"first","19":"outofstock","20":"sale","21":"taxable","22":"shipping-taxable","23":"purchasable","24":"product-type-simple"},"acf":[],"_links":{"self":[{"href":"https:\/\/onlybestminers.com\/ru\/wp-json\/wp\/v2\/product\/30532","targetHints":{"allow":["GET"]}}],"collection":[{"href":"https:\/\/onlybestminers.com\/ru\/wp-json\/wp\/v2\/product"}],"about":[{"href":"https:\/\/onlybestminers.com\/ru\/wp-json\/wp\/v2\/types\/product"}],"replies":[{"embeddable":true,"href":"https:\/\/onlybestminers.com\/ru\/wp-json\/wp\/v2\/comments?post=30532"}],"wp:featuredmedia":[{"embeddable":true,"href":"https:\/\/onlybestminers.com\/ru\/wp-json\/wp\/v2\/media\/20703"}],"wp:attachment":[{"href":"https:\/\/onlybestminers.com\/ru\/wp-json\/wp\/v2\/media?parent=30532"}],"wp:term":[{"taxonomy":"product_brand","embeddable":true,"href":"https:\/\/onlybestminers.com\/ru\/wp-json\/wp\/v2\/product_brand?post=30532"},{"taxonomy":"product_cat","embeddable":true,"href":"https:\/\/onlybestminers.com\/ru\/wp-json\/wp\/v2\/product_cat?post=30532"},{"taxonomy":"product_tag","embeddable":true,"href":"https:\/\/onlybestminers.com\/ru\/wp-json\/wp\/v2\/product_tag?post=30532"}],"curies":[{"name":"wp","href":"https:\/\/api.w.org\/{rel}","templated":true}]}}