{"id":34921,"date":"2025-07-07T11:06:18","date_gmt":"2025-07-07T09:06:18","guid":{"rendered":"https:\/\/onlybestminers.com\/produkt\/bitmain-antminer-s19-xp-hydro\/"},"modified":"2025-07-07T11:06:18","modified_gmt":"2025-07-07T09:06:18","slug":"bitmain-antminer-s19-xp-hydro","status":"publish","type":"product","link":"https:\/\/onlybestminers.com\/ru\/produkt\/bitmain-antminer-s19-xp-hydro\/","title":{"rendered":"BITMAIN Antminer S19 XP Hydro"},"content":{"rendered":"<div style=\"background-color: #fff; padding: 30px; border-radius: 12px; box-shadow: 0 10px 30px rgba(0, 0, 0, 0.1); width: 100%; max-width: none; margin: 0; display: flex; flex-direction: column; min-height: 100vh; box-sizing: border-box;\">\n<h2 style=\"margin-bottom: 20px; color: #004080; font-weight: bold;\"><span style=\"color: #0078cd;\">\u041e\u0441\u043d\u043e\u0432\u043d\u044b\u0435 \u043f\u0430\u0440\u0430\u043c\u0435\u0442\u0440\u044b<\/span><\/h2>\n<p dir=\"auto\"><strong><span style=\"color: #000000;\">Bitmain Antminer S19 XP &#8211; \u044d\u0442\u043e \u043f\u0435\u0440\u0435\u0434\u043e\u0432\u043e\u0439 ASIC-\u043a\u043e\u043f\u0438\u0440, \u043f\u0440\u0435\u0434\u043d\u0430\u0437\u043d\u0430\u0447\u0435\u043d\u043d\u044b\u0439 \u0434\u043b\u044f \u0434\u043e\u0431\u044b\u0447\u0438 \u043a\u0440\u0438\u043f\u0442\u043e\u0432\u0430\u043b\u044e\u0442 \u043d\u0430 \u043e\u0441\u043d\u043e\u0432\u0435 SHA-256, \u0442\u0430\u043a\u0438\u0445 \u043a\u0430\u043a Bitcoin (BTC). \u041e\u043d \u043e\u0431\u0435\u0441\u043f\u0435\u0447\u0438\u0432\u0430\u0435\u0442 \u0432\u044b\u0441\u043e\u043a\u0443\u044e \u043c\u043e\u0449\u043d\u043e\u0441\u0442\u044c \u0445\u044d\u0448\u0438\u0440\u043e\u0432\u0430\u043d\u0438\u044f 257 TH\/s \u043f\u0440\u0438 \u044d\u043d\u0435\u0440\u0433\u043e\u043f\u043e\u0442\u0440\u0435\u0431\u043b\u0435\u043d\u0438\u0438 \u043e\u043a\u043e\u043b\u043e 5350 \u0412\u0442, \u0447\u0442\u043e \u0434\u0435\u043b\u0430\u0435\u0442 \u0435\u0433\u043e \u043e\u0434\u043d\u0438\u043c \u0438\u0437 \u0441\u0430\u043c\u044b\u0445 \u044d\u0444\u0444\u0435\u043a\u0442\u0438\u0432\u043d\u044b\u0445 \u044d\u043a\u0441\u043a\u0430\u0432\u0430\u0442\u043e\u0440\u043e\u0432 \u043d\u0430 \u0440\u044b\u043d\u043a\u0435. <\/span><\/strong><\/p>\n<table style=\"width: 100%; border-collapse: collapse; margin-bottom: 20px; background-color: #fff; border-radius: 8px; box-shadow: 2px 2px 5px rgba(0,0,0,0.02); overflow: hidden;\">\n<tbody>\n<tr>\n<th style=\"padding: 12px; text-align: left; border-bottom: 1px solid #e0e0e0; background-color: #d3d3d3; font-weight: bold; color: #004080;\"><span style=\"color: #0078cd;\">\u041f\u0430\u0440\u0430\u043c\u0435\u0442\u0440<\/span><\/th>\n<th style=\"padding: 12px; text-align: left; border-bottom: 1px solid #e0e0e0; background-color: #d3d3d3; font-weight: bold; color: #004080;\"><span style=\"color: #0078cd;\">\u0412\u0435\u0440\u0441\u0438\u044f 257T<\/span><\/th>\n<\/tr>\n<tr>\n<td style=\"padding: 12px; text-align: left; border-bottom: 1px solid #e0e0e0;\">\u0410\u043b\u0433\u043e\u0440\u0438\u0442\u043c<\/td>\n<td style=\"padding: 12px; text-align: left; border-bottom: 1px solid #e0e0e0;\">SHA-256<\/td>\n<\/tr>\n<tr>\n<td style=\"padding: 12px; text-align: left; border-bottom: 1px solid #e0e0e0;\">\u041c\u043e\u0449\u043d\u043e\u0441\u0442\u044c \u0445\u044d\u0448\u0438\u0440\u043e\u0432\u0430\u043d\u0438\u044f<\/td>\n<td style=\"padding: 12px; text-align: left; border-bottom: 1px solid #e0e0e0;\">257 TH\/s<\/td>\n<\/tr>\n<tr>\n<td style=\"padding: 12px; text-align: left; border-bottom: 1px solid #e0e0e0;\">\u041f\u043e\u0442\u0440\u0435\u0431\u043b\u044f\u0435\u043c\u0430\u044f \u043c\u043e\u0449\u043d\u043e\u0441\u0442\u044c<\/td>\n<td style=\"padding: 12px; text-align: left; border-bottom: 1px solid #e0e0e0;\">5350 W<\/td>\n<\/tr>\n<tr>\n<td style=\"padding: 12px; text-align: left; border-bottom: 1px solid #e0e0e0;\">\u042d\u043d\u0435\u0440\u0433\u043e\u044d\u0444\u0444\u0435\u043a\u0442\u0438\u0432\u043d\u043e\u0441\u0442\u044c<\/td>\n<td style=\"padding: 12px; text-align: left; border-bottom: 1px solid #e0e0e0;\">20.8 \u0414\u0416\/\u0422\u041d<\/td>\n<\/tr>\n<tr>\n<td style=\"padding: 12px; text-align: left; border-bottom: 1px solid #e0e0e0;\">\u041f\u0440\u043e\u0438\u0437\u0432\u043e\u0434\u0438\u0442\u0435\u043b\u044c<\/td>\n<td style=\"padding: 12px; text-align: left; border-bottom: 1px solid #e0e0e0;\">Bitmain<\/td>\n<\/tr>\n<tr>\n<td style=\"padding: 12px; text-align: left; border-bottom: 1px solid #e0e0e0;\">\u041c\u043e\u0434\u0435\u043b\u044c<\/td>\n<td style=\"padding: 12px; text-align: left; border-bottom: 1px solid #e0e0e0;\">Antminer S19 XP<\/td>\n<\/tr>\n<\/tbody>\n<\/table>\n<div style=\"margin-bottom: 20px; padding: 15px; background-color: #fff; border-radius: 8px; box-shadow: 0 10px 30px rgba(0, 0, 0, 0.1); display: flex;\">\n<div style=\"flex: 1;\">\n<h2 style=\"margin-bottom: 20px; color: #004080; font-weight: bold;\"><span style=\"color: #0078cd;\">\u0422\u0435\u0445\u043d\u0438\u0447\u0435\u0441\u043a\u0438\u0435 \u0445\u0430\u0440\u0430\u043a\u0442\u0435\u0440\u0438\u0441\u0442\u0438\u043a\u0438<\/span><\/h2>\n<ul style=\"list-style-type: disc; padding-left: 25px; margin-bottom: 20px;\">\n<li style=\"margin-bottom: 8px;\">\u041f\u043e\u0434\u0434\u0435\u0440\u0436\u0438\u0432\u0430\u0435\u043c\u044b\u0435 \u043a\u0440\u0438\u043f\u0442\u043e\u0432\u0430\u043b\u044e\u0442\u044b: \u0411\u0438\u0442\u043a\u043e\u0439\u043d (BTC)<\/li>\n<li style=\"margin-bottom: 8px;\">\u0418\u0441\u0442\u043e\u0447\u043d\u0438\u043a \u043f\u0438\u0442\u0430\u043d\u0438\u044f: \u0412\u0441\u0442\u0440\u043e\u0435\u043d\u043d\u044b\u0439<\/li>\n<li style=\"margin-bottom: 8px;\">\u041e\u0445\u043b\u0430\u0436\u0434\u0435\u043d\u0438\u0435: \u0412\u043e\u0437\u0434\u0443\u0445<\/li>\n<li style=\"margin-bottom: 8px;\">\u0421\u0435\u0442\u0435\u0432\u043e\u0435 \u043f\u043e\u0434\u043a\u043b\u044e\u0447\u0435\u043d\u0438\u0435: RJ45 Ethernet 10\/100M<\/li>\n<li style=\"margin-bottom: 8px;\">\u041f\u0440\u043e\u0438\u0437\u0432\u043e\u0434\u0438\u0442\u0435\u043b\u044c: Bitmain<\/li>\n<li style=\"margin-bottom: 8px;\">\u041c\u043e\u0434\u0435\u043b\u044c: Antminer S19 XP (257T)<\/li>\n<li style=\"margin-bottom: 8px;\">\u0420\u0430\u0437\u043c\u0435\u0440: 400 x 195 x 290 \u043c\u043c<\/li>\n<li style=\"margin-bottom: 8px;\">\u0412\u0435\u0441: 14.4 \u043a\u0433<\/li>\n<li style=\"margin-bottom: 8px;\">\u0423\u0440\u043e\u0432\u0435\u043d\u044c \u0448\u0443\u043c\u0430: 75 \u0434\u0411<\/li>\n<li style=\"margin-bottom: 8px;\">\u0412\u0435\u043d\u0442\u0438\u043b\u044f\u0442\u043e\u0440(\u044b): 4<\/li>\n<li style=\"margin-bottom: 8px;\">\u041c\u043e\u0449\u043d\u043e\u0441\u0442\u044c: 5350 \u0412\u0442<\/li>\n<li style=\"margin-bottom: 8px;\">\u0418\u043d\u0442\u0435\u0440\u0444\u0435\u0439\u0441: Ethernet<\/li>\n<li style=\"margin-bottom: 8px;\">\u0422\u0435\u043c\u043f\u0435\u0440\u0430\u0442\u0443\u0440\u0430: 5 &#8211; 40 \u00b0C<\/li>\n<li style=\"margin-bottom: 8px;\">\u0412\u043b\u0430\u0436\u043d\u043e\u0441\u0442\u044c: 5 &#8211; 95 %<\/li>\n<\/ul>\n<\/div>\n<p><img decoding=\"async\" style=\"flex: 1; max-height: 472.5px; object-fit: contain; align-self: flex-start; margin-left: 20px;\" src=\"https:\/\/onlybestminers.com\/wp-content\/uploads\/2025\/05\/WeChat-Image_20250512121854.png\" alt=\"Antminer S19\"><\/p>\n<\/div>\n<div style=\"margin-bottom: 20px; padding: 15px; background-color: #fff; border-radius: 8px; box-shadow: 0 10px 30px rgba(0, 0, 0, 0.1);\">\n<h2 style=\"margin-bottom: 15px; color: #004080; font-weight: bold;\"><span style=\"color: #0078cd;\">\u0414\u043e\u043f\u043e\u043b\u043d\u0438\u0442\u0435\u043b\u044c\u043d\u0430\u044f \u0438\u043d\u0444\u043e\u0440\u043c\u0430\u0446\u0438\u044f<\/span><\/h2>\n<ul style=\"list-style-type: disc; padding-left: 25px; margin-bottom: 15px;\">\n<li style=\"margin-bottom: 5px;\">\u0413\u0430\u0440\u0430\u043d\u0442\u0438\u044f: 180 \u0434\u043d\u0435\u0439 (\u043f\u0440\u043e\u0438\u0437\u0432\u043e\u0434\u0438\u0442\u0435\u043b\u044c)<\/li>\n<li style=\"margin-bottom: 5px;\">\u0421\u043e\u0441\u0442\u043e\u044f\u043d\u0438\u0435 \u043f\u0440\u043e\u0434\u0443\u043a\u0442\u0430: \u041d\u043e\u0432\u044b\u0439<\/li>\n<\/ul>\n<\/div>\n<div style=\"margin-bottom: 20px; padding: 15px; background-color: #fff; border-radius: 8px; box-shadow: 0 10px 30px rgba(0, 0, 0, 0.1);\">\n<h3 style=\"margin-bottom: 15px; color: #004080; font-weight: bold;\"><span style=\"color: #0078cd;\">\u041f\u043e\u0447\u0435\u043c\u0443 Bitmain Antminer S19 XP?<\/span><\/h3>\n<ul style=\"list-style-type: disc; padding-left: 25px; margin-bottom: 15px;\">\n<li style=\"margin-bottom: 5px;\">\u0412\u044b\u0441\u043e\u043a\u0430\u044f \u043f\u0440\u043e\u0438\u0437\u0432\u043e\u0434\u0438\u0442\u0435\u043b\u044c\u043d\u043e\u0441\u0442\u044c \u0445\u044d\u0448\u0438\u0440\u043e\u0432\u0430\u043d\u0438\u044f<\/li>\n<li style=\"margin-bottom: 5px;\">\u042d\u0444\u0444\u0435\u043a\u0442\u0438\u0432\u043d\u043e\u0435 \u043e\u0445\u043b\u0430\u0436\u0434\u0435\u043d\u0438\u0435 \u0432\u043e\u0437\u0434\u0443\u0445\u0430<\/li>\n<li style=\"margin-bottom: 5px;\">\u041f\u0440\u043e\u0432\u0435\u0440\u0435\u043d\u043d\u044b\u0439 \u0431\u0440\u0435\u043d\u0434<\/li>\n<\/ul>\n<p style=\"margin-bottom: 10px;\"><span style=\"color: #000000;\">\u0417\u0430\u043a\u0430\u0436\u0438\u0442\u0435 \u0441\u0435\u0433\u043e\u0434\u043d\u044f \u0438 \u043d\u0430\u0447\u043d\u0438\u0442\u0435 \u0434\u043e\u0431\u044b\u0432\u0430\u0442\u044c \u0441 Antminer S19 XP!<\/span><\/p>\n<p style=\"margin-bottom: 10px;\"><span style=\"color: #000000;\">\u0422\u0435\u0445\u043d\u0438\u0447\u0435\u0441\u043a\u0438\u0435 \u0445\u0430\u0440\u0430\u043a\u0442\u0435\u0440\u0438\u0441\u0442\u0438\u043a\u0438 \u043c\u043e\u0433\u0443\u0442 \u043e\u0442\u043b\u0438\u0447\u0430\u0442\u044c\u0441\u044f \u043e\u0442 \u043f\u0430\u0440\u0442\u0438\u0438 \u043a \u043f\u0430\u0440\u0442\u0438\u0438. \u041f\u0440\u043e\u043a\u043e\u043d\u0441\u0443\u043b\u044c\u0442\u0438\u0440\u0443\u0439\u0442\u0435\u0441\u044c \u0441 \u0412\u0430\u0448\u0438\u043c \u043f\u043e\u0441\u0442\u0430\u0432\u0449\u0438\u043a\u043e\u043c \u043f\u0435\u0440\u0435\u0434 \u043f\u043e\u043a\u0443\u043f\u043a\u043e\u0439. <\/span><\/p>\n<\/div>\n<div style=\"margin-bottom: 20px; padding: 15px; background-color: #fff; border-radius: 8px; box-shadow: 0 10px 30px rgba(0, 0, 0, 0.1);\">\n<h2 style=\"margin-bottom: 15px; color: #004080; font-weight: bold;\"><span style=\"color: #0078cd;\">\u041d\u0430\u0447\u043d\u0438\u0442\u0435 \u0441\u0432\u043e\u0435 \u043a\u0440\u0438\u043f\u0442\u043e\u0432\u0430\u043b\u044e\u0442\u043d\u043e\u0435 \u043f\u0440\u0438\u043a\u043b\u044e\u0447\u0435\u043d\u0438\u0435 \u0441\u0435\u0433\u043e\u0434\u043d\u044f!<\/span><\/h2>\n<p style=\"margin-bottom: 10px;\"><span style=\"color: #000000;\">\u042d\u0442\u043e\u0442 \u0437\u0430\u043c\u0435\u0447\u0430\u0442\u0435\u043b\u044c\u043d\u044b\u0439 \u0438\u043d\u0441\u0442\u0440\u0443\u043c\u0435\u043d\u0442 &#8211; \u043d\u0435 \u043f\u0440\u043e\u0441\u0442\u043e \u044d\u043a\u0441\u043a\u0430\u0432\u0430\u0442\u043e\u0440, \u044d\u0442\u043e \u0438\u043d\u043d\u043e\u0432\u0430\u0446\u0438\u043e\u043d\u043d\u0430\u044f \u043c\u0430\u0448\u0438\u043d\u0430, \u043a\u043e\u0442\u043e\u0440\u0430\u044f \u0438\u0437\u043c\u0435\u043d\u0438\u0442 \u0412\u0430\u0448 \u0432\u0437\u0433\u043b\u044f\u0434 \u043d\u0430 \u0441\u0432\u043e\u0438 \u0444\u0438\u043d\u0430\u043d\u0441\u044b.<\/span><\/p>\n<p style=\"margin-bottom: 10px;\"><span style=\"color: #000000;\">\u041e\u0441\u043d\u0430\u0449\u0435\u043d\u043d\u044b\u0439 \u0441\u0430\u043c\u044b\u043c\u0438 \u0441\u043e\u0432\u0440\u0435\u043c\u0435\u043d\u043d\u044b\u043c\u0438 \u0442\u0435\u0445\u043d\u043e\u043b\u043e\u0433\u0438\u044f\u043c\u0438, \u044d\u0442\u043e\u0442 \u044d\u043a\u0441\u043a\u0430\u0432\u0430\u0442\u043e\u0440 &#8211; \u043d\u0430\u0441\u0442\u043e\u044f\u0449\u0438\u0439 \u043c\u043e\u043d\u0441\u0442\u0440 \u043f\u0440\u043e\u0438\u0437\u0432\u043e\u0434\u0438\u0442\u0435\u043b\u044c\u043d\u043e\u0441\u0442\u0438. \ud83c\udfc6<\/span><\/p>\n<p style=\"margin-bottom: 10px;\"><span style=\"color: #000000;\">\u0421\u0434\u0435\u043b\u0430\u0439\u0442\u0435 \u0441\u0442\u0430\u0432\u043a\u0443 \u0438 \u043e\u043a\u0430\u0436\u0438\u0442\u0435\u0441\u044c \u043d\u0430 \u0432\u0435\u0440\u0448\u0438\u043d\u0435 \u044d\u0442\u043e\u0439 \u0433\u043e\u0440\u044f\u0447\u0435\u0439 \u0438\u043d\u0432\u0435\u0441\u0442\u0438\u0446\u0438\u043e\u043d\u043d\u043e\u0439 \u0432\u043e\u043b\u043d\u044b, \u0432\u043e\u0441\u043f\u043e\u043b\u044c\u0437\u043e\u0432\u0430\u0432\u0448\u0438\u0441\u044c \u0432\u043e\u0437\u043c\u043e\u0436\u043d\u043e\u0441\u0442\u044f\u043c\u0438, \u043a\u043e\u0442\u043e\u0440\u044b\u0435 \u043f\u0440\u0435\u0434\u043b\u0430\u0433\u0430\u0435\u0442 \u044d\u043a\u0441\u043a\u0430\u0432\u0430\u0442\u043e\u0440.<\/span><\/p>\n<p style=\"margin-bottom: 10px;\"><span style=\"color: #000000;\">\u0413\u043e\u0442\u043e\u0432\u044b \u043a \u043f\u0443\u0442\u0435\u0448\u0435\u0441\u0442\u0432\u0438\u044e \u0432 \u043c\u0438\u0440 \u0446\u0438\u0444\u0440\u043e\u0432\u044b\u0445 \u0431\u043e\u0433\u0430\u0442\u0441\u0442\u0432? \ud83d\udcb0<\/span><\/p>\n<\/div>\n<div style=\"margin-bottom: 20px; padding: 15px; background-color: #fff; border-radius: 8px; box-shadow: 0 10px 30px rgba(0, 0, 0, 0.1);\">\n<h2 style=\"margin-bottom: 15px; color: #004080; font-weight: bold;\"><span style=\"color: #0078cd;\">\u041f\u043e\u0447\u0435\u043c\u0443 #OnlyBestMiners?<\/span><\/h2>\n<ul style=\"list-style-type: disc; padding-left: 25px; margin-bottom: 15px;\">\n<li style=\"margin-bottom: 5px;\"><span style=\"color: #000000;\">\u0421\u0430\u043c\u044b\u0435 \u0431\u043e\u043b\u044c\u0448\u0438\u0435 \u0437\u043d\u0430\u043d\u0438\u044f \u0438 \u043e\u043f\u044b\u0442 \u0432 \u043e\u0431\u043b\u0430\u0441\u0442\u0438 ASIC, \u043a\u0440\u0438\u043f\u0442\u043e\u0432\u0430\u043b\u044e\u0442\u043d\u044b\u0445 \u043c\u0430\u0439\u043d\u0435\u0440\u043e\u0432<\/span><\/li>\n<li style=\"margin-bottom: 5px;\"><span style=\"color: #000000;\">\u0421\u0430\u043c\u044b\u0439 \u0431\u043e\u043b\u044c\u0448\u043e\u0439 \u0432\u044b\u0431\u043e\u0440 \u043e\u0431\u043e\u0440\u0443\u0434\u043e\u0432\u0430\u043d\u0438\u044f, \u0434\u043e\u0441\u0442\u0443\u043f\u043d\u043e\u0433\u043e \u043d\u0430 \u043c\u0435\u0441\u0442\u0435, \u043f\u043e \u0441\u0430\u043c\u044b\u043c \u0432\u044b\u0433\u043e\u0434\u043d\u044b\u043c \u0446\u0435\u043d\u0430\u043c<\/span><\/li>\n<li style=\"margin-bottom: 5px;\"><span style=\"color: #000000;\">\u041f\u0440\u043e\u0444\u0435\u0441\u0441\u0438\u043e\u043d\u0430\u043b\u044c\u043d\u044b\u0435 \u0443\u0441\u043b\u043e\u0432\u0438\u044f \u0440\u0430\u0437\u043c\u0435\u0449\u0435\u043d\u0438\u044f \u0432 \u041f\u043e\u043b\u044c\u0448\u0435 \u0432 \u043d\u0435\u0441\u043a\u043e\u043b\u044c\u043a\u0438\u0445 \u0443\u0434\u043e\u0431\u043d\u044b\u0445 \u043c\u0435\u0441\u0442\u0430\u0445<\/span><\/li>\n<li style=\"margin-bottom: 5px;\"><span style=\"color: #000000;\">\u041f\u0440\u043e\u0444\u0435\u0441\u0441\u0438\u043e\u043d\u0430\u043b\u044c\u043d\u044b\u0439 \u043b\u043e\u043a\u0430\u043b\u044c\u043d\u044b\u0439 ASIC-\u0441\u0435\u0440\u0432\u0438\u0441 \u043f\u043e \u0441\u043e\u0433\u043b\u0430\u0441\u043e\u0432\u0430\u043d\u0438\u044e \u0441 \u043f\u0430\u0440\u0442\u043d\u0435\u0440\u0430\u043c\u0438: Bitmain, MicroBT, Innosilicon<\/span><\/li>\n<li style=\"margin-bottom: 5px;\"><span style=\"color: #000000;\">\u041f\u043e\u043b\u043d\u0430\u044f \u043f\u043e\u0434\u0434\u0435\u0440\u0436\u043a\u0430 &#8211; \u0441\u043e\u0432\u0435\u0442\u044b, \u043e\u0431\u0443\u0447\u0435\u043d\u0438\u0435 \u0438 \u043d\u0430\u0441\u0442\u0440\u043e\u0439\u043a\u0430 \u0434\u0430\u0436\u0435 \u0434\u043b\u044f \u043d\u043e\u0432\u0438\u0447\u043a\u043e\u0432<\/span><\/li>\n<\/ul>\n<\/div>\n<div style=\"padding: 15px; background-color: #fff; border-radius: 8px; box-shadow: 0 10px 30px rgba(0, 0, 0, 0.1);\">\n<h2 style=\"contribui\u00e7\u00e3o para a comunidade de c\u00f3digo aberto, aumentando a transpar\u00eancia e a colabora\u00e7\u00e3o no desenvolvimento de software. margin-bottom: 15px; color: #004080; font-weight: bold;\"><span style=\"color: #0078cd;\">\u0423 \u0432\u0430\u0441 \u0435\u0441\u0442\u044c \u0432\u043e\u043f\u0440\u043e\u0441\u044b?<\/span><\/h2>\n<p style=\"margin-bottom: 10px;\"><span style=\"color: #000000;\">\u0421\u0432\u044f\u0436\u0438\u0442\u0435\u0441\u044c \u0441 \u043d\u0430\u043c\u0438 \u043f\u043e \u0444\u043e\u0440\u043c\u0435 \u0438\u043b\u0438 \u043f\u043e \u0442\u0435\u043b\u0435\u0444\u043e\u043d\u0443 &#8211; \u043c\u044b \u043f\u043e\u043c\u043e\u0436\u0435\u043c \u0412\u0430\u043c \u0432\u044b\u0431\u0440\u0430\u0442\u044c \u043f\u043e\u0434\u0445\u043e\u0434\u044f\u0449\u0443\u044e \u0432\u0435\u0440\u0441\u0438\u044e!<\/span><\/p>\n<\/div>\n<\/div>\n","protected":false},"excerpt":{"rendered":"<p>\u041e\u0441\u043d\u043e\u0432\u043d\u044b\u0435 \u043f\u0430\u0440\u0430\u043c\u0435\u0442\u0440\u044b Bitmain Antminer S19 XP &#8211; \u044d\u0442\u043e \u043f\u0435\u0440\u0435\u0434\u043e\u0432\u043e\u0439 ASIC-\u043a\u043e\u043f\u0438\u0440, \u043f\u0440\u0435\u0434\u043d\u0430\u0437\u043d\u0430\u0447\u0435\u043d\u043d\u044b\u0439 \u0434\u043b\u044f \u0434\u043e\u0431\u044b\u0447\u0438 \u043a\u0440\u0438\u043f\u0442\u043e\u0432\u0430\u043b\u044e\u0442 \u043d\u0430 \u043e\u0441\u043d\u043e\u0432\u0435 SHA-256, \u0442\u0430\u043a\u0438\u0445 \u043a\u0430\u043a Bitcoin (BTC). \u041e\u043d \u043e\u0431\u0435\u0441\u043f\u0435\u0447\u0438\u0432\u0430\u0435\u0442 \u0432\u044b\u0441\u043e\u043a\u0443\u044e \u043c\u043e\u0449\u043d\u043e\u0441\u0442\u044c \u0445\u044d\u0448\u0438\u0440\u043e\u0432\u0430\u043d\u0438\u044f 257 TH\/s \u043f\u0440\u0438 \u044d\u043d\u0435\u0440\u0433\u043e\u043f\u043e\u0442\u0440\u0435\u0431\u043b\u0435\u043d\u0438\u0438<\/p>\n","protected":false},"featured_media":32965,"comment_status":"open","ping_status":"closed","template":"","meta":{"_acf_changed":false},"product_brand":[],"product_cat":[983,1565,1009,1563,1564,978,1010,1061],"product_tag":[989,991,1026,1011,1567,1047],"class_list":{"0":"post-34921","1":"product","2":"type-product","3":"status-publish","4":"has-post-thumbnail","6":"product_cat-bitmain-ru","7":"product_cat-hydro","8":"product_cat-sha-256-ru","9":"product_cat-sha-256-btc","10":"product_cat---hydro-asic","11":"product_cat---asic","12":"product_cat-1010","13":"product_cat-1061","14":"product_tag-antminer-ru","15":"product_tag-bitmain-ru","16":"product_tag-btc-ru","17":"product_tag-sha-256-ru","18":"product_tag-1567","19":"product_tag-1047","20":"product_shipping_class-7-dni-ru","22":"first","23":"instock","24":"taxable","25":"shipping-taxable","26":"purchasable","27":"product-type-simple"},"acf":[],"_links":{"self":[{"href":"https:\/\/onlybestminers.com\/ru\/wp-json\/wp\/v2\/product\/34921","targetHints":{"allow":["GET"]}}],"collection":[{"href":"https:\/\/onlybestminers.com\/ru\/wp-json\/wp\/v2\/product"}],"about":[{"href":"https:\/\/onlybestminers.com\/ru\/wp-json\/wp\/v2\/types\/product"}],"replies":[{"embeddable":true,"href":"https:\/\/onlybestminers.com\/ru\/wp-json\/wp\/v2\/comments?post=34921"}],"wp:featuredmedia":[{"embeddable":true,"href":"https:\/\/onlybestminers.com\/ru\/wp-json\/wp\/v2\/media\/32965"}],"wp:attachment":[{"href":"https:\/\/onlybestminers.com\/ru\/wp-json\/wp\/v2\/media?parent=34921"}],"wp:term":[{"taxonomy":"product_brand","embeddable":true,"href":"https:\/\/onlybestminers.com\/ru\/wp-json\/wp\/v2\/product_brand?post=34921"},{"taxonomy":"product_cat","embeddable":true,"href":"https:\/\/onlybestminers.com\/ru\/wp-json\/wp\/v2\/product_cat?post=34921"},{"taxonomy":"product_tag","embeddable":true,"href":"https:\/\/onlybestminers.com\/ru\/wp-json\/wp\/v2\/product_tag?post=34921"}],"curies":[{"name":"wp","href":"https:\/\/api.w.org\/{rel}","templated":true}]}}